{"id":1336610,"date":"2020-10-16T11:36:27","date_gmt":"2020-10-16T09:36:27","guid":{"rendered":"https:\/\/laboklin.de\/leistungen\/genetik\/erbkrankheiten\/hund\/episodic-falling-ef\/"},"modified":"2025-02-05T12:55:58","modified_gmt":"2025-02-05T11:55:58","slug":"episodic-falling-ef","status":"publish","type":"page","link":"https:\/\/laboklin.de\/de-at\/leistungen\/genetik\/erbkrankheiten\/hund\/episodic-falling-ef\/","title":{"rendered":"Episodic falling (EF)"},"content":{"rendered":"<h3 class=\"csc-firstHeader\">Episodic falling (EF)<\/h3><p><span>LABOKLIN Leistungs-ID: 8202<\/span><\/p><p class=\"bodytext\">Episodic Falling ist charakterisiert durch Anf\u00e4lle, in deren Verlauf es zur Steifheit der Beine, einem typischen \u201cPirschgang\u201d bis hin zum Kollaps kommt. Diese Anf\u00e4lle werden durch Anstrengung, Stress oder Aufregung ausgel\u00f6st. Die klinischen Symptome variieren in ihrer Schwere. Erste Anf\u00e4lle treten im Alter zwischen 14 Wochen und 4 Jahren auf.<\/p><table class=\"tx-laboklinleistung-table contenttable contenttable-2\" style=\"margin-top: 35px;\"><tr><td class=\"td-0\"><strong>Methode<\/strong><\/td><td class=\"td-1\"><p class=\"bodytext\">Fragmentl\u00e4ngenanalyse<\/p><\/td><\/tr><tr><td class=\"td-0\"><strong>Rasse<\/strong><\/td><td class=\"td-1\"><p class=\"bodytext\">Cavalier King Charles Spaniel, Cavapoo, King Charles Spaniel<\/p><\/td><\/tr><tr><td class=\"td-0\"><strong>Erbgang<\/strong><\/td><td class=\"td-1\"><p class=\"bodytext\">autosomal-rezessiv<\/p><\/td><\/tr><tr><td class=\"td-0\"><strong>Dauer<\/strong><\/td><td class=\"td-1\"><p class=\"bodytext\">1 - 2 Wochen nach Erhalt der Probe<\/p><\/td><\/tr><\/table>\n","protected":false},"excerpt":{"rendered":"<p>Episodic falling (EF)LABOKLIN Leistungs-ID: 8202Episodic Falling ist charakterisiert durch Anf\u00e4lle, in deren Verlauf es zur Steifheit der Beine, einem typischen \u201cPirschgang\u201d bis hin zum Kollaps kommt. Diese Anf\u00e4lle werden durch Anstrengung, Stress oder Aufregung ausgel\u00f6st. Die klinischen Symptome variieren in ihrer Schwere. Erste Anf\u00e4lle treten im Alter zwischen 14 Wochen und 4 Jahren auf.MethodeFragmentl\u00e4ngenanalyseRasseCavalier King&hellip;<\/p>\n","protected":false},"author":1,"featured_media":0,"parent":1332701,"menu_order":136,"comment_status":"closed","ping_status":"closed","template":"","meta":{"_seopress_robots_primary_cat":"","_seopress_titles_title":"","_seopress_titles_desc":"","_seopress_robots_index":"","footnotes":""},"class_list":["post-1336610","page","type-page","status-publish","hentry","description-off"],"_links":{"self":[{"href":"https:\/\/laboklin.de\/de-at\/wp-json\/wp\/v2\/pages\/1336610","targetHints":{"allow":["GET"]}}],"collection":[{"href":"https:\/\/laboklin.de\/de-at\/wp-json\/wp\/v2\/pages"}],"about":[{"href":"https:\/\/laboklin.de\/de-at\/wp-json\/wp\/v2\/types\/page"}],"author":[{"embeddable":true,"href":"https:\/\/laboklin.de\/de-at\/wp-json\/wp\/v2\/users\/1"}],"replies":[{"embeddable":true,"href":"https:\/\/laboklin.de\/de-at\/wp-json\/wp\/v2\/comments?post=1336610"}],"version-history":[{"count":1,"href":"https:\/\/laboklin.de\/de-at\/wp-json\/wp\/v2\/pages\/1336610\/revisions"}],"predecessor-version":[{"id":1506990,"href":"https:\/\/laboklin.de\/de-at\/wp-json\/wp\/v2\/pages\/1336610\/revisions\/1506990"}],"up":[{"embeddable":true,"href":"https:\/\/laboklin.de\/de-at\/wp-json\/wp\/v2\/pages\/1332701"}],"wp:attachment":[{"href":"https:\/\/laboklin.de\/de-at\/wp-json\/wp\/v2\/media?parent=1336610"}],"curies":[{"name":"wp","href":"https:\/\/api.w.org\/{rel}","templated":true}]}}