{"id":1336605,"date":"2020-10-16T11:36:27","date_gmt":"2020-10-16T09:36:27","guid":{"rendered":"https:\/\/laboklin.de\/leistungen\/genetik\/erbkrankheiten\/hund\/achromatopsie-tagblindheit-achm\/"},"modified":"2025-02-05T11:26:28","modified_gmt":"2025-02-05T10:26:28","slug":"achromatopsie-tagblindheit-achm","status":"publish","type":"page","link":"https:\/\/laboklin.de\/de-at\/leistungen\/genetik\/erbkrankheiten\/hund\/achromatopsie-tagblindheit-achm\/","title":{"rendered":"Achromatopsie (Tagblindheit) (ACHM)"},"content":{"rendered":"<h3 class=\"csc-firstHeader\">Achromatopsie (Tagblindheit) (ACHM)<\/h3><p><span>LABOKLIN Leistungs-ID: 8166<\/span><\/p><p class=\"bodytext\">Achromatopsie ACHM ist eine Erkrankung, bei der die f\u00fcr das Farbsehen verantwortlichen Zapfenzellen der Retina nicht richtig gebildet werden. Diese Zellen sind f\u00fcr das Sehen bei hellem Tageslicht wichtig, weshalb die Krankheit auch \u201eTagblindheit\u201c genannt wird. <br \/>\r\nErste Symptome zeigen betroffene Hunde bereits mit 8 - 10 Wochen. Die Hunde sind nicht im Stande, bei Tageslicht zu sehen. Sie vermeiden grelles Licht, da es Schmerzen verursachen kann. Bei schwachen Lichtverh\u00e4ltnissen ist das Sehverm\u00f6gen nicht beeintr\u00e4chtigt und vergleichbar mit dem von normalen Hunden.<\/p><table class=\"tx-laboklinleistung-table contenttable contenttable-2\" style=\"margin-top: 35px;\"><tr><td class=\"td-0\"><strong>Methode<\/strong><\/td><td class=\"td-1\"><p class=\"bodytext\">Sequenzierung<\/p><\/td><\/tr><tr><td class=\"td-0\"><strong>Rasse<\/strong><\/td><td class=\"td-1\"><p class=\"bodytext\">Australian-Labradoodle (Cobberdog), Deutscher Sch\u00e4ferhund, Labradoodle, Labrador Retriever<\/p><\/td><\/tr><tr><td class=\"td-0\"><strong>Erbgang<\/strong><\/td><td class=\"td-1\"><p class=\"bodytext\">autosomal-rezessiv<\/p><\/td><\/tr><tr><td class=\"td-0\"><strong>Dauer<\/strong><\/td><td class=\"td-1\"><p class=\"bodytext\">1 - 2 Wochen nach Erhalt der Probe<\/p><\/td><\/tr><\/table>\n","protected":false},"excerpt":{"rendered":"<p>Achromatopsie (Tagblindheit) (ACHM)LABOKLIN Leistungs-ID: 8166Achromatopsie ACHM ist eine Erkrankung, bei der die f\u00fcr das Farbsehen verantwortlichen Zapfenzellen der Retina nicht richtig gebildet werden. Diese Zellen sind f\u00fcr das Sehen bei hellem Tageslicht wichtig, weshalb die Krankheit auch \u201eTagblindheit\u201c genannt wird. Erste Symptome zeigen betroffene Hunde bereits mit 8 &#8211; 10 Wochen. Die Hunde sind nicht&hellip;<\/p>\n","protected":false},"author":1,"featured_media":0,"parent":1332701,"menu_order":133,"comment_status":"closed","ping_status":"closed","template":"","meta":{"_seopress_robots_primary_cat":"","_seopress_titles_title":"","_seopress_titles_desc":"","_seopress_robots_index":"","footnotes":""},"class_list":["post-1336605","page","type-page","status-publish","hentry","description-off"],"_links":{"self":[{"href":"https:\/\/laboklin.de\/de-at\/wp-json\/wp\/v2\/pages\/1336605","targetHints":{"allow":["GET"]}}],"collection":[{"href":"https:\/\/laboklin.de\/de-at\/wp-json\/wp\/v2\/pages"}],"about":[{"href":"https:\/\/laboklin.de\/de-at\/wp-json\/wp\/v2\/types\/page"}],"author":[{"embeddable":true,"href":"https:\/\/laboklin.de\/de-at\/wp-json\/wp\/v2\/users\/1"}],"replies":[{"embeddable":true,"href":"https:\/\/laboklin.de\/de-at\/wp-json\/wp\/v2\/comments?post=1336605"}],"version-history":[{"count":1,"href":"https:\/\/laboklin.de\/de-at\/wp-json\/wp\/v2\/pages\/1336605\/revisions"}],"predecessor-version":[{"id":1506889,"href":"https:\/\/laboklin.de\/de-at\/wp-json\/wp\/v2\/pages\/1336605\/revisions\/1506889"}],"up":[{"embeddable":true,"href":"https:\/\/laboklin.de\/de-at\/wp-json\/wp\/v2\/pages\/1332701"}],"wp:attachment":[{"href":"https:\/\/laboklin.de\/de-at\/wp-json\/wp\/v2\/media?parent=1336605"}],"curies":[{"name":"wp","href":"https:\/\/api.w.org\/{rel}","templated":true}]}}