{"id":1336600,"date":"2023-01-05T14:54:49","date_gmt":"2023-01-05T13:54:49","guid":{"rendered":"https:\/\/laboklin.de\/leistungen\/genetik\/erbkrankheiten\/kleinsaeuger\/megacolon-mc-kaninchen\/"},"modified":"2025-02-25T12:43:52","modified_gmt":"2025-02-25T11:43:52","slug":"megacolon-mc-kaninchen","status":"publish","type":"page","link":"https:\/\/laboklin.de\/de-at\/leistungen\/genetik\/erbkrankheiten\/kleinsaeuger\/megacolon-mc-kaninchen\/","title":{"rendered":"Megacolon (MC) (Kaninchen)"},"content":{"rendered":"<h3 class=\"csc-firstHeader\">Megacolon (MC) (Kaninchen)<\/h3><p><span>LABOKLIN Leistungs-ID: 8810<\/span><\/p><p class=\"bodytext\">Das congenitale Megacolon ist eine Erkrankung, die mit einer Erweiterung des Dickdarms, einer gest\u00f6rten Darmmotilit\u00e4t und Verdauungsproblemen einhergeht und zu einer verminderten Lebensf\u00e4higkeit f\u00fchrt. Verantwortlich f\u00fcr die gest\u00f6rte Darmperistaltik ist eine Mutation im KIT-Gen. Die Erkrankung steht im Zusammenhang mit der Punktscheckung bei Kaninchen. Die Vererbung der Punktscheckung erfolgt unvollst\u00e4ndig dominant. Tiere ohne Punktscheckung sind einfarbig, Tr\u00e4gertiere sind wei\u00df mit Punkten und einem schwarzen Streifen auf dem R\u00fccken, w\u00e4hrend homozygot betroffene Tiere fast vollst\u00e4ndig wei\u00df sind. Diese auch als \u201eChaplins\u201c oder \u201eWei\u00dflinge\u201c bezeichneten Kaninchen sind oftmals vom Megacolon betroffen. Die Vererbung erfolgt autosomal rezessiv mit unvollst\u00e4ndiger Penetranz, wobei Umweltfaktoren wie beispielsweise die Ern\u00e4hrung ebenfalls eine Rolle spielen k\u00f6nnen.<\/p><table class=\"tx-laboklinleistung-table contenttable contenttable-2\" style=\"margin-top: 35px;\"><tr><td class=\"td-0\"><strong>Tierart(en)<\/strong><\/td><td class=\"td-1\"><p class=\"bodytext\">Deutsche Riesenschecken<\/p><\/td><\/tr><tr><td class=\"td-0\"><strong>Erbgang<\/strong><\/td><td class=\"td-1\"><p class=\"bodytext\">siehe Text<\/p><\/td><\/tr><tr><td class=\"td-0\"><strong>Dauer<\/strong><\/td><td class=\"td-1\"><p class=\"bodytext\">1 - 2 Wochen<\/p><\/td><\/tr><\/table>\n","protected":false},"excerpt":{"rendered":"<p>Megacolon (MC) (Kaninchen)LABOKLIN Leistungs-ID: 8810Das congenitale Megacolon ist eine Erkrankung, die mit einer Erweiterung des Dickdarms, einer gest\u00f6rten Darmmotilit\u00e4t und Verdauungsproblemen einhergeht und zu einer verminderten Lebensf\u00e4higkeit f\u00fchrt. Verantwortlich f\u00fcr die gest\u00f6rte Darmperistaltik ist eine Mutation im KIT-Gen. Die Erkrankung steht im Zusammenhang mit der Punktscheckung bei Kaninchen. Die Vererbung der Punktscheckung erfolgt unvollst\u00e4ndig dominant.&hellip;<\/p>\n","protected":false},"author":10,"featured_media":0,"parent":1332705,"menu_order":133,"comment_status":"closed","ping_status":"closed","template":"","meta":{"_seopress_robots_primary_cat":"","_seopress_titles_title":"","_seopress_titles_desc":"","_seopress_robots_index":"","footnotes":""},"class_list":["post-1336600","page","type-page","status-publish","hentry","description-off"],"_links":{"self":[{"href":"https:\/\/laboklin.de\/de-at\/wp-json\/wp\/v2\/pages\/1336600","targetHints":{"allow":["GET"]}}],"collection":[{"href":"https:\/\/laboklin.de\/de-at\/wp-json\/wp\/v2\/pages"}],"about":[{"href":"https:\/\/laboklin.de\/de-at\/wp-json\/wp\/v2\/types\/page"}],"author":[{"embeddable":true,"href":"https:\/\/laboklin.de\/de-at\/wp-json\/wp\/v2\/users\/10"}],"replies":[{"embeddable":true,"href":"https:\/\/laboklin.de\/de-at\/wp-json\/wp\/v2\/comments?post=1336600"}],"version-history":[{"count":1,"href":"https:\/\/laboklin.de\/de-at\/wp-json\/wp\/v2\/pages\/1336600\/revisions"}],"predecessor-version":[{"id":1336603,"href":"https:\/\/laboklin.de\/de-at\/wp-json\/wp\/v2\/pages\/1336600\/revisions\/1336603"}],"up":[{"embeddable":true,"href":"https:\/\/laboklin.de\/de-at\/wp-json\/wp\/v2\/pages\/1332705"}],"wp:attachment":[{"href":"https:\/\/laboklin.de\/de-at\/wp-json\/wp\/v2\/media?parent=1336600"}],"curies":[{"name":"wp","href":"https:\/\/api.w.org\/{rel}","templated":true}]}}