{"id":1336595,"date":"2020-10-16T11:36:27","date_gmt":"2020-10-16T09:36:27","guid":{"rendered":"https:\/\/laboklin.de\/leistungen\/genetik\/erbkrankheiten\/hund\/adipositas\/"},"modified":"2025-02-05T11:27:14","modified_gmt":"2025-02-05T10:27:14","slug":"adipositas","status":"publish","type":"page","link":"https:\/\/laboklin.de\/de-at\/leistungen\/genetik\/erbkrankheiten\/hund\/adipositas\/","title":{"rendered":"Adipositas"},"content":{"rendered":"<h3 class=\"csc-firstHeader\">Adipositas<\/h3><p><span>LABOKLIN Leistungs-ID: 8602<\/span><\/p><p class=\"bodytext\">Die Neigung zu Adipositas variiert zwischen verschiedenen Hunderassen, was neben zahlreichen Umwelteinfl\u00fcssen wie mangelnder Bewegung und kalorienreicher F\u00fctterung auf einen Einfluss genetischer Faktoren hindeutet. Beim Labrador Retriever und dem Flat Coated Retriever wurde eine POMC (Pro-Opiomelanocortin)-Mutation gefunden, welche die Produktion der Peptide \u00df-MSH und \u00df-Endorphin zum Erliegen bringt.  \u00df-MSH und \u00df-Endorphin sind beide an der Energie-Hom\u00f6ostase beteiligt. Die POMC-Mutation geht mit einem h\u00f6heren K\u00f6rpergewicht, Adipositas und einer gesteigerten Motivation bei Belohnung mit Futter einher. Die Mutation wurde  besonders h\u00e4ufig bei Assistenz- und Begleithunden gefunden. Neben dem Labrador Retriever und dem Flat Coated Retriever wurde die POMC-Mutation bislang in keiner weiteren Rasse gefunden.<\/p><table class=\"tx-laboklinleistung-table contenttable contenttable-2\" style=\"margin-top: 35px;\"><tr><td class=\"td-0\"><strong>Methode<\/strong><\/td><td class=\"td-1\"><p class=\"bodytext\">Fragmentl\u00e4ngenanalyse<\/p><\/td><\/tr><tr><td class=\"td-0\"><strong>Rasse<\/strong><\/td><td class=\"td-1\"><p class=\"bodytext\">Australian-Labradoodle (Cobberdog), Flat Coated Retriever, Labradoodle, Labrador Retriever<\/p><\/td><\/tr><tr><td class=\"td-0\"><strong>Erbgang<\/strong><\/td><td class=\"td-1\"><p class=\"bodytext\">bisher unbekannt<\/p><\/td><\/tr><tr><td class=\"td-0\"><strong>Dauer<\/strong><\/td><td class=\"td-1\"><p class=\"bodytext\">1 - 2 Wochen nach Erhalt der Probe<\/p><\/td><\/tr><\/table>\n","protected":false},"excerpt":{"rendered":"<p>AdipositasLABOKLIN Leistungs-ID: 8602Die Neigung zu Adipositas variiert zwischen verschiedenen Hunderassen, was neben zahlreichen Umwelteinfl\u00fcssen wie mangelnder Bewegung und kalorienreicher F\u00fctterung auf einen Einfluss genetischer Faktoren hindeutet. Beim Labrador Retriever und dem Flat Coated Retriever wurde eine POMC (Pro-Opiomelanocortin)-Mutation gefunden, welche die Produktion der Peptide \u00df-MSH und \u00df-Endorphin zum Erliegen bringt. \u00df-MSH und \u00df-Endorphin sind beide&hellip;<\/p>\n","protected":false},"author":1,"featured_media":0,"parent":1332701,"menu_order":130,"comment_status":"closed","ping_status":"closed","template":"","meta":{"_seopress_robots_primary_cat":"","_seopress_titles_title":"","_seopress_titles_desc":"","_seopress_robots_index":"","footnotes":""},"class_list":["post-1336595","page","type-page","status-publish","hentry","description-off"],"_links":{"self":[{"href":"https:\/\/laboklin.de\/de-at\/wp-json\/wp\/v2\/pages\/1336595","targetHints":{"allow":["GET"]}}],"collection":[{"href":"https:\/\/laboklin.de\/de-at\/wp-json\/wp\/v2\/pages"}],"about":[{"href":"https:\/\/laboklin.de\/de-at\/wp-json\/wp\/v2\/types\/page"}],"author":[{"embeddable":true,"href":"https:\/\/laboklin.de\/de-at\/wp-json\/wp\/v2\/users\/1"}],"replies":[{"embeddable":true,"href":"https:\/\/laboklin.de\/de-at\/wp-json\/wp\/v2\/comments?post=1336595"}],"version-history":[{"count":1,"href":"https:\/\/laboklin.de\/de-at\/wp-json\/wp\/v2\/pages\/1336595\/revisions"}],"predecessor-version":[{"id":1506892,"href":"https:\/\/laboklin.de\/de-at\/wp-json\/wp\/v2\/pages\/1336595\/revisions\/1506892"}],"up":[{"embeddable":true,"href":"https:\/\/laboklin.de\/de-at\/wp-json\/wp\/v2\/pages\/1332701"}],"wp:attachment":[{"href":"https:\/\/laboklin.de\/de-at\/wp-json\/wp\/v2\/media?parent=1336595"}],"curies":[{"name":"wp","href":"https:\/\/api.w.org\/{rel}","templated":true}]}}