{"id":1336583,"date":"2020-10-16T11:36:27","date_gmt":"2020-10-16T09:36:27","guid":{"rendered":"https:\/\/laboklin.de\/leistungen\/genetik\/erbkrankheiten\/hund\/canine-multifokale-retinopathie-cmr1-2-3\/"},"modified":"2025-02-05T11:38:04","modified_gmt":"2025-02-05T10:38:04","slug":"canine-multifokale-retinopathie-cmr1-2-3","status":"publish","type":"page","link":"https:\/\/laboklin.de\/de-at\/leistungen\/genetik\/erbkrankheiten\/hund\/canine-multifokale-retinopathie-cmr1-2-3\/","title":{"rendered":"Canine multifokale Retinopathie (CMR1\/2\/3)"},"content":{"rendered":"<h3 class=\"csc-firstHeader\">Canine multifokale Retinopathie (CMR1\/2\/3)<\/h3><p><span>LABOKLIN Leistungs-ID: 8330<\/span><\/p><p class=\"bodytext\">Die sogenannte canine multifokale Retinopathie (CMR) ist eine erbliche Erkrankung, bei der die Netzhaut multiple L\u00e4sionen aufweist. Der genaue Verlauf der Erkrankung ist noch nicht vollst\u00e4ndig gekl\u00e4rt und zus\u00e4tzlich bei verschiedenen Rassen unterschiedlich. Im Normalfall zeigen sich erste Symptome bereits im Alter von vier Monaten. Die Krankheit entwickelt sich anschlie\u00dfend nur langsam. In einigen F\u00e4llen verschwinden die L\u00e4sionen der Retina und treten zu einem sp\u00e4teren Zeitpunkt erneut auf. Die klinisch exakte Beschreibung der Symptomatik einer CMR wird noch immer erforscht. Beeintr\u00e4chtigung des Sehverm\u00f6gens oder Sehst\u00f6rungen sind f\u00fcr betroffene Tiere nicht beschrieben.<\/p><table class=\"tx-laboklinleistung-table contenttable contenttable-2\" style=\"margin-top: 35px;\"><tr><td class=\"td-0\"><strong>Methode<\/strong><\/td><td class=\"td-1\"><p class=\"bodytext\">TaqMan SNP Assay; Sequenzierung<\/p><\/td><\/tr><tr><td class=\"td-0\"><strong>Rasse<\/strong><\/td><td class=\"td-1\"><p class=\"bodytext\">American Bulldog, Australian Shepherd, Boerboel, Bordeauxdogge, Bullmastiff, Cane Corso Italiano, Coton de Tul\u00e9ar, Englische Bulldogge, Finnischer Lapphund, Franz\u00f6sische Bulldogge, Lappl\u00e4ndischer Rentierhund, Mastiff, Miniature American Shepherd, Presa Canario, Pyren\u00e4en-Berghund, Schwedischer Lapphund<\/p><\/td><\/tr><tr><td class=\"td-0\"><strong>Erbgang<\/strong><\/td><td class=\"td-1\"><p class=\"bodytext\">autosomal-rezessiv<\/p><\/td><\/tr><tr><td class=\"td-0\"><strong>Dauer<\/strong><\/td><td class=\"td-1\"><p class=\"bodytext\">3 - 5 Werktage nach Erhalt der Probe (bei Sequenzierung 1 - 2 Wochen)<\/p><\/td><\/tr><\/table>\n","protected":false},"excerpt":{"rendered":"<p>Canine multifokale Retinopathie (CMR1\/2\/3)LABOKLIN Leistungs-ID: 8330Die sogenannte canine multifokale Retinopathie (CMR) ist eine erbliche Erkrankung, bei der die Netzhaut multiple L\u00e4sionen aufweist. Der genaue Verlauf der Erkrankung ist noch nicht vollst\u00e4ndig gekl\u00e4rt und zus\u00e4tzlich bei verschiedenen Rassen unterschiedlich. Im Normalfall zeigen sich erste Symptome bereits im Alter von vier Monaten. Die Krankheit entwickelt sich anschlie\u00dfend&hellip;<\/p>\n","protected":false},"author":1,"featured_media":0,"parent":1332701,"menu_order":125,"comment_status":"closed","ping_status":"closed","template":"","meta":{"_seopress_robots_primary_cat":"","_seopress_titles_title":"","_seopress_titles_desc":"","_seopress_robots_index":"","footnotes":""},"class_list":["post-1336583","page","type-page","status-publish","hentry","description-off"],"_links":{"self":[{"href":"https:\/\/laboklin.de\/de-at\/wp-json\/wp\/v2\/pages\/1336583","targetHints":{"allow":["GET"]}}],"collection":[{"href":"https:\/\/laboklin.de\/de-at\/wp-json\/wp\/v2\/pages"}],"about":[{"href":"https:\/\/laboklin.de\/de-at\/wp-json\/wp\/v2\/types\/page"}],"author":[{"embeddable":true,"href":"https:\/\/laboklin.de\/de-at\/wp-json\/wp\/v2\/users\/1"}],"replies":[{"embeddable":true,"href":"https:\/\/laboklin.de\/de-at\/wp-json\/wp\/v2\/comments?post=1336583"}],"version-history":[{"count":1,"href":"https:\/\/laboklin.de\/de-at\/wp-json\/wp\/v2\/pages\/1336583\/revisions"}],"predecessor-version":[{"id":1506918,"href":"https:\/\/laboklin.de\/de-at\/wp-json\/wp\/v2\/pages\/1336583\/revisions\/1506918"}],"up":[{"embeddable":true,"href":"https:\/\/laboklin.de\/de-at\/wp-json\/wp\/v2\/pages\/1332701"}],"wp:attachment":[{"href":"https:\/\/laboklin.de\/de-at\/wp-json\/wp\/v2\/media?parent=1336583"}],"curies":[{"name":"wp","href":"https:\/\/api.w.org\/{rel}","templated":true}]}}