{"id":1336574,"date":"2020-10-16T11:36:27","date_gmt":"2020-10-16T09:36:27","guid":{"rendered":"https:\/\/laboklin.de\/leistungen\/genetik\/erbkrankheiten\/hund\/centronukleaere-myopathie-cnm\/"},"modified":"2025-02-05T11:39:20","modified_gmt":"2025-02-05T10:39:20","slug":"centronukleaere-myopathie-cnm","status":"publish","type":"page","link":"https:\/\/laboklin.de\/de-at\/leistungen\/genetik\/erbkrankheiten\/hund\/centronukleaere-myopathie-cnm\/","title":{"rendered":"Centronukle\u00e4re Myopathie (CNM)"},"content":{"rendered":"<h3 class=\"csc-firstHeader\">Centronukle\u00e4re Myopathie (CNM)<\/h3><p><span>LABOKLIN Leistungs-ID: 8073<\/span><\/p><p class=\"bodytext\">Die zentronukle\u00e4re Myopathie (CNM) beim Labrador Retriever, fr\u00fcher auch bekannt als heredit\u00e4re Myopathie des Labrador Retrievers (HMLR), wurde erstmals in den 1970er Jahren  beschrieben. Die CNM ist eine Erkrankung, bei der sich die Muskeln des Hundes nicht richtig entwickeln. Betroffene Hunde zeigen fehlende Sehnenreflexe sowie geringere Gewichtszunahme als ihre Altersgenossen mit 4 Wochen. Offensichtliche Symptome f\u00fcr die CNM treten mit ca. 12 bis 20 Wochen auf. Die Hunde zeigen generalisierte Muskelschw\u00e4che, abnormale Haltung, einen unbeholfenen Gang und Schwierigkeiten bei der Nahrungsaufnahme. Betroffene Tiere sind nur wenig belastbar und kollabieren schnell, wenn sie der K\u00e4lte ausgesetzt werden. Unter Belastung tritt Muskelatrophie auf, die teilweise auch die Kopfmuskeln betrifft.  Bei der Deutschen Dogge verl\u00e4uft die Erkrankung analog.<br \/>\nBeim Deutschen Jagdterrier wurde ebenfalls eine Mutation gefunden, die mit einer Myopathie assoziiert werden kann. Die Erkrankung wird bei dieser Rasse auch als Exercise Induced Metabolic Myopathy (EIMM) bezeichnet. Die EIMM beruht auf einem autosomal-rezessiv vererbten Defekt einer Acetyl-CoA-Dehydrogenase (VLCAD) und somit des oxidativen Lipidmetabolismus, in dessen Folge eine ungen\u00fcgende Energiegewinnung zu einer insuffizienten Muskelleistung f\u00fchrt. Betroffene Hunde leiden an einer belastungsabh\u00e4ngigen Schw\u00e4che, schweren Muskelschmerzen, Muskelzellnekrosen und Myoglobinurie (Ausscheidung dunkel-braunen Urins) w\u00e4hrend bzw. nach der Anstrengung.  Daher wird der Einsatz dieser Hunde zur Jagd nicht empfohlen, da sie bei  Anstrengung kollabieren und ca. 30-120 Minuten nach dem Training eine Tetraparese bis hin zu einer Tetraplegie entwickeln k\u00f6nnen. Blutuntersuchungen weisen aufgrund der Muskelsch\u00e4digungen eine erh\u00f6hte Aktivit\u00e4t der Kreatininkinase (CK) und Alanin-Aminotransferase (ALT), sowie eine stark erh\u00f6hte Konzentration der langkettigen Fetts\u00e4ure C14:1 auf. Erste Symptome bei dieser Hunderasse sind ab einem Alter von 7-24 Monaten beschrieben.<\/p><table class=\"tx-laboklinleistung-table contenttable contenttable-2\" style=\"margin-top: 35px;\"><tr><td class=\"td-0\"><strong>Methode<\/strong><\/td><td class=\"td-1\"><p class=\"bodytext\">TaqMan SNP Assay (Deutsche Dogge, Deutscher Jagdterrier);<br>Fragmentl\u00e4ngenanalyse (Labrador Retriever)<\/p><\/td><\/tr><tr><td class=\"td-0\"><strong>Rasse<\/strong><\/td><td class=\"td-1\"><p class=\"bodytext\">Australian-Labradoodle (Cobberdog), Deutsche Dogge, Deutscher Jagdterrier, Heideterrier, Labradoodle, Labrador Retriever<\/p><\/td><\/tr><tr><td class=\"td-0\"><strong>Erbgang<\/strong><\/td><td class=\"td-1\"><p class=\"bodytext\">autosomal-rezessiv<\/p><\/td><\/tr><tr><td class=\"td-0\"><strong>Dauer<\/strong><\/td><td class=\"td-1\"><p class=\"bodytext\">3 - 5 Werktage nach Erhalt der Probe (Deutsche Dogge, Deutscher Jagdterrier);<br>1 - 2 Wochen nach Erhalt der Probe (Labrador Retriever)<\/p><\/td><\/tr><\/table>\n","protected":false},"excerpt":{"rendered":"<p>Centronukle\u00e4re Myopathie (CNM)LABOKLIN Leistungs-ID: 8073Die zentronukle\u00e4re Myopathie (CNM) beim Labrador Retriever, fr\u00fcher auch bekannt als heredit\u00e4re Myopathie des Labrador Retrievers (HMLR), wurde erstmals in den 1970er Jahren beschrieben. Die CNM ist eine Erkrankung, bei der sich die Muskeln des Hundes nicht richtig entwickeln. Betroffene Hunde zeigen fehlende Sehnenreflexe sowie geringere Gewichtszunahme als ihre Altersgenossen mit&hellip;<\/p>\n","protected":false},"author":1,"featured_media":0,"parent":1332701,"menu_order":122,"comment_status":"closed","ping_status":"closed","template":"","meta":{"_seopress_robots_primary_cat":"","_seopress_titles_title":"","_seopress_titles_desc":"","_seopress_robots_index":"","footnotes":""},"class_list":["post-1336574","page","type-page","status-publish","hentry","description-off"],"_links":{"self":[{"href":"https:\/\/laboklin.de\/de-at\/wp-json\/wp\/v2\/pages\/1336574","targetHints":{"allow":["GET"]}}],"collection":[{"href":"https:\/\/laboklin.de\/de-at\/wp-json\/wp\/v2\/pages"}],"about":[{"href":"https:\/\/laboklin.de\/de-at\/wp-json\/wp\/v2\/types\/page"}],"author":[{"embeddable":true,"href":"https:\/\/laboklin.de\/de-at\/wp-json\/wp\/v2\/users\/1"}],"replies":[{"embeddable":true,"href":"https:\/\/laboklin.de\/de-at\/wp-json\/wp\/v2\/comments?post=1336574"}],"version-history":[{"count":1,"href":"https:\/\/laboklin.de\/de-at\/wp-json\/wp\/v2\/pages\/1336574\/revisions"}],"predecessor-version":[{"id":1506923,"href":"https:\/\/laboklin.de\/de-at\/wp-json\/wp\/v2\/pages\/1336574\/revisions\/1506923"}],"up":[{"embeddable":true,"href":"https:\/\/laboklin.de\/de-at\/wp-json\/wp\/v2\/pages\/1332701"}],"wp:attachment":[{"href":"https:\/\/laboklin.de\/de-at\/wp-json\/wp\/v2\/media?parent=1336574"}],"curies":[{"name":"wp","href":"https:\/\/api.w.org\/{rel}","templated":true}]}}