{"id":1336572,"date":"2020-10-16T11:36:27","date_gmt":"2020-10-16T09:36:27","guid":{"rendered":"https:\/\/laboklin.de\/leistungen\/genetik\/erbkrankheiten\/hund\/familiaere-nephropathie-fn\/"},"modified":"2025-09-18T09:20:22","modified_gmt":"2025-09-18T07:20:22","slug":"familiaere-nephropathie-fn","status":"publish","type":"page","link":"https:\/\/laboklin.de\/de-at\/leistungen\/genetik\/erbkrankheiten\/hund\/familiaere-nephropathie-fn\/","title":{"rendered":"Famili\u00e4re Nephropathie (FN) (Englisch Cocker Spaniel, Welsh Springer Spaniel)"},"content":{"rendered":"<h3 class=\"csc-firstHeader\">Famili\u00e4re Nephropathie (FN) <\/h3><p><span>LABOKLIN Leistungs-ID: 8131<\/span><\/p><p class=\"bodytext\">Die Famil\u00e4re Nephropathie (FN) des Englisch Cocker Spaniel und Welsh Springer Spaniel ist eine Nierenerkrankung, die bei betroffenen Hunden zu chronischen Nierenfunktionsst\u00f6rungen im Alter von 6 Monaten bis 2 Jahren f\u00fchrt. Die Zerst\u00f6rung beider Nieren kann dabei sehr schnell voranschreiten und t\u00f6dlich enden. Symptome sind, wie auch bei anderen Nephropathien, \u00fcberm\u00e4\u00dfiger Durst, ein verz\u00f6gertes Wachstum und Gewichtsverlust, zudem verminderter Appetit und Erbrechen. Hervorgerufen werden diese Symptome dadurch, dass durch einen gest\u00f6rten Aufbau im Filtersystem (Glomeruli) der gesch\u00e4digten Niere keine ad\u00e4quate Trennung zwischen Abbauprodukten, die mit dem Urin ausgeschieden werden und dem ges\u00e4uberten Blut mehr gew\u00e4hrleistet ist. Bei der erblichen Nierenfunktionsst\u00f6rung FN ist der Membranbestandteil (Trennwand) Kollagen Typ IV defekt.<\/p><table class=\"tx-laboklinleistung-table contenttable contenttable-2\" style=\"margin-top: 35px;\"><tr><td class=\"td-0\"><strong>Methode<\/strong><\/td><td class=\"td-1\"><p class=\"bodytext\">TaqMan SNP Assay<\/p><\/td><\/tr><tr><td class=\"td-0\"><strong>Rasse<\/strong><\/td><td class=\"td-1\"><p class=\"bodytext\">Cockapoo, English Cocker Spaniel, Welsh Springer Spaniel<\/p><\/td><\/tr><tr><td class=\"td-0\"><strong>Erbgang<\/strong><\/td><td class=\"td-1\"><p class=\"bodytext\">autosomal-rezessiv<\/p><\/td><\/tr><tr><td class=\"td-0\"><strong>Dauer<\/strong><\/td><td class=\"td-1\"><p class=\"bodytext\">3 - 5 Tage nach Erhalt der Probe<\/p><\/td><\/tr><\/table>\n","protected":false},"excerpt":{"rendered":"<p>Famili\u00e4re Nephropathie (FN) LABOKLIN Leistungs-ID: 8131Die Famil\u00e4re Nephropathie (FN) des Englisch Cocker Spaniel und Welsh Springer Spaniel ist eine Nierenerkrankung, die bei betroffenen Hunden zu chronischen Nierenfunktionsst\u00f6rungen im Alter von 6 Monaten bis 2 Jahren f\u00fchrt. Die Zerst\u00f6rung beider Nieren kann dabei sehr schnell voranschreiten und t\u00f6dlich enden. Symptome sind, wie auch bei anderen Nephropathien,&hellip;<\/p>\n","protected":false},"author":1,"featured_media":0,"parent":1332701,"menu_order":121,"comment_status":"closed","ping_status":"closed","template":"","meta":{"_seopress_robots_primary_cat":"","_seopress_titles_title":"","_seopress_titles_desc":"","_seopress_robots_index":"","footnotes":""},"class_list":["post-1336572","page","type-page","status-publish","hentry","description-off"],"_links":{"self":[{"href":"https:\/\/laboklin.de\/de-at\/wp-json\/wp\/v2\/pages\/1336572","targetHints":{"allow":["GET"]}}],"collection":[{"href":"https:\/\/laboklin.de\/de-at\/wp-json\/wp\/v2\/pages"}],"about":[{"href":"https:\/\/laboklin.de\/de-at\/wp-json\/wp\/v2\/types\/page"}],"author":[{"embeddable":true,"href":"https:\/\/laboklin.de\/de-at\/wp-json\/wp\/v2\/users\/1"}],"replies":[{"embeddable":true,"href":"https:\/\/laboklin.de\/de-at\/wp-json\/wp\/v2\/comments?post=1336572"}],"version-history":[{"count":3,"href":"https:\/\/laboklin.de\/de-at\/wp-json\/wp\/v2\/pages\/1336572\/revisions"}],"predecessor-version":[{"id":1562772,"href":"https:\/\/laboklin.de\/de-at\/wp-json\/wp\/v2\/pages\/1336572\/revisions\/1562772"}],"up":[{"embeddable":true,"href":"https:\/\/laboklin.de\/de-at\/wp-json\/wp\/v2\/pages\/1332701"}],"wp:attachment":[{"href":"https:\/\/laboklin.de\/de-at\/wp-json\/wp\/v2\/media?parent=1336572"}],"curies":[{"name":"wp","href":"https:\/\/api.w.org\/{rel}","templated":true}]}}