{"id":1336557,"date":"2020-10-16T11:36:27","date_gmt":"2020-10-16T09:36:27","guid":{"rendered":"https:\/\/laboklin.de\/leistungen\/genetik\/erbkrankheiten\/hund\/imerslund-graesbeck-syndrom-igs\/"},"modified":"2025-02-17T09:08:25","modified_gmt":"2025-02-17T08:08:25","slug":"imerslund-graesbeck-syndrom-igs","status":"publish","type":"page","link":"https:\/\/laboklin.de\/de-at\/leistungen\/genetik\/erbkrankheiten\/hund\/imerslund-graesbeck-syndrom-igs\/","title":{"rendered":"Imerslund-Gr\u00e4sbeck Syndrom (IGS)"},"content":{"rendered":"<h3 class=\"csc-firstHeader\">Imerslund-Gr\u00e4sbeck Syndrom (IGS)<\/h3><p><span>LABOKLIN Leistungs-ID: 8475<\/span><\/p><p class=\"bodytext\">Das Imerslund-Gr\u00e4sbeck-Syndrom (IGS) ist gekennzeichnet durch die Malabsorption von Vitamin B12 aus der Nahrung. Der chronische Cobalamin-Mangel f\u00fchrt zu Ver\u00e4nderungen im Blutsystem (wie beispielsweise Makrozyt\u00e4re An\u00e4mie) und neurologischen Ausf\u00e4llen aufgrund irreversibler Sch\u00e4digungen des Gehirns und Nervensystems. IGS kann durch eine fr\u00fchzeitige und regelm\u00e4\u00dfige Substitution von Vitamin B12 therapiert werden. <\/p><table class=\"tx-laboklinleistung-table contenttable contenttable-2\" style=\"margin-top: 35px;\"><tr><td class=\"td-0\"><strong>Methode<\/strong><\/td><td class=\"td-1\"><p class=\"bodytext\">TaqMan SNP Assay (Beagle, Border Collie); Sequenzierung (Australian Shepherd, Komondor, Miniature Amercian Shepherd)<\/p><\/td><\/tr><tr><td class=\"td-0\"><strong>Rasse<\/strong><\/td><td class=\"td-1\"><p class=\"bodytext\">Australian Shepherd, Beagle, Border Collie, Komondor, Miniature American Shepherd<\/p><\/td><\/tr><tr><td class=\"td-0\"><strong>Erbgang<\/strong><\/td><td class=\"td-1\"><p class=\"bodytext\">autosomal-rezessiv<\/p><\/td><\/tr><tr><td class=\"td-0\"><strong>Dauer<\/strong><\/td><td class=\"td-1\"><p class=\"bodytext\">3 - 5 Arbeitstage nach Erhalt der Probe (Beagle, Border Collie);\n1 - 2 Wochen nach Erhalt der Probe (Australian Shepherd, Komondor, Miniature Amercian Shepherd)<\/p><\/td><\/tr><\/table>\n","protected":false},"excerpt":{"rendered":"<p>Imerslund-Gr\u00e4sbeck Syndrom (IGS)LABOKLIN Leistungs-ID: 8475Das Imerslund-Gr\u00e4sbeck-Syndrom (IGS) ist gekennzeichnet durch die Malabsorption von Vitamin B12 aus der Nahrung. Der chronische Cobalamin-Mangel f\u00fchrt zu Ver\u00e4nderungen im Blutsystem (wie beispielsweise Makrozyt\u00e4re An\u00e4mie) und neurologischen Ausf\u00e4llen aufgrund irreversibler Sch\u00e4digungen des Gehirns und Nervensystems. IGS kann durch eine fr\u00fchzeitige und regelm\u00e4\u00dfige Substitution von Vitamin B12 therapiert werden. MethodeTaqMan SNP&hellip;<\/p>\n","protected":false},"author":1,"featured_media":0,"parent":1332701,"menu_order":114,"comment_status":"closed","ping_status":"closed","template":"","meta":{"_seopress_robots_primary_cat":"","_seopress_titles_title":"","_seopress_titles_desc":"","_seopress_robots_index":"","footnotes":""},"class_list":["post-1336557","page","type-page","status-publish","hentry","description-off"],"_links":{"self":[{"href":"https:\/\/laboklin.de\/de-at\/wp-json\/wp\/v2\/pages\/1336557","targetHints":{"allow":["GET"]}}],"collection":[{"href":"https:\/\/laboklin.de\/de-at\/wp-json\/wp\/v2\/pages"}],"about":[{"href":"https:\/\/laboklin.de\/de-at\/wp-json\/wp\/v2\/types\/page"}],"author":[{"embeddable":true,"href":"https:\/\/laboklin.de\/de-at\/wp-json\/wp\/v2\/users\/1"}],"replies":[{"embeddable":true,"href":"https:\/\/laboklin.de\/de-at\/wp-json\/wp\/v2\/comments?post=1336557"}],"version-history":[{"count":1,"href":"https:\/\/laboklin.de\/de-at\/wp-json\/wp\/v2\/pages\/1336557\/revisions"}],"predecessor-version":[{"id":1509054,"href":"https:\/\/laboklin.de\/de-at\/wp-json\/wp\/v2\/pages\/1336557\/revisions\/1509054"}],"up":[{"embeddable":true,"href":"https:\/\/laboklin.de\/de-at\/wp-json\/wp\/v2\/pages\/1332701"}],"wp:attachment":[{"href":"https:\/\/laboklin.de\/de-at\/wp-json\/wp\/v2\/media?parent=1336557"}],"curies":[{"name":"wp","href":"https:\/\/api.w.org\/{rel}","templated":true}]}}