{"id":1336552,"date":"2020-10-16T11:36:27","date_gmt":"2020-10-16T09:36:27","guid":{"rendered":"https:\/\/laboklin.de\/leistungen\/genetik\/erbkrankheiten\/hund\/juvenile-epilepsie-je\/"},"modified":"2025-02-17T09:10:51","modified_gmt":"2025-02-17T08:10:51","slug":"juvenile-epilepsie-je","status":"publish","type":"page","link":"https:\/\/laboklin.de\/de-at\/leistungen\/genetik\/erbkrankheiten\/hund\/juvenile-epilepsie-je\/","title":{"rendered":"Juvenile Epilepsie (JE)"},"content":{"rendered":"<h3 class=\"csc-firstHeader\">Juvenile Epilepsie (JE)<\/h3><p><span>LABOKLIN Leistungs-ID: 8459<\/span><\/p><p class=\"bodytext\">Beim Lagotto Romagnolo tritt eine Form der Epilepsie auf, die verkn\u00fcpft ist mit Symptomen im fr\u00fchen Lebensalter der Hunde. Die juvenile Epilepsie ist erblich bedingt und zeigt sich ab der f\u00fcnften bis zur 12. Lebenswoche. Typische Symptome umfassen leichtes Zittern, unsicheren Gang, Unf\u00e4higkeit zu Laufen und kurzzeitige spastische L\u00e4hmungen. Da die Symptome nur zeitlich begrenzt und unterschiedlich stark ausgepr\u00e4gt auftreten ist der Gentest die einzige M\u00f6glichkeit die Erkrankung sicher nachzuweisen.<\/p><table class=\"tx-laboklinleistung-table contenttable contenttable-2\" style=\"margin-top: 35px;\"><tr><td class=\"td-0\"><strong>Methode<\/strong><\/td><td class=\"td-1\"><p class=\"bodytext\">TaqMan SNP Assay<\/p><\/td><\/tr><tr><td class=\"td-0\"><strong>Rasse<\/strong><\/td><td class=\"td-1\"><p class=\"bodytext\">Lagotto Romagnolo<\/p><\/td><\/tr><tr><td class=\"td-0\"><strong>Erbgang<\/strong><\/td><td class=\"td-1\"><p class=\"bodytext\">autosomal-rezessiv<\/p><\/td><\/tr><tr><td class=\"td-0\"><strong>Dauer<\/strong><\/td><td class=\"td-1\"><p class=\"bodytext\">3 - 5 Werktage nach Erhalt der Probe<\/p><\/td><\/tr><\/table>\n","protected":false},"excerpt":{"rendered":"<p>Juvenile Epilepsie (JE)LABOKLIN Leistungs-ID: 8459Beim Lagotto Romagnolo tritt eine Form der Epilepsie auf, die verkn\u00fcpft ist mit Symptomen im fr\u00fchen Lebensalter der Hunde. Die juvenile Epilepsie ist erblich bedingt und zeigt sich ab der f\u00fcnften bis zur 12. Lebenswoche. Typische Symptome umfassen leichtes Zittern, unsicheren Gang, Unf\u00e4higkeit zu Laufen und kurzzeitige spastische L\u00e4hmungen. Da die&hellip;<\/p>\n","protected":false},"author":1,"featured_media":0,"parent":1332701,"menu_order":113,"comment_status":"closed","ping_status":"closed","template":"","meta":{"_seopress_robots_primary_cat":"","_seopress_titles_title":"","_seopress_titles_desc":"","_seopress_robots_index":"","footnotes":""},"class_list":["post-1336552","page","type-page","status-publish","hentry","description-off"],"_links":{"self":[{"href":"https:\/\/laboklin.de\/de-at\/wp-json\/wp\/v2\/pages\/1336552","targetHints":{"allow":["GET"]}}],"collection":[{"href":"https:\/\/laboklin.de\/de-at\/wp-json\/wp\/v2\/pages"}],"about":[{"href":"https:\/\/laboklin.de\/de-at\/wp-json\/wp\/v2\/types\/page"}],"author":[{"embeddable":true,"href":"https:\/\/laboklin.de\/de-at\/wp-json\/wp\/v2\/users\/1"}],"replies":[{"embeddable":true,"href":"https:\/\/laboklin.de\/de-at\/wp-json\/wp\/v2\/comments?post=1336552"}],"version-history":[{"count":1,"href":"https:\/\/laboklin.de\/de-at\/wp-json\/wp\/v2\/pages\/1336552\/revisions"}],"predecessor-version":[{"id":1336555,"href":"https:\/\/laboklin.de\/de-at\/wp-json\/wp\/v2\/pages\/1336552\/revisions\/1336555"}],"up":[{"embeddable":true,"href":"https:\/\/laboklin.de\/de-at\/wp-json\/wp\/v2\/pages\/1332701"}],"wp:attachment":[{"href":"https:\/\/laboklin.de\/de-at\/wp-json\/wp\/v2\/media?parent=1336552"}],"curies":[{"name":"wp","href":"https:\/\/api.w.org\/{rel}","templated":true}]}}