{"id":1336550,"date":"2020-10-16T11:36:27","date_gmt":"2020-10-16T09:36:27","guid":{"rendered":"https:\/\/laboklin.de\/leistungen\/genetik\/erbkrankheiten\/hund\/juvenile-myoklonische-epilepsie-jme\/"},"modified":"2025-02-17T09:12:00","modified_gmt":"2025-02-17T08:12:00","slug":"juvenile-myoklonische-epilepsie-jme","status":"publish","type":"page","link":"https:\/\/laboklin.de\/de-at\/leistungen\/genetik\/erbkrankheiten\/hund\/juvenile-myoklonische-epilepsie-jme\/","title":{"rendered":"Juvenile myoklonische Epilepsie (JME)"},"content":{"rendered":"<h3 class=\"csc-firstHeader\">Juvenile myoklonische Epilepsie (JME)<\/h3><p><span>LABOKLIN Leistungs-ID: 8557<\/span><\/p><p class=\"bodytext\">Erste Symptome der JME treten schon fr\u00fch auf - typischerweise im Alter von etwa 6 Monaten. Die Hunde leiden unter unwillk\u00fcrlichen pl\u00f6tzlichen Muskelzuckungen (Myoklonien), die insbesondere im Ruhezustand auftreten; diese dauern zwar nur kurz an (weniger als eine Sekunde), treten jedoch oft in Serie auf und variieren stark in ihren Ausma\u00dfen. Viele Hunde wirken w\u00e4hrend und kurz nach diesen Episoden verwirrt und \u00e4ngstlich. Die Anf\u00e4lle treten in \u00fcber 85% der F\u00e4lle t\u00e4glich auf. Im Verlauf der Erkrankung kommt es bei einigen Hunden zu den typischen epileptischen Anf\u00e4llen. Die Behandlung mit Antiepileptika kann zu einer Verbesserung f\u00fchren.<\/p><table class=\"tx-laboklinleistung-table contenttable contenttable-2\" style=\"margin-top: 35px;\"><tr><td class=\"td-0\"><strong>Methode<\/strong><\/td><td class=\"td-1\"><p class=\"bodytext\">TaqMan SNP Assay<\/p><\/td><\/tr><tr><td class=\"td-0\"><strong>Rasse<\/strong><\/td><td class=\"td-1\"><p class=\"bodytext\">Rhodesian Ridgeback<\/p><\/td><\/tr><tr><td class=\"td-0\"><strong>Erbgang<\/strong><\/td><td class=\"td-1\"><p class=\"bodytext\">autosomal-rezessiv<\/p><\/td><\/tr><tr><td class=\"td-0\"><strong>Dauer<\/strong><\/td><td class=\"td-1\"><p class=\"bodytext\">3 - 5 Werktage nach Erhalt der Probe<\/p><\/td><\/tr><\/table>\n","protected":false},"excerpt":{"rendered":"<p>Juvenile myoklonische Epilepsie (JME)LABOKLIN Leistungs-ID: 8557Erste Symptome der JME treten schon fr\u00fch auf &#8211; typischerweise im Alter von etwa 6 Monaten. Die Hunde leiden unter unwillk\u00fcrlichen pl\u00f6tzlichen Muskelzuckungen (Myoklonien), die insbesondere im Ruhezustand auftreten; diese dauern zwar nur kurz an (weniger als eine Sekunde), treten jedoch oft in Serie auf und variieren stark in ihren&hellip;<\/p>\n","protected":false},"author":1,"featured_media":0,"parent":1332701,"menu_order":112,"comment_status":"closed","ping_status":"closed","template":"","meta":{"_seopress_robots_primary_cat":"","_seopress_titles_title":"","_seopress_titles_desc":"","_seopress_robots_index":"","footnotes":""},"class_list":["post-1336550","page","type-page","status-publish","hentry","description-off"],"_links":{"self":[{"href":"https:\/\/laboklin.de\/de-at\/wp-json\/wp\/v2\/pages\/1336550","targetHints":{"allow":["GET"]}}],"collection":[{"href":"https:\/\/laboklin.de\/de-at\/wp-json\/wp\/v2\/pages"}],"about":[{"href":"https:\/\/laboklin.de\/de-at\/wp-json\/wp\/v2\/types\/page"}],"author":[{"embeddable":true,"href":"https:\/\/laboklin.de\/de-at\/wp-json\/wp\/v2\/users\/1"}],"replies":[{"embeddable":true,"href":"https:\/\/laboklin.de\/de-at\/wp-json\/wp\/v2\/comments?post=1336550"}],"version-history":[{"count":1,"href":"https:\/\/laboklin.de\/de-at\/wp-json\/wp\/v2\/pages\/1336550\/revisions"}],"predecessor-version":[{"id":1509064,"href":"https:\/\/laboklin.de\/de-at\/wp-json\/wp\/v2\/pages\/1336550\/revisions\/1509064"}],"up":[{"embeddable":true,"href":"https:\/\/laboklin.de\/de-at\/wp-json\/wp\/v2\/pages\/1332701"}],"wp:attachment":[{"href":"https:\/\/laboklin.de\/de-at\/wp-json\/wp\/v2\/media?parent=1336550"}],"curies":[{"name":"wp","href":"https:\/\/api.w.org\/{rel}","templated":true}]}}