{"id":1336547,"date":"2020-10-16T11:36:27","date_gmt":"2020-10-16T09:36:27","guid":{"rendered":"https:\/\/laboklin.de\/leistungen\/genetik\/erbkrankheiten\/hund\/l-2-hydroxyglutaracidurie-l-2-hga\/"},"modified":"2025-02-17T09:14:55","modified_gmt":"2025-02-17T08:14:55","slug":"l-2-hydroxyglutaracidurie-l-2-hga","status":"publish","type":"page","link":"https:\/\/laboklin.de\/de-at\/leistungen\/genetik\/erbkrankheiten\/hund\/l-2-hydroxyglutaracidurie-l-2-hga\/","title":{"rendered":"L-2-Hydroxyglutaracidurie (L-2-HGA)"},"content":{"rendered":"<h3 class=\"csc-firstHeader\">L-2-Hydroxyglutaracidurie (L-2-HGA)<\/h3><p><span>LABOKLIN Leistungs-ID: 8125<\/span><\/p><p class=\"bodytext\">L-2-HGA (L-2-Hydroxyglutaracidurie) ist eine neurometabolische Erkrankung, die durch erh\u00f6hte Spiegel an L-2-Hydroxyglutars\u00e4ure im Urin, Plasma und in der Zerebrospinalfl\u00fcssigkeit charakterisiert ist. L-2-HGA verursacht schwere St\u00f6rungen im Bereich des zentralen Nervensystems. Erste klinische Anzeichen treten gew\u00f6hnlich im Alter von 6 Monaten bis zu 1 Jahr (teilweise auch erst zu einem sp\u00e4teren Zeitpunkt) auf. L-2-HGA ruft eine Vielzahl von neurologischen Defiziten wie psychomotorische Retardierung, Anf\u00e4lle und Ataxie hervor. Symptome sind ein \u201ewackeliger Gang\u201c, Muskelsteifigkeit nach Belastung oder Aufregung und Verhaltens\u00e4nderungen.<\/p><table class=\"tx-laboklinleistung-table contenttable contenttable-2\" style=\"margin-top: 35px;\"><tr><td class=\"td-0\"><strong>Methode<\/strong><\/td><td class=\"td-1\"><p class=\"bodytext\">TaqMan SNP Assay (Staffordshire Bull Terrier); Sequenzierung (Yorkshire Terrier)<\/p><\/td><\/tr><tr><td class=\"td-0\"><strong>Rasse<\/strong><\/td><td class=\"td-1\"><p class=\"bodytext\">Staffordshire Bull Terrier, Yorkshire Terrier<\/p><\/td><\/tr><tr><td class=\"td-0\"><strong>Erbgang<\/strong><\/td><td class=\"td-1\"><p class=\"bodytext\">autosomal-rezessiv<\/p><\/td><\/tr><tr><td class=\"td-0\"><strong>Dauer<\/strong><\/td><td class=\"td-1\"><p class=\"bodytext\">3 - 5 Werktage nach Erhalt der Probe (Staffordshire Bull Terrier);\r\n1 - 2 Wochen nach Erhalt der Probe (Yorkshire Terrier)<\/p><\/td><\/tr><\/table>\n","protected":false},"excerpt":{"rendered":"<p>L-2-Hydroxyglutaracidurie (L-2-HGA)LABOKLIN Leistungs-ID: 8125L-2-HGA (L-2-Hydroxyglutaracidurie) ist eine neurometabolische Erkrankung, die durch erh\u00f6hte Spiegel an L-2-Hydroxyglutars\u00e4ure im Urin, Plasma und in der Zerebrospinalfl\u00fcssigkeit charakterisiert ist. L-2-HGA verursacht schwere St\u00f6rungen im Bereich des zentralen Nervensystems. Erste klinische Anzeichen treten gew\u00f6hnlich im Alter von 6 Monaten bis zu 1 Jahr (teilweise auch erst zu einem sp\u00e4teren Zeitpunkt) auf.&hellip;<\/p>\n","protected":false},"author":1,"featured_media":0,"parent":1332701,"menu_order":110,"comment_status":"closed","ping_status":"closed","template":"","meta":{"_seopress_robots_primary_cat":"","_seopress_titles_title":"","_seopress_titles_desc":"","_seopress_robots_index":"","footnotes":""},"class_list":["post-1336547","page","type-page","status-publish","hentry","description-off"],"_links":{"self":[{"href":"https:\/\/laboklin.de\/de-at\/wp-json\/wp\/v2\/pages\/1336547","targetHints":{"allow":["GET"]}}],"collection":[{"href":"https:\/\/laboklin.de\/de-at\/wp-json\/wp\/v2\/pages"}],"about":[{"href":"https:\/\/laboklin.de\/de-at\/wp-json\/wp\/v2\/types\/page"}],"author":[{"embeddable":true,"href":"https:\/\/laboklin.de\/de-at\/wp-json\/wp\/v2\/users\/1"}],"replies":[{"embeddable":true,"href":"https:\/\/laboklin.de\/de-at\/wp-json\/wp\/v2\/comments?post=1336547"}],"version-history":[{"count":1,"href":"https:\/\/laboklin.de\/de-at\/wp-json\/wp\/v2\/pages\/1336547\/revisions"}],"predecessor-version":[{"id":1509068,"href":"https:\/\/laboklin.de\/de-at\/wp-json\/wp\/v2\/pages\/1336547\/revisions\/1509068"}],"up":[{"embeddable":true,"href":"https:\/\/laboklin.de\/de-at\/wp-json\/wp\/v2\/pages\/1332701"}],"wp:attachment":[{"href":"https:\/\/laboklin.de\/de-at\/wp-json\/wp\/v2\/media?parent=1336547"}],"curies":[{"name":"wp","href":"https:\/\/api.w.org\/{rel}","templated":true}]}}