{"id":1336538,"date":"2020-10-16T11:36:27","date_gmt":"2020-10-16T09:36:27","guid":{"rendered":"https:\/\/laboklin.de\/leistungen\/genetik\/erbkrankheiten\/hund\/finnish-hound-ataxie-fha\/"},"modified":"2025-02-05T13:07:24","modified_gmt":"2025-02-05T12:07:24","slug":"finnish-hound-ataxie-fha","status":"publish","type":"page","link":"https:\/\/laboklin.de\/de-at\/leistungen\/genetik\/erbkrankheiten\/hund\/finnish-hound-ataxie-fha\/","title":{"rendered":"Finnish Hound Ataxie (FHA)"},"content":{"rendered":"<h3 class=\"csc-firstHeader\">Finnish Hound Ataxie (FHA)<\/h3><p><span>LABOKLIN Leistungs-ID: 8467<\/span><\/p><p class=\"bodytext\">Durch eine Mutation im SEL1L-Gen kommt es bei betroffenen Tieren zu einer sich stetig verschlimmernden St\u00f6rung des Bewegungsapparates. Neben anf\u00e4nglichen Koordinations- und Gleichgewichtsproblemen sowie Zittern kann dies bis zur v\u00f6lligen Bewegungsunf\u00e4higkeit f\u00fchren. Betroffene Tiere entwickeln die Symptome in der Regel zwischen der 4. und 12. Lebenswoche.<\/p><table class=\"tx-laboklinleistung-table contenttable contenttable-2\" style=\"margin-top: 35px;\"><tr><td class=\"td-0\"><strong>Methode<\/strong><\/td><td class=\"td-1\"><p class=\"bodytext\">TaqMan SNP Assay<\/p><\/td><\/tr><tr><td class=\"td-0\"><strong>Rasse<\/strong><\/td><td class=\"td-1\"><p class=\"bodytext\">Finnischer Laufhund, Norrbottenspitz<\/p><\/td><\/tr><tr><td class=\"td-0\"><strong>Erbgang<\/strong><\/td><td class=\"td-1\"><p class=\"bodytext\">autosomal-rezessiv<\/p><\/td><\/tr><tr><td class=\"td-0\"><strong>Dauer<\/strong><\/td><td class=\"td-1\"><p class=\"bodytext\">3 - 5 Werktage nach Erhalt der Probe<\/p><\/td><\/tr><\/table>\n","protected":false},"excerpt":{"rendered":"<p>Finnish Hound Ataxie (FHA)LABOKLIN Leistungs-ID: 8467Durch eine Mutation im SEL1L-Gen kommt es bei betroffenen Tieren zu einer sich stetig verschlimmernden St\u00f6rung des Bewegungsapparates. Neben anf\u00e4nglichen Koordinations- und Gleichgewichtsproblemen sowie Zittern kann dies bis zur v\u00f6lligen Bewegungsunf\u00e4higkeit f\u00fchren. Betroffene Tiere entwickeln die Symptome in der Regel zwischen der 4. und 12. Lebenswoche.MethodeTaqMan SNP AssayRasseFinnischer Laufhund, NorrbottenspitzErbgangautosomal-rezessivDauer3&hellip;<\/p>\n","protected":false},"author":1,"featured_media":0,"parent":1332701,"menu_order":107,"comment_status":"closed","ping_status":"closed","template":"","meta":{"_seopress_robots_primary_cat":"","_seopress_titles_title":"","_seopress_titles_desc":"","_seopress_robots_index":"","footnotes":""},"class_list":["post-1336538","page","type-page","status-publish","hentry","description-off"],"_links":{"self":[{"href":"https:\/\/laboklin.de\/de-at\/wp-json\/wp\/v2\/pages\/1336538","targetHints":{"allow":["GET"]}}],"collection":[{"href":"https:\/\/laboklin.de\/de-at\/wp-json\/wp\/v2\/pages"}],"about":[{"href":"https:\/\/laboklin.de\/de-at\/wp-json\/wp\/v2\/types\/page"}],"author":[{"embeddable":true,"href":"https:\/\/laboklin.de\/de-at\/wp-json\/wp\/v2\/users\/1"}],"replies":[{"embeddable":true,"href":"https:\/\/laboklin.de\/de-at\/wp-json\/wp\/v2\/comments?post=1336538"}],"version-history":[{"count":1,"href":"https:\/\/laboklin.de\/de-at\/wp-json\/wp\/v2\/pages\/1336538\/revisions"}],"predecessor-version":[{"id":1507010,"href":"https:\/\/laboklin.de\/de-at\/wp-json\/wp\/v2\/pages\/1336538\/revisions\/1507010"}],"up":[{"embeddable":true,"href":"https:\/\/laboklin.de\/de-at\/wp-json\/wp\/v2\/pages\/1332701"}],"wp:attachment":[{"href":"https:\/\/laboklin.de\/de-at\/wp-json\/wp\/v2\/media?parent=1336538"}],"curies":[{"name":"wp","href":"https:\/\/api.w.org\/{rel}","templated":true}]}}