{"id":1336536,"date":"2020-10-16T11:36:27","date_gmt":"2020-10-16T09:36:27","guid":{"rendered":"https:\/\/laboklin.de\/leistungen\/genetik\/erbkrankheiten\/hund\/gallenblasenmukozelen-gbm\/"},"modified":"2025-02-05T13:09:15","modified_gmt":"2025-02-05T12:09:15","slug":"gallenblasenmukozelen-gbm","status":"publish","type":"page","link":"https:\/\/laboklin.de\/de-at\/leistungen\/genetik\/erbkrankheiten\/hund\/gallenblasenmukozelen-gbm\/","title":{"rendered":"Gallenblasenmukozelen (GBM)"},"content":{"rendered":"<h3 class=\"csc-firstHeader\">Gallenblasenmukozelen (GBM)<\/h3><p><span>LABOKLIN Leistungs-ID: 8323<\/span><\/p><p class=\"bodytext\">Gallenblasenmukozelen werden durch eine Mutation im ABCB4-Gen verursacht. Diese Mutation f\u00fchrt zu Hyperplasie der Gallenblasenschleimhaut und zur vermehrten Ansammlung von Schleim. Unbehandelt k\u00f6nnen Gallenblasenmukozelen zur Entz\u00fcndung der Gallenblase (Cholecystitis) f\u00fchren, dabei steigt die Gefahr einer Gallenblasenruptur. Klinische Symptome treten bei \u00e4lteren Hunden auf und zeigen sich in Erbrechen, Anorexie, Lethargie, Gelbsucht und abdominalen Schmerzen.<\/p><table class=\"tx-laboklinleistung-table contenttable contenttable-2\" style=\"margin-top: 35px;\"><tr><td class=\"td-0\"><strong>Methode<\/strong><\/td><td class=\"td-1\"><p class=\"bodytext\">Sequenzierung<\/p><\/td><\/tr><tr><td class=\"td-0\"><strong>Rasse<\/strong><\/td><td class=\"td-1\"><p class=\"bodytext\">American Cocker Spaniel, Cairn Terrier, Cockapoo, English Cocker Spaniel, Pomsky, Shetland Sheepdog (Sheltie) , Zwergspitz<\/p><\/td><\/tr><tr><td class=\"td-0\"><strong>Erbgang<\/strong><\/td><td class=\"td-1\"><p class=\"bodytext\">autosomal-dominant mit unvollst\u00e4ndiger Penetranz<\/p><\/td><\/tr><tr><td class=\"td-0\"><strong>Dauer<\/strong><\/td><td class=\"td-1\"><p class=\"bodytext\">1 - 2 Wochen nach Erhalt der Probe<\/p><\/td><\/tr><\/table>\n","protected":false},"excerpt":{"rendered":"<p>Gallenblasenmukozelen (GBM)LABOKLIN Leistungs-ID: 8323Gallenblasenmukozelen werden durch eine Mutation im ABCB4-Gen verursacht. Diese Mutation f\u00fchrt zu Hyperplasie der Gallenblasenschleimhaut und zur vermehrten Ansammlung von Schleim. Unbehandelt k\u00f6nnen Gallenblasenmukozelen zur Entz\u00fcndung der Gallenblase (Cholecystitis) f\u00fchren, dabei steigt die Gefahr einer Gallenblasenruptur. Klinische Symptome treten bei \u00e4lteren Hunden auf und zeigen sich in Erbrechen, Anorexie, Lethargie, Gelbsucht und&hellip;<\/p>\n","protected":false},"author":1,"featured_media":0,"parent":1332701,"menu_order":106,"comment_status":"closed","ping_status":"closed","template":"","meta":{"_seopress_robots_primary_cat":"","_seopress_titles_title":"","_seopress_titles_desc":"","_seopress_robots_index":"","footnotes":""},"class_list":["post-1336536","page","type-page","status-publish","hentry","description-off"],"_links":{"self":[{"href":"https:\/\/laboklin.de\/de-at\/wp-json\/wp\/v2\/pages\/1336536","targetHints":{"allow":["GET"]}}],"collection":[{"href":"https:\/\/laboklin.de\/de-at\/wp-json\/wp\/v2\/pages"}],"about":[{"href":"https:\/\/laboklin.de\/de-at\/wp-json\/wp\/v2\/types\/page"}],"author":[{"embeddable":true,"href":"https:\/\/laboklin.de\/de-at\/wp-json\/wp\/v2\/users\/1"}],"replies":[{"embeddable":true,"href":"https:\/\/laboklin.de\/de-at\/wp-json\/wp\/v2\/comments?post=1336536"}],"version-history":[{"count":1,"href":"https:\/\/laboklin.de\/de-at\/wp-json\/wp\/v2\/pages\/1336536\/revisions"}],"predecessor-version":[{"id":1507016,"href":"https:\/\/laboklin.de\/de-at\/wp-json\/wp\/v2\/pages\/1336536\/revisions\/1507016"}],"up":[{"embeddable":true,"href":"https:\/\/laboklin.de\/de-at\/wp-json\/wp\/v2\/pages\/1332701"}],"wp:attachment":[{"href":"https:\/\/laboklin.de\/de-at\/wp-json\/wp\/v2\/media?parent=1336536"}],"curies":[{"name":"wp","href":"https:\/\/api.w.org\/{rel}","templated":true}]}}