{"id":1336535,"date":"2020-10-16T11:36:27","date_gmt":"2020-10-16T09:36:27","guid":{"rendered":"https:\/\/laboklin.de\/leistungen\/genetik\/erbkrankheiten\/hund\/glanzmann-thrombasthenie-gt\/"},"modified":"2025-09-12T10:36:11","modified_gmt":"2025-09-12T08:36:11","slug":"glanzmann-thrombasthenie-gt","status":"publish","type":"page","link":"https:\/\/laboklin.de\/de-at\/leistungen\/genetik\/erbkrankheiten\/hund\/glanzmann-thrombasthenie-gt\/","title":{"rendered":"Glanzmann-Thrombasthenie (GT)"},"content":{"rendered":"<h3 class=\"csc-firstHeader\">Glanzmann-Thrombasthenie (GT)<\/h3><p><span>LABOKLIN Leistungs-ID: 8077<\/span><\/p><p class=\"bodytext\">Die Glanzmann-Thrombasthenie (GT) ist eine Blutgerinnungsst\u00f6rung, die in zwei verschiedenen Formen vorliegt. Die Unterschiede liegen in der Menge bestimmter in der Zellmembran von Thrombozyten gebildeter Glykoproteine (\u03b1IIb\u03b23), die f\u00fcr die Gerinnung notwendig sind. Bei der schwereren GT vom Typ I liegt der Wert bei weniger als 5% vom Normalzustand. Eine Mutation im aIIb-Gen verhindert dabei die Bildung eines Hauptbestandteils dieser Glykoproteine. Symptomatisch wird die Blutungsneigung zumeist durch fortlaufendes Zahnfleischbluten nach dem Ausfall der Milchz\u00e4hne erkennbar. Auch kann anhaltendes Nasenbluten ein Indiz f\u00fcr diese St\u00f6rung sein. <\/p><table class=\"tx-laboklinleistung-table contenttable contenttable-2\" style=\"margin-top: 35px;\"><tr><td class=\"td-0\"><strong>Methode<\/strong><\/td><td class=\"td-1\"><p class=\"bodytext\">Sequenzierung<\/p><\/td><\/tr><tr><td class=\"td-0\"><strong>Rasse<\/strong><\/td><td class=\"td-1\"><p class=\"bodytext\">Pyren\u00e4en-Berghund<\/p><\/td><\/tr><tr><td class=\"td-0\"><strong>Erbgang<\/strong><\/td><td class=\"td-1\"><p class=\"bodytext\">autosomal-rezessiv<\/p><\/td><\/tr><tr><td class=\"td-0\"><strong>Dauer<\/strong><\/td><td class=\"td-1\"><p class=\"bodytext\">1 - 2 Wochen nach Erhalt der Probe<\/p><\/td><\/tr><\/table>\n","protected":false},"excerpt":{"rendered":"<p>Glanzmann-Thrombasthenie (GT)LABOKLIN Leistungs-ID: 8077Die Glanzmann-Thrombasthenie (GT) ist eine Blutgerinnungsst\u00f6rung, die in zwei verschiedenen Formen vorliegt. Die Unterschiede liegen in der Menge bestimmter in der Zellmembran von Thrombozyten gebildeter Glykoproteine (\u03b1IIb\u03b23), die f\u00fcr die Gerinnung notwendig sind. Bei der schwereren GT vom Typ I liegt der Wert bei weniger als 5% vom Normalzustand. Eine Mutation im&hellip;<\/p>\n","protected":false},"author":1,"featured_media":0,"parent":1332701,"menu_order":105,"comment_status":"closed","ping_status":"closed","template":"","meta":{"_seopress_robots_primary_cat":"","_seopress_titles_title":"","_seopress_titles_desc":"","_seopress_robots_index":"","footnotes":""},"class_list":["post-1336535","page","type-page","status-publish","hentry","description-off"],"_links":{"self":[{"href":"https:\/\/laboklin.de\/de-at\/wp-json\/wp\/v2\/pages\/1336535","targetHints":{"allow":["GET"]}}],"collection":[{"href":"https:\/\/laboklin.de\/de-at\/wp-json\/wp\/v2\/pages"}],"about":[{"href":"https:\/\/laboklin.de\/de-at\/wp-json\/wp\/v2\/types\/page"}],"author":[{"embeddable":true,"href":"https:\/\/laboklin.de\/de-at\/wp-json\/wp\/v2\/users\/1"}],"replies":[{"embeddable":true,"href":"https:\/\/laboklin.de\/de-at\/wp-json\/wp\/v2\/comments?post=1336535"}],"version-history":[{"count":2,"href":"https:\/\/laboklin.de\/de-at\/wp-json\/wp\/v2\/pages\/1336535\/revisions"}],"predecessor-version":[{"id":1562342,"href":"https:\/\/laboklin.de\/de-at\/wp-json\/wp\/v2\/pages\/1336535\/revisions\/1562342"}],"up":[{"embeddable":true,"href":"https:\/\/laboklin.de\/de-at\/wp-json\/wp\/v2\/pages\/1332701"}],"wp:attachment":[{"href":"https:\/\/laboklin.de\/de-at\/wp-json\/wp\/v2\/media?parent=1336535"}],"curies":[{"name":"wp","href":"https:\/\/api.w.org\/{rel}","templated":true}]}}