{"id":1336524,"date":"2020-10-16T11:36:27","date_gmt":"2020-10-16T09:36:27","guid":{"rendered":"https:\/\/laboklin.de\/leistungen\/genetik\/erbkrankheiten\/hund\/grey-collie-syndrome-canine-zyklische-neutropenie-gcs\/"},"modified":"2025-02-05T13:17:48","modified_gmt":"2025-02-05T12:17:48","slug":"grey-collie-syndrome-canine-zyklische-neutropenie-gcs","status":"publish","type":"page","link":"https:\/\/laboklin.de\/de-at\/leistungen\/genetik\/erbkrankheiten\/hund\/grey-collie-syndrome-canine-zyklische-neutropenie-gcs\/","title":{"rendered":"Grey Collie Syndrome (Canine zyklische Neutropenie) (GCS)"},"content":{"rendered":"<h3 class=\"csc-firstHeader\">Grey Collie Syndrome (Canine zyklische Neutropenie) (GCS)<\/h3><p><span>LABOKLIN Leistungs-ID: 8098<\/span><\/p><p class=\"bodytext\">Das Grey Collie Syndrom (GCS) wird durch eine St\u00f6rung bei der Blutzellbildung hervorgerufen. Durch die zyklische Verminderung der Blutzellen alle 10 - 12 Tage neigen betroffene Hunde zu Blutungen und sind sehr anf\u00e4llig f\u00fcr Infektionen. Welpen sind gew\u00f6hnlich kleiner und schw\u00e4cher als ihre Wurfgeschwister. Im Alter von 8 - 12 Wochen entwickeln sich klinische Symptome, wie z.B. Fieber, Diarrh\u00f6e und Gelenkschmerzen. Betroffene Welpen leiden unter wiederkehrenden bakteriellen Infektionen v. a. Infektionen der Atemwege und des Magen-Darmtrakts. Beim Gray Collie Syndrom handelt es sich um eine ernste Funktionsst\u00f6rung, betroffene Hunde werden selten \u00e4lter als 2 - 3 Jahre. Das GCS tritt bei allen grauen (kein merle) Collies auf. Betroffene Welpen haben ein silbergraues Fell, abgestuft von sehr hell bis schw\u00e4rzlich-r\u00f6tlich, manchmal gelblich aufgrund einer Mischung von hellbeigem und hellgrauem Haar. <\/p><table class=\"tx-laboklinleistung-table contenttable contenttable-2\" style=\"margin-top: 35px;\"><tr><td class=\"td-0\"><strong>Methode<\/strong><\/td><td class=\"td-1\"><p class=\"bodytext\">Sequenzierung<\/p><\/td><\/tr><tr><td class=\"td-0\"><strong>Rasse<\/strong><\/td><td class=\"td-1\"><p class=\"bodytext\">Collie (Kurzhaar\/Langhaar)<\/p><\/td><\/tr><tr><td class=\"td-0\"><strong>Erbgang<\/strong><\/td><td class=\"td-1\"><p class=\"bodytext\">autosomal-rezessiv<\/p><\/td><\/tr><tr><td class=\"td-0\"><strong>Dauer<\/strong><\/td><td class=\"td-1\"><p class=\"bodytext\">1 - 2 Wochen nach Erhalt der Probe<\/p><\/td><\/tr><\/table>\n","protected":false},"excerpt":{"rendered":"<p>Grey Collie Syndrome (Canine zyklische Neutropenie) (GCS)LABOKLIN Leistungs-ID: 8098Das Grey Collie Syndrom (GCS) wird durch eine St\u00f6rung bei der Blutzellbildung hervorgerufen. Durch die zyklische Verminderung der Blutzellen alle 10 &#8211; 12 Tage neigen betroffene Hunde zu Blutungen und sind sehr anf\u00e4llig f\u00fcr Infektionen. Welpen sind gew\u00f6hnlich kleiner und schw\u00e4cher als ihre Wurfgeschwister. Im Alter von&hellip;<\/p>\n","protected":false},"author":1,"featured_media":0,"parent":1332701,"menu_order":101,"comment_status":"closed","ping_status":"closed","template":"","meta":{"_seopress_robots_primary_cat":"","_seopress_titles_title":"","_seopress_titles_desc":"","_seopress_robots_index":"","footnotes":""},"class_list":["post-1336524","page","type-page","status-publish","hentry","description-off"],"_links":{"self":[{"href":"https:\/\/laboklin.de\/de-at\/wp-json\/wp\/v2\/pages\/1336524","targetHints":{"allow":["GET"]}}],"collection":[{"href":"https:\/\/laboklin.de\/de-at\/wp-json\/wp\/v2\/pages"}],"about":[{"href":"https:\/\/laboklin.de\/de-at\/wp-json\/wp\/v2\/types\/page"}],"author":[{"embeddable":true,"href":"https:\/\/laboklin.de\/de-at\/wp-json\/wp\/v2\/users\/1"}],"replies":[{"embeddable":true,"href":"https:\/\/laboklin.de\/de-at\/wp-json\/wp\/v2\/comments?post=1336524"}],"version-history":[{"count":1,"href":"https:\/\/laboklin.de\/de-at\/wp-json\/wp\/v2\/pages\/1336524\/revisions"}],"predecessor-version":[{"id":1507038,"href":"https:\/\/laboklin.de\/de-at\/wp-json\/wp\/v2\/pages\/1336524\/revisions\/1507038"}],"up":[{"embeddable":true,"href":"https:\/\/laboklin.de\/de-at\/wp-json\/wp\/v2\/pages\/1332701"}],"wp:attachment":[{"href":"https:\/\/laboklin.de\/de-at\/wp-json\/wp\/v2\/media?parent=1336524"}],"curies":[{"name":"wp","href":"https:\/\/api.w.org\/{rel}","templated":true}]}}