{"id":1336516,"date":"2020-10-16T11:36:27","date_gmt":"2020-10-16T09:36:27","guid":{"rendered":"https:\/\/laboklin.de\/leistungen\/genetik\/erbkrankheiten\/hund\/leonberger-polyneuropathie-2-lpn2\/"},"modified":"2025-02-17T09:19:10","modified_gmt":"2025-02-17T08:19:10","slug":"leonberger-polyneuropathie-2-lpn2","status":"publish","type":"page","link":"https:\/\/laboklin.de\/de-at\/leistungen\/genetik\/erbkrankheiten\/hund\/leonberger-polyneuropathie-2-lpn2\/","title":{"rendered":"Leonberger Polyneuropathie 2 (LPN2)"},"content":{"rendered":"<h3 class=\"csc-firstHeader\">Leonberger Polyneuropathie 2 (LPN2)<\/h3><p><span>LABOKLIN Leistungs-ID: 8494<\/span><\/p><p class=\"bodytext\">Die Polyneuropathie bei Leonbergern ist gekennzeichnet durch eine variables Auftreten verschiedener klinischer Symptome und unterschiedliche Erkrankungsalter. Die Polyneuropathie zeigt sich durch eine zunehmende Bewegungsintoleranz sowie einen unkoordinierten Gang, vor allem in der Hinterhand. Schlussendlich k\u00f6nnen die Tiere ihr eigenes Gewicht kaum noch tragen. Zus\u00e4tzlich kommt es zu deutlichen Atemger\u00e4uschen, ver\u00e4ndertem Bellen und Schluckbeschwerden. <br \/>\r\nDie Typ1-Polyneuropathie beim Leonberger (LPN1) wird durch eine Mutation im ARHGEF10-Gen ausgel\u00f6st. Die Erkrankung beginnt in einem Alter von 2 - 4 Jahren und ist gekennzeichnet durch einen schweren Krankheitsverlauf. Die LPN1-Mutation erkl\u00e4rt circa 11% aller Polyneuropathie-F\u00e4lle beim Leonberger. <br \/>\r\nEine Mutation im GJA9-Gen konnte als Ausl\u00f6ser einer zweiten Polyneuropathie-Form beim Leonberger (LPN2) identifiziert werden. Das GJA9-Protein ist Mitglied der Connexin-Gap Junction-Familie, deren Mitglieder sich als wichtige Bestandteile peripherer myelinisierter Nervenfasern herausgestellt haben. Das durchschnittliche Erkrankungsalter betr\u00e4gt hier etwa 6 Jahre. LPN2 erkl\u00e4rt circa 21% aller Polyneuropathie-F\u00e4lle beim Leonberger.<br \/>\r\nNeben diesen beiden Mutationen gibt es weitere unbekannte urs\u00e4chliche Mutationen.<\/p><table class=\"tx-laboklinleistung-table contenttable contenttable-2\" style=\"margin-top: 35px;\"><tr><td class=\"td-0\"><strong>Methode<\/strong><\/td><td class=\"td-1\"><p class=\"bodytext\">Sequenzierung<\/p><\/td><\/tr><tr><td class=\"td-0\"><strong>Rasse<\/strong><\/td><td class=\"td-1\"><p class=\"bodytext\">Leonberger<\/p><\/td><\/tr><tr><td class=\"td-0\"><strong>Erbgang<\/strong><\/td><td class=\"td-1\"><p class=\"bodytext\">autosomal-rezessiv (LPN1) bzw. autosomal-dominant mit unvollst\u00e4ndiger Penetranz (LPN2) \n<\/p><\/td><\/tr><tr><td class=\"td-0\"><strong>Dauer<\/strong><\/td><td class=\"td-1\"><p class=\"bodytext\">1 - 2 Wochen nach Erhalt der Probe<\/p><\/td><\/tr><\/table>\n","protected":false},"excerpt":{"rendered":"<p>Leonberger Polyneuropathie 2 (LPN2)LABOKLIN Leistungs-ID: 8494Die Polyneuropathie bei Leonbergern ist gekennzeichnet durch eine variables Auftreten verschiedener klinischer Symptome und unterschiedliche Erkrankungsalter. Die Polyneuropathie zeigt sich durch eine zunehmende Bewegungsintoleranz sowie einen unkoordinierten Gang, vor allem in der Hinterhand. Schlussendlich k\u00f6nnen die Tiere ihr eigenes Gewicht kaum noch tragen. Zus\u00e4tzlich kommt es zu deutlichen Atemger\u00e4uschen, ver\u00e4ndertem&hellip;<\/p>\n","protected":false},"author":1,"featured_media":0,"parent":1332701,"menu_order":98,"comment_status":"closed","ping_status":"closed","template":"","meta":{"_seopress_robots_primary_cat":"","_seopress_titles_title":"","_seopress_titles_desc":"","_seopress_robots_index":"","footnotes":""},"class_list":["post-1336516","page","type-page","status-publish","hentry","description-off"],"_links":{"self":[{"href":"https:\/\/laboklin.de\/de-at\/wp-json\/wp\/v2\/pages\/1336516","targetHints":{"allow":["GET"]}}],"collection":[{"href":"https:\/\/laboklin.de\/de-at\/wp-json\/wp\/v2\/pages"}],"about":[{"href":"https:\/\/laboklin.de\/de-at\/wp-json\/wp\/v2\/types\/page"}],"author":[{"embeddable":true,"href":"https:\/\/laboklin.de\/de-at\/wp-json\/wp\/v2\/users\/1"}],"replies":[{"embeddable":true,"href":"https:\/\/laboklin.de\/de-at\/wp-json\/wp\/v2\/comments?post=1336516"}],"version-history":[{"count":1,"href":"https:\/\/laboklin.de\/de-at\/wp-json\/wp\/v2\/pages\/1336516\/revisions"}],"predecessor-version":[{"id":1336519,"href":"https:\/\/laboklin.de\/de-at\/wp-json\/wp\/v2\/pages\/1336516\/revisions\/1336519"}],"up":[{"embeddable":true,"href":"https:\/\/laboklin.de\/de-at\/wp-json\/wp\/v2\/pages\/1332701"}],"wp:attachment":[{"href":"https:\/\/laboklin.de\/de-at\/wp-json\/wp\/v2\/media?parent=1336516"}],"curies":[{"name":"wp","href":"https:\/\/api.w.org\/{rel}","templated":true}]}}