{"id":1336499,"date":"2020-10-16T11:36:27","date_gmt":"2020-10-16T09:36:27","guid":{"rendered":"https:\/\/laboklin.de\/leistungen\/genetik\/erbkrankheiten\/hund\/progressive-retinaatrophie-typ-b1-pra-hivep3\/"},"modified":"2025-02-17T11:16:58","modified_gmt":"2025-02-17T10:16:58","slug":"progressive-retinaatrophie-typ-b1-pra-hivep3","status":"publish","type":"page","link":"https:\/\/laboklin.de\/de-at\/leistungen\/genetik\/erbkrankheiten\/hund\/progressive-retinaatrophie-typ-b1-pra-hivep3\/","title":{"rendered":"Progressive Retinaatrophie (Typ B1-PRA, HIVEP3)"},"content":{"rendered":"<h3 class=\"csc-firstHeader\">Progressive Retinaatrophie (Typ B1-PRA, HIVEP3)<\/h3><p><span>LABOKLIN Leistungs-ID: 8546<\/span><\/p><p class=\"bodytext\">Die Progressive Retinaatrophie (PRA) ist eine fortschreitende Erkrankung der Netzhaut (Retina). Dabei werden die Photorezeptoren des Auges im Laufe der Zeit zerst\u00f6rt. Dies f\u00fchrt zu zunehmenden Nachtblindheit sowie dem Verlust der Anpassung des Sehverm\u00f6gens.<br \/>\r\nNeuesten wissenschaftlichen Untersuchungen zufolge ist eine Mutation im HIVEP3-Gen f\u00fcr die fr\u00fche Form der Typ B1-PRA beim Zwergschnauzer verantwortlich. Der bisher angebotene Typ B1-PRA Test \u00fcber Optigen (mittlerweile GeneSeek) hat eine genetische Variante im PPT1-Gen untersucht, die Abweichungen im Bezug auf Genotyp und Ph\u00e4notyp zeigte. Die neu entdeckte HIVEP3-Variante weist eine bessere Korrelation auf, weshalb wir empfehlen, den neueren Test nach Kaukonen et. al. durchzuf\u00fchren. <br \/>\r\n<\/p><table class=\"tx-laboklinleistung-table contenttable contenttable-2\" style=\"margin-top: 35px;\"><tr><td class=\"td-0\"><strong>Methode<\/strong><\/td><td class=\"td-1\"><p class=\"bodytext\">TaqMan SNP Assay<\/p><\/td><\/tr><tr><td class=\"td-0\"><strong>Rasse<\/strong><\/td><td class=\"td-1\"><p class=\"bodytext\">Zwergschnauzer<\/p><\/td><\/tr><tr><td class=\"td-0\"><strong>Erbgang<\/strong><\/td><td class=\"td-1\"><p class=\"bodytext\">autosomal-rezessiv<\/p><\/td><\/tr><tr><td class=\"td-0\"><strong>Dauer<\/strong><\/td><td class=\"td-1\"><p class=\"bodytext\">3 - 5 Werktage nach Erhalt der Probe<\/p><\/td><\/tr><\/table>\n","protected":false},"excerpt":{"rendered":"<p>Progressive Retinaatrophie (Typ B1-PRA, HIVEP3)LABOKLIN Leistungs-ID: 8546Die Progressive Retinaatrophie (PRA) ist eine fortschreitende Erkrankung der Netzhaut (Retina). Dabei werden die Photorezeptoren des Auges im Laufe der Zeit zerst\u00f6rt. Dies f\u00fchrt zu zunehmenden Nachtblindheit sowie dem Verlust der Anpassung des Sehverm\u00f6gens. Neuesten wissenschaftlichen Untersuchungen zufolge ist eine Mutation im HIVEP3-Gen f\u00fcr die fr\u00fche Form der Typ&hellip;<\/p>\n","protected":false},"author":1,"featured_media":0,"parent":1332701,"menu_order":90,"comment_status":"closed","ping_status":"closed","template":"","meta":{"_seopress_robots_primary_cat":"","_seopress_titles_title":"","_seopress_titles_desc":"","_seopress_robots_index":"","footnotes":""},"class_list":["post-1336499","page","type-page","status-publish","hentry","description-off"],"_links":{"self":[{"href":"https:\/\/laboklin.de\/de-at\/wp-json\/wp\/v2\/pages\/1336499","targetHints":{"allow":["GET"]}}],"collection":[{"href":"https:\/\/laboklin.de\/de-at\/wp-json\/wp\/v2\/pages"}],"about":[{"href":"https:\/\/laboklin.de\/de-at\/wp-json\/wp\/v2\/types\/page"}],"author":[{"embeddable":true,"href":"https:\/\/laboklin.de\/de-at\/wp-json\/wp\/v2\/users\/1"}],"replies":[{"embeddable":true,"href":"https:\/\/laboklin.de\/de-at\/wp-json\/wp\/v2\/comments?post=1336499"}],"version-history":[{"count":1,"href":"https:\/\/laboklin.de\/de-at\/wp-json\/wp\/v2\/pages\/1336499\/revisions"}],"predecessor-version":[{"id":1509415,"href":"https:\/\/laboklin.de\/de-at\/wp-json\/wp\/v2\/pages\/1336499\/revisions\/1509415"}],"up":[{"embeddable":true,"href":"https:\/\/laboklin.de\/de-at\/wp-json\/wp\/v2\/pages\/1332701"}],"wp:attachment":[{"href":"https:\/\/laboklin.de\/de-at\/wp-json\/wp\/v2\/media?parent=1336499"}],"curies":[{"name":"wp","href":"https:\/\/api.w.org\/{rel}","templated":true}]}}