{"id":1336492,"date":"2020-10-16T11:36:27","date_gmt":"2020-10-16T09:36:27","guid":{"rendered":"https:\/\/laboklin.de\/leistungen\/genetik\/erbkrankheiten\/hund\/oberes-luftweg-syndrom-uas\/"},"modified":"2025-02-17T09:47:00","modified_gmt":"2025-02-17T08:47:00","slug":"oberes-luftweg-syndrom-uas","status":"publish","type":"page","link":"https:\/\/laboklin.de\/de-at\/leistungen\/genetik\/erbkrankheiten\/hund\/oberes-luftweg-syndrom-uas\/","title":{"rendered":"Oberes Luftweg-Syndrom (UAS)"},"content":{"rendered":"<h3 class=\"csc-firstHeader\">Oberes Luftweg-Syndrom (UAS)<\/h3><p><span>LABOKLIN Leistungs-ID: 8391<\/span><\/p><p class=\"bodytext\">Der Norwich Terrier wird als \u201emesocephale\u201c Rasse eingestuft. W\u00e4hrend brachycephale Rassen eine Pr\u00e4disposition f\u00fcr das Brachycephalic Obstructive Airway Syndrome (BOAS) tragen, kann bei Norwich Terriern h\u00e4ufig das Upper Airway Syndrome (UAS) gefunden werden. Bei beiden Syndromen (UAS und BOAS) kann es durch Einengungen der Atemwege zu Atemproblemen, Hitze- und Belastungsintoleranz, Zyanose und Kollapsen kommen.  <br \/>\nBeim Norwich Terrier wurde eine Variante im ADAMTS3-Gen gefunden, die mit dem Upper Airway Syndrome (UAS) assoziiert werden kann. Homozygot betroffene Hunde besitzen ein verl\u00e4ngertes Gaumensegel, das \u00fcber den Kehldeckel hervorsteht. Zudem sind die Knorpel gekippt und reichen in den Luftweg hinein, die normalerweise am Kehlkopf vorhandenen Schleimhautaussackungen (Larynx-Ventrikel) sind evertiert (nach innen zum Kehlkopf \u201eumgest\u00fclpt\u201c)  und es kann zu Stimmfalten-\u00d6demen kommen.    <br \/>\n<\/p><table class=\"tx-laboklinleistung-table contenttable contenttable-2\" style=\"margin-top: 35px;\"><tr><td class=\"td-0\"><strong>Methode<\/strong><\/td><td class=\"td-1\"><p class=\"bodytext\">Sequenzierung<\/p><\/td><\/tr><tr><td class=\"td-0\"><strong>Rasse<\/strong><\/td><td class=\"td-1\"><p class=\"bodytext\">Norwich Terrier<\/p><\/td><\/tr><tr><td class=\"td-0\"><strong>Erbgang<\/strong><\/td><td class=\"td-1\"><p class=\"bodytext\">autosomal-rezessiv<\/p><\/td><\/tr><tr><td class=\"td-0\"><strong>Dauer<\/strong><\/td><td class=\"td-1\"><p class=\"bodytext\">1 - 2 Wochen nach Erhalt der Proben<\/p><\/td><\/tr><\/table>\n","protected":false},"excerpt":{"rendered":"<p>Oberes Luftweg-Syndrom (UAS)LABOKLIN Leistungs-ID: 8391Der Norwich Terrier wird als \u201emesocephale\u201c Rasse eingestuft. W\u00e4hrend brachycephale Rassen eine Pr\u00e4disposition f\u00fcr das Brachycephalic Obstructive Airway Syndrome (BOAS) tragen, kann bei Norwich Terriern h\u00e4ufig das Upper Airway Syndrome (UAS) gefunden werden. Bei beiden Syndromen (UAS und BOAS) kann es durch Einengungen der Atemwege zu Atemproblemen, Hitze- und Belastungsintoleranz, Zyanose&hellip;<\/p>\n","protected":false},"author":1,"featured_media":0,"parent":1332701,"menu_order":88,"comment_status":"closed","ping_status":"closed","template":"","meta":{"_seopress_robots_primary_cat":"","_seopress_titles_title":"","_seopress_titles_desc":"","_seopress_robots_index":"","footnotes":""},"class_list":["post-1336492","page","type-page","status-publish","hentry","description-off"],"_links":{"self":[{"href":"https:\/\/laboklin.de\/de-at\/wp-json\/wp\/v2\/pages\/1336492","targetHints":{"allow":["GET"]}}],"collection":[{"href":"https:\/\/laboklin.de\/de-at\/wp-json\/wp\/v2\/pages"}],"about":[{"href":"https:\/\/laboklin.de\/de-at\/wp-json\/wp\/v2\/types\/page"}],"author":[{"embeddable":true,"href":"https:\/\/laboklin.de\/de-at\/wp-json\/wp\/v2\/users\/1"}],"replies":[{"embeddable":true,"href":"https:\/\/laboklin.de\/de-at\/wp-json\/wp\/v2\/comments?post=1336492"}],"version-history":[{"count":1,"href":"https:\/\/laboklin.de\/de-at\/wp-json\/wp\/v2\/pages\/1336492\/revisions"}],"predecessor-version":[{"id":1336495,"href":"https:\/\/laboklin.de\/de-at\/wp-json\/wp\/v2\/pages\/1336492\/revisions\/1336495"}],"up":[{"embeddable":true,"href":"https:\/\/laboklin.de\/de-at\/wp-json\/wp\/v2\/pages\/1332701"}],"wp:attachment":[{"href":"https:\/\/laboklin.de\/de-at\/wp-json\/wp\/v2\/media?parent=1336492"}],"curies":[{"name":"wp","href":"https:\/\/api.w.org\/{rel}","templated":true}]}}