{"id":1336490,"date":"2020-10-16T11:36:27","date_gmt":"2020-10-16T09:36:27","guid":{"rendered":"https:\/\/laboklin.de\/leistungen\/genetik\/erbkrankheiten\/hund\/glaukom-und-goniodysgenesie-gg\/"},"modified":"2025-02-05T13:11:00","modified_gmt":"2025-02-05T12:11:00","slug":"glaukom-und-goniodysgenesie-gg","status":"publish","type":"page","link":"https:\/\/laboklin.de\/de-at\/leistungen\/genetik\/erbkrankheiten\/hund\/glaukom-und-goniodysgenesie-gg\/","title":{"rendered":"Glaukom und Goniodysgenesie (GG)"},"content":{"rendered":"<h3 class=\"csc-firstHeader\">Glaukom und Goniodysgenesie (GG)<\/h3><p><span>LABOKLIN Leistungs-ID: 8635<\/span><\/p><p class=\"bodytext\">Goniodysgenesie beschreibt eine Entwicklungsst\u00f6rung in der Vorderkammer des Auges, bei der es zur Verengung bzw. zum Verschluss intraokul\u00e4rer Kan\u00e4le des iridokornealen Winkels (ICA) kommt, \u00fcber welchen das \u00fcbersch\u00fcssige Kammerwasser abgef\u00fchrt wird.  Der erh\u00f6hte Druck (Glaukombildung) besch\u00e4digt die retinalen Ganglienzellen und kann zur Blindheit f\u00fchren. Beim Border Collie wurde eine Mutation im Olfactomedin-like 3-Gen (OLFML3) identifiziert, welche mit der genetischen Pr\u00e4disposition f\u00fcr schwerwiegende Goniodysgenesie assoziiert ist. Das OLFML3-Protein ist an der Bildung von Protein-Protein-Interaktionen, Zelladh\u00e4sionen und intrazellul\u00e4ren Interaktionen beteiligt. Bei einzelnen als heterozygot getesteten Tr\u00e4gern wurde ebenfalls eine Goniodysgenesie (aber ohne Glaukom) diagnostiziert. Zudem konnte bei mehreren Hunden  trotz schwerer Goniodysgenesie \u00fcber 15 Jahre und mehr hinweg kein Glaukom festgestellt werden. Aufgrund dieser Beobachtungen wird angenommen, dass die Entwicklung eines Glaukoms durch eine Kombination von genetischen Faktoren mit Umwelteinfl\u00fcssen und\/oder Zufallsfaktoren beg\u00fcnstigt wird. Zudem kann die beschriebene Variante im OLFLM3-Gen nicht mit der milden Form der Goniodysgenesie assoziiert werden, was darauf hindeutet, dass die milde Form durch andere genetische Dispositionen bedingt wird. <br \/>\r\n<br \/>\r\n<\/p><table class=\"tx-laboklinleistung-table contenttable contenttable-2\" style=\"margin-top: 35px;\"><tr><td class=\"td-0\"><strong>Methode<\/strong><\/td><td class=\"td-1\"><p class=\"bodytext\">TaqMan SNP Assay<\/p><\/td><\/tr><tr><td class=\"td-0\"><strong>Rasse<\/strong><\/td><td class=\"td-1\"><p class=\"bodytext\">Border Collie<\/p><\/td><\/tr><tr><td class=\"td-0\"><strong>Erbgang<\/strong><\/td><td class=\"td-1\"><p class=\"bodytext\">vermutlich autosomal-rezessiv (noch in Erforschung)<\/p><\/td><\/tr><tr><td class=\"td-0\"><strong>Dauer<\/strong><\/td><td class=\"td-1\"><p class=\"bodytext\">3 - 5 Werktage nach Erhalt der Probe<\/p><\/td><\/tr><\/table>\n","protected":false},"excerpt":{"rendered":"<p>Glaukom und Goniodysgenesie (GG)LABOKLIN Leistungs-ID: 8635Goniodysgenesie beschreibt eine Entwicklungsst\u00f6rung in der Vorderkammer des Auges, bei der es zur Verengung bzw. zum Verschluss intraokul\u00e4rer Kan\u00e4le des iridokornealen Winkels (ICA) kommt, \u00fcber welchen das \u00fcbersch\u00fcssige Kammerwasser abgef\u00fchrt wird. Der erh\u00f6hte Druck (Glaukombildung) besch\u00e4digt die retinalen Ganglienzellen und kann zur Blindheit f\u00fchren. Beim Border Collie wurde eine Mutation&hellip;<\/p>\n","protected":false},"author":1,"featured_media":0,"parent":1332701,"menu_order":87,"comment_status":"closed","ping_status":"closed","template":"","meta":{"_seopress_robots_primary_cat":"","_seopress_titles_title":"","_seopress_titles_desc":"","_seopress_robots_index":"","footnotes":""},"class_list":["post-1336490","page","type-page","status-publish","hentry","description-off"],"_links":{"self":[{"href":"https:\/\/laboklin.de\/de-at\/wp-json\/wp\/v2\/pages\/1336490","targetHints":{"allow":["GET"]}}],"collection":[{"href":"https:\/\/laboklin.de\/de-at\/wp-json\/wp\/v2\/pages"}],"about":[{"href":"https:\/\/laboklin.de\/de-at\/wp-json\/wp\/v2\/types\/page"}],"author":[{"embeddable":true,"href":"https:\/\/laboklin.de\/de-at\/wp-json\/wp\/v2\/users\/1"}],"replies":[{"embeddable":true,"href":"https:\/\/laboklin.de\/de-at\/wp-json\/wp\/v2\/comments?post=1336490"}],"version-history":[{"count":1,"href":"https:\/\/laboklin.de\/de-at\/wp-json\/wp\/v2\/pages\/1336490\/revisions"}],"predecessor-version":[{"id":1507024,"href":"https:\/\/laboklin.de\/de-at\/wp-json\/wp\/v2\/pages\/1336490\/revisions\/1507024"}],"up":[{"embeddable":true,"href":"https:\/\/laboklin.de\/de-at\/wp-json\/wp\/v2\/pages\/1332701"}],"wp:attachment":[{"href":"https:\/\/laboklin.de\/de-at\/wp-json\/wp\/v2\/media?parent=1336490"}],"curies":[{"name":"wp","href":"https:\/\/api.w.org\/{rel}","templated":true}]}}