{"id":1336480,"date":"2020-10-16T11:36:27","date_gmt":"2020-10-16T09:36:27","guid":{"rendered":"https:\/\/laboklin.de\/leistungen\/genetik\/erbkrankheiten\/hund\/leukozyten-adhaesionsdefizienz-3-lad3\/"},"modified":"2025-02-17T09:22:10","modified_gmt":"2025-02-17T08:22:10","slug":"leukozyten-adhaesionsdefizienz-3-lad3","status":"publish","type":"page","link":"https:\/\/laboklin.de\/de-at\/leistungen\/genetik\/erbkrankheiten\/hund\/leukozyten-adhaesionsdefizienz-3-lad3\/","title":{"rendered":"Leukozyten-Adh\u00e4sionsdefizienz 3 (LAD3)"},"content":{"rendered":"<h3 class=\"csc-firstHeader\">Leukozyten-Adh\u00e4sionsdefizienz III (LAD3)<\/h3><p><span>LABOKLIN Leistungs-ID: 8327<\/span><\/p><p class=\"bodytext\">Die Leukozyten-Adh\u00e4sionsdefizienz ist eine erbliche Immunkrankheit. Sie wird durch eine rezessive Mutation ausgel\u00f6st, die den Zell-Zell Kontakt betrifft. Dadurch ist die Chemotaxis der wei\u00dfen Blutzellen gest\u00f6rt. So k\u00f6nnen zum Beispiel Granulozyten nicht mehr zu einem Infektionsbereich vordringen. Diese Tiere k\u00f6nnen weder Eiter, noch eine Neutrophilie ausbilden. Betroffene Hunde entwickeln wegen ihres schwachen Immunsystems schon sehr fr\u00fch schwere, oft lebensbedrohliche Infektionen, die selbst durch hohe Gaben von Antibiotika nicht zu behandeln sind.<\/p><table class=\"tx-laboklinleistung-table contenttable contenttable-2\" style=\"margin-top: 35px;\"><tr><td class=\"td-0\"><strong>Methode<\/strong><\/td><td class=\"td-1\"><p class=\"bodytext\">Sequenzierung<\/p><\/td><\/tr><tr><td class=\"td-0\"><strong>Rasse<\/strong><\/td><td class=\"td-1\"><p class=\"bodytext\">Deutscher Sch\u00e4ferhund<\/p><\/td><\/tr><tr><td class=\"td-0\"><strong>Erbgang<\/strong><\/td><td class=\"td-1\"><p class=\"bodytext\">autosomal-rezessiv<\/p><\/td><\/tr><tr><td class=\"td-0\"><strong>Dauer<\/strong><\/td><td class=\"td-1\"><p class=\"bodytext\">1 - 2 Wochen nach Erhalt der Probe<\/p><\/td><\/tr><\/table>\n","protected":false},"excerpt":{"rendered":"<p>Leukozyten-Adh\u00e4sionsdefizienz III (LAD3)LABOKLIN Leistungs-ID: 8327Die Leukozyten-Adh\u00e4sionsdefizienz ist eine erbliche Immunkrankheit. Sie wird durch eine rezessive Mutation ausgel\u00f6st, die den Zell-Zell Kontakt betrifft. Dadurch ist die Chemotaxis der wei\u00dfen Blutzellen gest\u00f6rt. So k\u00f6nnen zum Beispiel Granulozyten nicht mehr zu einem Infektionsbereich vordringen. Diese Tiere k\u00f6nnen weder Eiter, noch eine Neutrophilie ausbilden. Betroffene Hunde entwickeln wegen ihres&hellip;<\/p>\n","protected":false},"author":1,"featured_media":0,"parent":1332701,"menu_order":83,"comment_status":"closed","ping_status":"closed","template":"","meta":{"_seopress_robots_primary_cat":"","_seopress_titles_title":"","_seopress_titles_desc":"","_seopress_robots_index":"","footnotes":""},"class_list":["post-1336480","page","type-page","status-publish","hentry","description-off"],"_links":{"self":[{"href":"https:\/\/laboklin.de\/de-at\/wp-json\/wp\/v2\/pages\/1336480","targetHints":{"allow":["GET"]}}],"collection":[{"href":"https:\/\/laboklin.de\/de-at\/wp-json\/wp\/v2\/pages"}],"about":[{"href":"https:\/\/laboklin.de\/de-at\/wp-json\/wp\/v2\/types\/page"}],"author":[{"embeddable":true,"href":"https:\/\/laboklin.de\/de-at\/wp-json\/wp\/v2\/users\/1"}],"replies":[{"embeddable":true,"href":"https:\/\/laboklin.de\/de-at\/wp-json\/wp\/v2\/comments?post=1336480"}],"version-history":[{"count":1,"href":"https:\/\/laboklin.de\/de-at\/wp-json\/wp\/v2\/pages\/1336480\/revisions"}],"predecessor-version":[{"id":1336483,"href":"https:\/\/laboklin.de\/de-at\/wp-json\/wp\/v2\/pages\/1336480\/revisions\/1336483"}],"up":[{"embeddable":true,"href":"https:\/\/laboklin.de\/de-at\/wp-json\/wp\/v2\/pages\/1332701"}],"wp:attachment":[{"href":"https:\/\/laboklin.de\/de-at\/wp-json\/wp\/v2\/media?parent=1336480"}],"curies":[{"name":"wp","href":"https:\/\/api.w.org\/{rel}","templated":true}]}}