{"id":1336461,"date":"2020-10-16T11:36:27","date_gmt":"2020-10-16T09:36:27","guid":{"rendered":"https:\/\/laboklin.de\/leistungen\/genetik\/erbkrankheiten\/hund\/lippen-kiefer-gaumenspalte-und-syndaktylie-clps\/"},"modified":"2025-11-24T08:08:50","modified_gmt":"2025-11-24T07:08:50","slug":"lippen-kiefer-gaumenspalte-und-syndaktylie-clpscp1","status":"publish","type":"page","link":"https:\/\/laboklin.de\/de-at\/leistungen\/genetik\/erbkrankheiten\/hund\/lippen-kiefer-gaumenspalte-und-syndaktylie-clpscp1\/","title":{"rendered":"Lippen-Kiefer-Gaumenspalte und Syndaktylie (CLPS+CP1)"},"content":{"rendered":"<h3 class=\"csc-firstHeader\">Lippen-Kiefer-Gaumenspalte und Syndaktylie (CLPS+CP1)<\/h3><p><span>LABOKLIN Leistungs-ID: 8326<\/span><\/p><p class=\"bodytext\">Lippen-Kiefer-Gaumenspalte und Syndaktylie (CLPS) is eine erblich bedingte Krankheit, die bisher nur beim Nova Scotia Duck Tolling Retriever nachgewiesen wurde. Zwei unterschiedliche genetische Ursachen sind f\u00fcr die Kiefer-Gaumenspalte beim Nova Scotia Duck Tolling Retriever verantwortlich: Eine Variante im Gen CP1 und eine weitere Variante im Gen ADAMTS20, welche auch beim Menschen zu \u00e4hnlichen Symptomen f\u00fchrt. Beide Varianten werden autosomal-rezessiv vererbt. <br \/>\r\nCLPS stellt eine angeborene Fehlbildung dar, bei der die betroffenen Welpen bereits bei der Geburt ein Loch im Gaumen aufweisen. Aufgrund dieser Auff\u00e4lligkeit haben die Welpen Schwierigkeiten beim S\u00e4ugen und besitzen ein erh\u00f6htes Risiko f\u00fcr die Entwicklung einer Aspirationspneumonie, da Milch in die Lunge eindringen kann. Bei manchen betroffenen Welpen kann zudem ein verk\u00fcrzter Unterkiefer auftreten (eine sogenannte Brachygnathie). Im Falle der ADAMTS20-Variante kann der pathologische Zusammenwuchs der mittleren Zehen, die Syndaktylie, ein weiteres Symptom der Erkrankung sein. <br \/>\r\n<\/p><table class=\"tx-laboklinleistung-table contenttable contenttable-2\" style=\"margin-top: 35px;\"><tr><td class=\"td-0\"><strong>Methode<\/strong><\/td><td class=\"td-1\"><p class=\"bodytext\">Fragmentl\u00e4ngenanalyse (CP1) und TaqMan SNP Assay, ggf. Sequenzierung (ADAMTS20)<\/p><\/td><\/tr><tr><td class=\"td-0\"><strong>Rasse<\/strong><\/td><td class=\"td-1\"><p class=\"bodytext\">Nova Scotia Duck Tolling Retriever<\/p><\/td><\/tr><tr><td class=\"td-0\"><strong>Erbgang<\/strong><\/td><td class=\"td-1\"><p class=\"bodytext\">autosomal-rezessiv<\/p><\/td><\/tr><tr><td class=\"td-0\"><strong>Dauer<\/strong><\/td><td class=\"td-1\"><p class=\"bodytext\">3 - 14 Werktage nach Erhalt der Probe <\/p><\/td><\/tr><\/table>\n","protected":false},"excerpt":{"rendered":"<p>Erfahren Sie mehr \u00fcber die genetische Krankheit CLPSCP1 beim Hund, ihre Symptome, Ursachen und wie ein DNA-Test helfen kann.<\/p>\n","protected":false},"author":1,"featured_media":0,"parent":1332701,"menu_order":74,"comment_status":"closed","ping_status":"closed","template":"","meta":{"_seopress_robots_primary_cat":"","_seopress_titles_title":"Lippen-Kiefer-Gaumenspalte beim Hund verstehen","_seopress_titles_desc":"Erfahren Sie mehr \u00fcber die genetische Krankheit CLPSCP1 beim Hund, ihre Symptome, Ursachen und wie ein DNA-Test helfen kann.","_seopress_robots_index":"","footnotes":""},"class_list":["post-1336461","page","type-page","status-publish","hentry","description-off"],"_links":{"self":[{"href":"https:\/\/laboklin.de\/de-at\/wp-json\/wp\/v2\/pages\/1336461","targetHints":{"allow":["GET"]}}],"collection":[{"href":"https:\/\/laboklin.de\/de-at\/wp-json\/wp\/v2\/pages"}],"about":[{"href":"https:\/\/laboklin.de\/de-at\/wp-json\/wp\/v2\/types\/page"}],"author":[{"embeddable":true,"href":"https:\/\/laboklin.de\/de-at\/wp-json\/wp\/v2\/users\/1"}],"replies":[{"embeddable":true,"href":"https:\/\/laboklin.de\/de-at\/wp-json\/wp\/v2\/comments?post=1336461"}],"version-history":[{"count":3,"href":"https:\/\/laboklin.de\/de-at\/wp-json\/wp\/v2\/pages\/1336461\/revisions"}],"predecessor-version":[{"id":1574598,"href":"https:\/\/laboklin.de\/de-at\/wp-json\/wp\/v2\/pages\/1336461\/revisions\/1574598"}],"up":[{"embeddable":true,"href":"https:\/\/laboklin.de\/de-at\/wp-json\/wp\/v2\/pages\/1332701"}],"wp:attachment":[{"href":"https:\/\/laboklin.de\/de-at\/wp-json\/wp\/v2\/media?parent=1336461"}],"curies":[{"name":"wp","href":"https:\/\/api.w.org\/{rel}","templated":true}]}}