{"id":1336451,"date":"2020-10-16T11:36:27","date_gmt":"2020-10-16T09:36:27","guid":{"rendered":"https:\/\/laboklin.de\/leistungen\/genetik\/erbkrankheiten\/hund\/musladin-lueke-syndrom-mls\/"},"modified":"2025-02-17T09:36:02","modified_gmt":"2025-02-17T08:36:02","slug":"musladin-lueke-syndrom-mls","status":"publish","type":"page","link":"https:\/\/laboklin.de\/de-at\/leistungen\/genetik\/erbkrankheiten\/hund\/musladin-lueke-syndrom-mls\/","title":{"rendered":"Musladin-Lueke Syndrom (MLS)"},"content":{"rendered":"<h3 class=\"csc-firstHeader\">Musladin-Lueke Syndrom (MLS)<\/h3><p><span>LABOKLIN Leistungs-ID: 8411<\/span><\/p><p class=\"bodytext\">Das Musladin-Lueke Syndrom (MLS) wird verursacht durch eine ausgepr\u00e4gte Fibrose der Haut und Gelenke. Erste Symptome sind bereits im Alter von 2 - 4 Wochen zu erkennen. Im Laufe des ersten Jahres verschlimmert sich die Erkrankung, um sich dann mit 1 Jahr zu stabilisieren. Als Welpen gedeihen betroffene Hunde nicht gut. Au\u00dferdem weisen sie verk\u00fcrzte \u00e4u\u00dfere Zehen, einen festen K\u00f6rperbau aufgrund der verst\u00e4rkten Haut und Muskeln sowie eine typische flache Kopfform auf. Die Hunde laufen auf den vorderen Ballen, was zu einem Ballerina-\u00e4hnlichen Gang f\u00fchrt. Betroffene Hunde leiden weiterhin unter Arthrose und Steifheit. Sie zeigen ein ungew\u00f6hnlich freundliches Wesen. <\/p><table class=\"tx-laboklinleistung-table contenttable contenttable-2\" style=\"margin-top: 35px;\"><tr><td class=\"td-0\"><strong>Methode<\/strong><\/td><td class=\"td-1\"><p class=\"bodytext\">TaqMan SNP Assay<\/p><\/td><\/tr><tr><td class=\"td-0\"><strong>Rasse<\/strong><\/td><td class=\"td-1\"><p class=\"bodytext\">Beagle<\/p><\/td><\/tr><tr><td class=\"td-0\"><strong>Erbgang<\/strong><\/td><td class=\"td-1\"><p class=\"bodytext\">autosomal-rezessiv<\/p><\/td><\/tr><tr><td class=\"td-0\"><strong>Dauer<\/strong><\/td><td class=\"td-1\"><p class=\"bodytext\">3 - 5 Werktage nach Erhalt der Probe<\/p><\/td><\/tr><\/table>\n","protected":false},"excerpt":{"rendered":"<p>Musladin-Lueke Syndrom (MLS)LABOKLIN Leistungs-ID: 8411Das Musladin-Lueke Syndrom (MLS) wird verursacht durch eine ausgepr\u00e4gte Fibrose der Haut und Gelenke. Erste Symptome sind bereits im Alter von 2 &#8211; 4 Wochen zu erkennen. Im Laufe des ersten Jahres verschlimmert sich die Erkrankung, um sich dann mit 1 Jahr zu stabilisieren. Als Welpen gedeihen betroffene Hunde nicht gut.&hellip;<\/p>\n","protected":false},"author":1,"featured_media":0,"parent":1332701,"menu_order":70,"comment_status":"closed","ping_status":"closed","template":"","meta":{"_seopress_robots_primary_cat":"","_seopress_titles_title":"","_seopress_titles_desc":"","_seopress_robots_index":"","footnotes":""},"class_list":["post-1336451","page","type-page","status-publish","hentry","description-off"],"_links":{"self":[{"href":"https:\/\/laboklin.de\/de-at\/wp-json\/wp\/v2\/pages\/1336451","targetHints":{"allow":["GET"]}}],"collection":[{"href":"https:\/\/laboklin.de\/de-at\/wp-json\/wp\/v2\/pages"}],"about":[{"href":"https:\/\/laboklin.de\/de-at\/wp-json\/wp\/v2\/types\/page"}],"author":[{"embeddable":true,"href":"https:\/\/laboklin.de\/de-at\/wp-json\/wp\/v2\/users\/1"}],"replies":[{"embeddable":true,"href":"https:\/\/laboklin.de\/de-at\/wp-json\/wp\/v2\/comments?post=1336451"}],"version-history":[{"count":1,"href":"https:\/\/laboklin.de\/de-at\/wp-json\/wp\/v2\/pages\/1336451\/revisions"}],"predecessor-version":[{"id":1509137,"href":"https:\/\/laboklin.de\/de-at\/wp-json\/wp\/v2\/pages\/1336451\/revisions\/1509137"}],"up":[{"embeddable":true,"href":"https:\/\/laboklin.de\/de-at\/wp-json\/wp\/v2\/pages\/1332701"}],"wp:attachment":[{"href":"https:\/\/laboklin.de\/de-at\/wp-json\/wp\/v2\/media?parent=1336451"}],"curies":[{"name":"wp","href":"https:\/\/api.w.org\/{rel}","templated":true}]}}