{"id":1336449,"date":"2020-10-16T11:36:27","date_gmt":"2020-10-16T09:36:27","guid":{"rendered":"https:\/\/laboklin.de\/leistungen\/genetik\/erbkrankheiten\/hund\/myotonia-congenita\/"},"modified":"2025-02-17T09:37:55","modified_gmt":"2025-02-17T08:37:55","slug":"myotonia-congenita","status":"publish","type":"page","link":"https:\/\/laboklin.de\/de-at\/leistungen\/genetik\/erbkrankheiten\/hund\/myotonia-congenita\/","title":{"rendered":"Myotonia congenita"},"content":{"rendered":"<h3 class=\"csc-firstHeader\">Myotonia congenita<\/h3><p><span>LABOKLIN Leistungs-ID: 8022<\/span><\/p><p class=\"bodytext\">Myotonia congenita ist eine Krankheit, die die Skelettmuskulatur betrifft. Verursacht wird sie von einer Genmutation, die die Funktion der Chlorid-Kan\u00e4le beeinflusst und die entgegen vorheriger Annahmen autosomal-rezessiv vererbt wird. Symptome der Krankheit sind vor allem ein steifer, staksiger Gang, der sich allerdings durch \u00dcbung wieder verbessern l\u00e4sst. Oft werden Schwierigkeiten beim Schlucken, ebenso wie \u00fcberm\u00e4\u00dfiges Speicheln beobachtet. Alle betroffenen Zwergschnauzer zeigten eine abnorme Bezahnung und einen \u00dcberbiss, in manchen F\u00e4llen auch abnormes Bellen. F\u00fcr andere Hunderassen und andere Spezies ist dies kein typisches Krankheitsbild. <\/p><table class=\"tx-laboklinleistung-table contenttable contenttable-2\" style=\"margin-top: 35px;\"><tr><td class=\"td-0\"><strong>Methode<\/strong><\/td><td class=\"td-1\"><p class=\"bodytext\">TaqMan SNP Assay (Zwergchnauzer); Sequenzierung (Australian Cattle Dog, Border Collie, Labrador Retriever)<\/p><\/td><\/tr><tr><td class=\"td-0\"><strong>Rasse<\/strong><\/td><td class=\"td-1\"><p class=\"bodytext\">Australian Cattle Dog, Australian-Labradoodle (Cobberdog), Border Collie, Labradoodle, Labrador Retriever, Zwergschnauzer<\/p><\/td><\/tr><tr><td class=\"td-0\"><strong>Erbgang<\/strong><\/td><td class=\"td-1\"><p class=\"bodytext\">autosomal-rezessiv<\/p><\/td><\/tr><tr><td class=\"td-0\"><strong>Dauer<\/strong><\/td><td class=\"td-1\"><p class=\"bodytext\">3 - 5 Werktage nach Erhalt der Probe (Zwergchnauzer); 1 - 2 Wochen nach Erhalt der Probe (Australian Cattle Dog, Border Collie, Labrador Retriever)<\/p><\/td><\/tr><\/table>\n","protected":false},"excerpt":{"rendered":"<p>Myotonia congenitaLABOKLIN Leistungs-ID: 8022Myotonia congenita ist eine Krankheit, die die Skelettmuskulatur betrifft. Verursacht wird sie von einer Genmutation, die die Funktion der Chlorid-Kan\u00e4le beeinflusst und die entgegen vorheriger Annahmen autosomal-rezessiv vererbt wird. Symptome der Krankheit sind vor allem ein steifer, staksiger Gang, der sich allerdings durch \u00dcbung wieder verbessern l\u00e4sst. Oft werden Schwierigkeiten beim Schlucken,&hellip;<\/p>\n","protected":false},"author":1,"featured_media":0,"parent":1332701,"menu_order":69,"comment_status":"closed","ping_status":"closed","template":"","meta":{"_seopress_robots_primary_cat":"","_seopress_titles_title":"","_seopress_titles_desc":"","_seopress_robots_index":"","footnotes":""},"class_list":["post-1336449","page","type-page","status-publish","hentry","description-off"],"_links":{"self":[{"href":"https:\/\/laboklin.de\/de-at\/wp-json\/wp\/v2\/pages\/1336449","targetHints":{"allow":["GET"]}}],"collection":[{"href":"https:\/\/laboklin.de\/de-at\/wp-json\/wp\/v2\/pages"}],"about":[{"href":"https:\/\/laboklin.de\/de-at\/wp-json\/wp\/v2\/types\/page"}],"author":[{"embeddable":true,"href":"https:\/\/laboklin.de\/de-at\/wp-json\/wp\/v2\/users\/1"}],"replies":[{"embeddable":true,"href":"https:\/\/laboklin.de\/de-at\/wp-json\/wp\/v2\/comments?post=1336449"}],"version-history":[{"count":1,"href":"https:\/\/laboklin.de\/de-at\/wp-json\/wp\/v2\/pages\/1336449\/revisions"}],"predecessor-version":[{"id":1509145,"href":"https:\/\/laboklin.de\/de-at\/wp-json\/wp\/v2\/pages\/1336449\/revisions\/1509145"}],"up":[{"embeddable":true,"href":"https:\/\/laboklin.de\/de-at\/wp-json\/wp\/v2\/pages\/1332701"}],"wp:attachment":[{"href":"https:\/\/laboklin.de\/de-at\/wp-json\/wp\/v2\/media?parent=1336449"}],"curies":[{"name":"wp","href":"https:\/\/api.w.org\/{rel}","templated":true}]}}