{"id":1336444,"date":"2020-10-16T11:36:27","date_gmt":"2020-10-16T09:36:27","guid":{"rendered":"https:\/\/laboklin.de\/leistungen\/genetik\/erbkrankheiten\/hund\/narkolepsie\/"},"modified":"2025-02-17T09:39:40","modified_gmt":"2025-02-17T08:39:40","slug":"narkolepsie","status":"publish","type":"page","link":"https:\/\/laboklin.de\/de-at\/leistungen\/genetik\/erbkrankheiten\/hund\/narkolepsie\/","title":{"rendered":"Narkolepsie"},"content":{"rendered":"<h3 class=\"csc-firstHeader\">Narkolepsie<\/h3><p><span>LABOKLIN Leistungs-ID: 8067<\/span><\/p><p class=\"bodytext\">Narkolepsie ist eine neurologische Erkrankung, die sich durch Tagesschl\u00e4frigkeit mit einem unwiderstehlichen Schlafdrang zu v\u00f6llig falschen Zeiten auszeichnet. Das Tier leidet unter Schlafattacken, Kataplexie und Schlafl\u00e4hmung, welche teilweise dem REM-Schlaf \u00e4hnelt. Verursacht wird diese Erkrankung durch eine Mutation in dem Gen f\u00fcr den Hypocretin (Orexin) Rezeptor 2. <\/p><table class=\"tx-laboklinleistung-table contenttable contenttable-2\" style=\"margin-top: 35px;\"><tr><td class=\"td-0\"><strong>Methode<\/strong><\/td><td class=\"td-1\"><p class=\"bodytext\">Sequenzierung (Dackel, Dobermann); TaqMan SNP Assay (Labrador Retriever)<\/p><\/td><\/tr><tr><td class=\"td-0\"><strong>Rasse<\/strong><\/td><td class=\"td-1\"><p class=\"bodytext\">Australian-Labradoodle (Cobberdog), Dackel (Dachshund), Dobermann, Kurzhaardackel, Labradoodle, Labrador Retriever, Langhaardackel, Rauhhaardackel<\/p><\/td><\/tr><tr><td class=\"td-0\"><strong>Erbgang<\/strong><\/td><td class=\"td-1\"><p class=\"bodytext\">autosomal-rezessiv<\/p><\/td><\/tr><tr><td class=\"td-0\"><strong>Dauer<\/strong><\/td><td class=\"td-1\"><p class=\"bodytext\">1 - 2 Wochen nach Erhalt der Probe (Dackel, Dobermann); 3 - 5 Werkstage nach Erhalt der Probe (Labrador Retriever)<\/p><\/td><\/tr><\/table>\n","protected":false},"excerpt":{"rendered":"<p>NarkolepsieLABOKLIN Leistungs-ID: 8067Narkolepsie ist eine neurologische Erkrankung, die sich durch Tagesschl\u00e4frigkeit mit einem unwiderstehlichen Schlafdrang zu v\u00f6llig falschen Zeiten auszeichnet. Das Tier leidet unter Schlafattacken, Kataplexie und Schlafl\u00e4hmung, welche teilweise dem REM-Schlaf \u00e4hnelt. Verursacht wird diese Erkrankung durch eine Mutation in dem Gen f\u00fcr den Hypocretin (Orexin) Rezeptor 2. MethodeSequenzierung (Dackel, Dobermann); TaqMan SNP Assay&hellip;<\/p>\n","protected":false},"author":1,"featured_media":0,"parent":1332701,"menu_order":68,"comment_status":"closed","ping_status":"closed","template":"","meta":{"_seopress_robots_primary_cat":"","_seopress_titles_title":"","_seopress_titles_desc":"","_seopress_robots_index":"","footnotes":""},"class_list":["post-1336444","page","type-page","status-publish","hentry","description-off"],"_links":{"self":[{"href":"https:\/\/laboklin.de\/de-at\/wp-json\/wp\/v2\/pages\/1336444","targetHints":{"allow":["GET"]}}],"collection":[{"href":"https:\/\/laboklin.de\/de-at\/wp-json\/wp\/v2\/pages"}],"about":[{"href":"https:\/\/laboklin.de\/de-at\/wp-json\/wp\/v2\/types\/page"}],"author":[{"embeddable":true,"href":"https:\/\/laboklin.de\/de-at\/wp-json\/wp\/v2\/users\/1"}],"replies":[{"embeddable":true,"href":"https:\/\/laboklin.de\/de-at\/wp-json\/wp\/v2\/comments?post=1336444"}],"version-history":[{"count":1,"href":"https:\/\/laboklin.de\/de-at\/wp-json\/wp\/v2\/pages\/1336444\/revisions"}],"predecessor-version":[{"id":1336447,"href":"https:\/\/laboklin.de\/de-at\/wp-json\/wp\/v2\/pages\/1336444\/revisions\/1336447"}],"up":[{"embeddable":true,"href":"https:\/\/laboklin.de\/de-at\/wp-json\/wp\/v2\/pages\/1332701"}],"wp:attachment":[{"href":"https:\/\/laboklin.de\/de-at\/wp-json\/wp\/v2\/media?parent=1336444"}],"curies":[{"name":"wp","href":"https:\/\/api.w.org\/{rel}","templated":true}]}}