{"id":1336428,"date":"2020-10-16T11:36:27","date_gmt":"2020-10-16T09:36:27","guid":{"rendered":"https:\/\/laboklin.de\/leistungen\/genetik\/erbkrankheiten\/hund\/progressive-retinaatrophie-prcd-pra\/"},"modified":"2025-12-17T14:16:57","modified_gmt":"2025-12-17T13:16:57","slug":"progressive-retinaatrophie-prcd-pra","status":"publish","type":"page","link":"https:\/\/laboklin.de\/de-at\/leistungen\/genetik\/erbkrankheiten\/hund\/progressive-retinaatrophie-prcd-pra\/","title":{"rendered":"Progressive Retinaatrophie (prcd-PRA)"},"content":{"rendered":"<h3 class=\"csc-firstHeader\">Progressive Retinaatrophie (prcd-PRA)<\/h3><p><span>LABOKLIN Leistungs-ID: 8127<\/span><\/p><p class=\"bodytext\">Die progressive Retinaatrophie (PRA) ist eine Augenerkrankung, die zu einer Degeneration der Netzhaut (Retina) und durch kontinuierliches Fortschreiten zur Erblindung f\u00fchrt. Die Netzhaut, an der hinteren Innenseite des Auges lokalisiert, ist f\u00fcr die Bildentstehung verantwortlich und besteht aus Lichtsinneszellen (Photorezeptorzellen) sowie spezialisierten Nervenzellen. Es werden zwei Typen von Photorezeptoren unterschieden: St\u00e4bchen und Zapfen. Die St\u00e4bchenzellen sind spezialisiert auf das D\u00e4mmerungs- (hell-dunkel) und Kontrastsehen. Die Zapfenzellen hingegen auf das Tages- und Farbsehen. Bei der prcd-PRA verlieren zuerst die St\u00e4bchenzellen ihre normale Funktion, dies f\u00fchrt zu fortschreitender Nachtblindheit und einem Verlust der Anpassung des Sehverm\u00f6gens. Im sp\u00e4teren Stadium werden auch die Zapfenzellen zerst\u00f6rt, so dass es schlie\u00dflich zur v\u00f6lligen Erblindung des Hundes kommt. Die klinischen Symptome treten in der Regel schon in der fr\u00fchen Jugend auf, in den verschieden Hunderassen allerdings zu unterschiedlichen Zeitpunkten.<\/p><table class=\"tx-laboklinleistung-table contenttable contenttable-2\" style=\"margin-top: 35px;\"><tr><td class=\"td-0\"><strong>Erbgang<\/strong><\/td><td class=\"td-1\"><p class=\"bodytext\">autosomal-rezessiv<\/p><\/td><\/tr><tr><td class=\"td-0\"><strong>Dauer<\/strong><\/td><td class=\"td-1\"><p class=\"bodytext\">1 - 2 Wochen nach Erhalt der Probe<\/p><\/td><\/tr><\/table>\n","protected":false},"excerpt":{"rendered":"<p>Progressive Retinaatrophie (prcd-PRA)LABOKLIN Leistungs-ID: 8127Die progressive Retinaatrophie (PRA) ist eine Augenerkrankung, die zu einer Degeneration der Netzhaut (Retina) und durch kontinuierliches Fortschreiten zur Erblindung f\u00fchrt. Die Netzhaut, an der hinteren Innenseite des Auges lokalisiert, ist f\u00fcr die Bildentstehung verantwortlich und besteht aus Lichtsinneszellen (Photorezeptorzellen) sowie spezialisierten Nervenzellen. Es werden zwei Typen von Photorezeptoren unterschieden: St\u00e4bchen&hellip;<\/p>\n","protected":false},"author":1,"featured_media":0,"parent":1332701,"menu_order":61,"comment_status":"closed","ping_status":"closed","template":"","meta":{"_seopress_robots_primary_cat":"","_seopress_titles_title":"","_seopress_titles_desc":"","_seopress_robots_index":"","footnotes":""},"class_list":["post-1336428","page","type-page","status-publish","hentry","description-off"],"_links":{"self":[{"href":"https:\/\/laboklin.de\/de-at\/wp-json\/wp\/v2\/pages\/1336428","targetHints":{"allow":["GET"]}}],"collection":[{"href":"https:\/\/laboklin.de\/de-at\/wp-json\/wp\/v2\/pages"}],"about":[{"href":"https:\/\/laboklin.de\/de-at\/wp-json\/wp\/v2\/types\/page"}],"author":[{"embeddable":true,"href":"https:\/\/laboklin.de\/de-at\/wp-json\/wp\/v2\/users\/1"}],"replies":[{"embeddable":true,"href":"https:\/\/laboklin.de\/de-at\/wp-json\/wp\/v2\/comments?post=1336428"}],"version-history":[{"count":2,"href":"https:\/\/laboklin.de\/de-at\/wp-json\/wp\/v2\/pages\/1336428\/revisions"}],"predecessor-version":[{"id":1578635,"href":"https:\/\/laboklin.de\/de-at\/wp-json\/wp\/v2\/pages\/1336428\/revisions\/1578635"}],"up":[{"embeddable":true,"href":"https:\/\/laboklin.de\/de-at\/wp-json\/wp\/v2\/pages\/1332701"}],"wp:attachment":[{"href":"https:\/\/laboklin.de\/de-at\/wp-json\/wp\/v2\/media?parent=1336428"}],"curies":[{"name":"wp","href":"https:\/\/api.w.org\/{rel}","templated":true}]}}