{"id":1336413,"date":"2021-11-11T15:52:30","date_gmt":"2021-11-11T14:52:30","guid":{"rendered":"https:\/\/laboklin.de\/leistungen\/genetik\/genetikpakete\/hund\/paket-zwergschnauzer\/"},"modified":"2021-11-11T15:52:30","modified_gmt":"2021-11-11T14:52:30","slug":"paket-zwergschnauzer","status":"publish","type":"page","link":"https:\/\/laboklin.de\/de-at\/leistungen\/genetik\/genetikpakete\/hund\/paket-zwergschnauzer\/","title":{"rendered":"Paket Zwergschnauzer"},"content":{"rendered":"<h3 class=\"csc-firstHeader\">Paket Zwergschnauzer<\/h3><p><span>LABOKLIN Leistungs-ID: 8619<\/span><\/p><p class=\"bodytext\">Das Paket enth\u00e4lt folgende Tests: <br \/>\nCharcot-Marie-Tooth Neuropathie (CMT), Mycobacterium-avium-Komplex-Sensitivit\u00e4t (MAC), Myotonia congenita, M\u00fcller-Gang Persistenz Syndrom (PMDS), Progressive Retinaatrophie (Typ B1-PRA) und Spondylokostale Dysostose (Comma Defect).<\/p><table class=\"tx-laboklinleistung-table contenttable contenttable-2\" style=\"margin-top: 35px;\"><tr><td class=\"td-0\"><strong>Rasse<\/strong><\/td><td class=\"td-1\"><p class=\"bodytext\">Zwergschnauzer<\/p><\/td><\/tr><tr><td class=\"td-0\"><strong>Erbgang<\/strong><\/td><td class=\"td-1\"><p class=\"bodytext\">Weitere Informationen finden Sie in der Beschreibung der jeweiligen Erbkrankheit. <\/p><\/td><\/tr><tr><td class=\"td-0\"><strong>Dauer<\/strong><\/td><td class=\"td-1\"><p class=\"bodytext\">1 - 2 Wochen nach Erhalt der Probe<\/p><\/td><\/tr><\/table>\n","protected":false},"excerpt":{"rendered":"<p>Paket ZwergschnauzerLABOKLIN Leistungs-ID: 8619Das Paket enth\u00e4lt folgende Tests: Charcot-Marie-Tooth Neuropathie (CMT), Mycobacterium-avium-Komplex-Sensitivit\u00e4t (MAC), Myotonia congenita, M\u00fcller-Gang Persistenz Syndrom (PMDS), Progressive Retinaatrophie (Typ B1-PRA) und Spondylokostale Dysostose (Comma Defect).RasseZwergschnauzerErbgangWeitere Informationen finden Sie in der Beschreibung der jeweiligen Erbkrankheit. Dauer1 &#8211; 2 Wochen nach Erhalt der Probe<\/p>\n","protected":false},"author":1,"featured_media":0,"parent":1332725,"menu_order":55,"comment_status":"closed","ping_status":"closed","template":"","meta":{"_seopress_robots_primary_cat":"","_seopress_titles_title":"","_seopress_titles_desc":"","_seopress_robots_index":"","footnotes":""},"class_list":["post-1336413","page","type-page","status-publish","hentry","description-off"],"_links":{"self":[{"href":"https:\/\/laboklin.de\/de-at\/wp-json\/wp\/v2\/pages\/1336413","targetHints":{"allow":["GET"]}}],"collection":[{"href":"https:\/\/laboklin.de\/de-at\/wp-json\/wp\/v2\/pages"}],"about":[{"href":"https:\/\/laboklin.de\/de-at\/wp-json\/wp\/v2\/types\/page"}],"author":[{"embeddable":true,"href":"https:\/\/laboklin.de\/de-at\/wp-json\/wp\/v2\/users\/1"}],"replies":[{"embeddable":true,"href":"https:\/\/laboklin.de\/de-at\/wp-json\/wp\/v2\/comments?post=1336413"}],"version-history":[{"count":0,"href":"https:\/\/laboklin.de\/de-at\/wp-json\/wp\/v2\/pages\/1336413\/revisions"}],"up":[{"embeddable":true,"href":"https:\/\/laboklin.de\/de-at\/wp-json\/wp\/v2\/pages\/1332725"}],"wp:attachment":[{"href":"https:\/\/laboklin.de\/de-at\/wp-json\/wp\/v2\/media?parent=1336413"}],"curies":[{"name":"wp","href":"https:\/\/api.w.org\/{rel}","templated":true}]}}