{"id":1336384,"date":"2022-01-26T14:42:12","date_gmt":"2022-01-26T13:42:12","guid":{"rendered":"https:\/\/laboklin.de\/labor-und-verwaltungsgebaeude\/"},"modified":"2023-04-15T12:48:57","modified_gmt":"2023-04-15T10:48:57","slug":"labor-und-verwaltungsgebaeude","status":"publish","type":"page","link":"https:\/\/laboklin.de\/de-at\/labor-und-verwaltungsgebaeude\/","title":{"rendered":"Labor- und Verwaltungsgeb\u00e4ude"},"content":{"rendered":"<div class=\"wpb-content-wrapper\"><p>[vc_row type=&#8220;vc_default&#8220;][vc_column][vc_column_text css=&#8220;.vc_custom_1643210798704{margin-bottom: 30px !important;}&#8220;]<\/p>\n<h2>LABOKLIN\u00a0 |\u00a0 Labor- und Verwaltungsgeb\u00e4ude \/ BA 3<\/h2>\n<p>Die fortlaufende Expansion Laboklins macht eine erneute Erweiterung des Firmenkomplexes in Bad Kissingen schlie\u00dflich unumg\u00e4nglich. Nachdem schon 2012 ein neues Geb\u00e4ude errichtet wurde, wird dem bereits bestehenden Bau das neue Haus 3 hinzugef\u00fcgt, das einzelnen Abteilungen nun die M\u00f6glichkeit gibt sich weiter auszudehnen und ihre Leistungsf\u00e4higkeit zu st\u00e4rken.<\/p>\n<p>Die Erweiterung umfasst eine Gesamtnutzfl\u00e4che von 3617m\u00b2 und wird unter der Projektnr.: 1806 095 \u2013 IWB-D und 1826 095 \u2013 0015 aus dem bayrischen regionalen F\u00f6rderungsprogramm f\u00fcr gewerbliche Wirtschaft gef\u00f6rdert.<\/p>\n<p><strong>Dieses Projekt wird finanziell aus dem <a href=\"https:\/\/www.efre-bayern.de\/\" target=\"_blank\" rel=\"noopener\">EFRE<\/a> unterst\u00fctzt.<\/strong>[\/vc_column_text][\/vc_column][\/vc_row][vc_row type=&#8220;vc_default&#8220; disable_element=&#8220;yes&#8220; css=&#8220;.vc_custom_1643201973495{margin-top: 30px !important;}&#8220;][vc_column][vc_column_text]<\/p>\n<h3>Akkreditierung<\/h3>\n<p class=\"bodytext\"><img loading=\"lazy\" decoding=\"async\" class=\"alignright wp-image-1302407\" src=\"https:\/\/laboklin.de\/wp-content\/uploads\/2020\/11\/DAkkS_Symbol_ILAC_RGB_2.2-300x131.jpg\" alt=\"\" width=\"400\" height=\"175\" \/>LABOKLIN ist ein akkreditiertes Labor nach DIN EN ISO 17025:2018. Das hei\u00dft f\u00fcr Sie, dass unsere Untersuchungen nach einem verl\u00e4sslichen und jederzeit \u00fcberpr\u00fcfbaren Procedere ablaufen.<\/p>\n<p class=\"bodytext\">Wir unterliegen damit nicht nur einem strengen Ablauf t\u00e4glicher interner, sondern auch regelm\u00e4\u00dfiger externer Kontrollen in Form von Ringversuchen.<\/p>\n<p class=\"bodytext\">Wir haben uns auch festen Ablauf-, Pr\u00fcf- und Schulungsabl\u00e4ufen unterworfen. Und diese werden regelm\u00e4\u00dfig von einer Akkreditierungsstelle vor Ort \u00fcberpr\u00fcft. Damit vertrauen Sie Ihre Proben einem Laborpartner an, der sich mit Kompetenz und Herz gr\u00f6\u00dftm\u00f6glicher Qualit\u00e4t verschrieben hat.<\/p>\n<p class=\"bodytext\">Kein Labor kann alles allein&#8230;<\/p>\n<p class=\"bodytext\">Die Kunst liegt wie \u00fcberall auch bei uns in der Beschr\u00e4nkung. Wo immer Tests von Partnern besser durchgef\u00fchrt werden, da arbeiten wir mit international spezialisierten Diagnostiklabors zusammen. Oberstes Ziel bleibt dabei: wir\u00a0 wollen Ihnen ein Ergebnis mit gr\u00f6\u00dftm\u00f6glicher Qualit\u00e4t liefern. Daher obliegt es uns aufgrund unseres\u00a0 Akkreditierungstatus&#8216;, von allen Partnern Angaben \u00fcber die Qualit\u00e4t der Abarbeitung einzuholen &#8211; das Ergebnis ist\u00a0 in seiner Aussage daher &#8222;wie von uns gemacht&#8220;.<\/p>\n<p class=\"bodytext\">LABOKLIN hat europaweit eines der gr\u00f6\u00dften Spektren an selbst durchgef\u00fchrten und akkreditierten tiermedizinischen Tests. Da eine Akkreditierung ausschlie\u00dflich testbezogene G\u00fcltigkeit hat und Aktualisierungen \u00fcblicherweise maximal j\u00e4hrlich unternommen werden, kann es vorkommen, dass ein neu etabliertes Verfahren noch\u00a0 nicht einer \u00dcberwachung unterzogen ist. Wenn es beispielsweise aufgrund von Exportbestimmungen f\u00fcr Sie notwendig ist, den Akkreditierungsstand eines bestimmten Tests zu erfahren, wenden Sie sich bitte an unsere Qualit\u00e4tsmanagement-Abteilung.<\/p>\n<p>[\/vc_column_text][\/vc_column][\/vc_row][vc_row type=&#8220;vc_default&#8220; css=&#8220;.vc_custom_1643205286843{margin-right: 5px !important;margin-bottom: 20px !important;margin-left: 5px !important;padding-top: 25px !important;padding-bottom: 25px !important;background-color: #e7e7e7 !important;}&#8220;][vc_column][vc_column_text css=&#8220;.vc_custom_1643205938146{padding-left: 25px !important;}&#8220;]<\/p>\n<ul>\n<li><strong>Planungsbeginn Juli 2018<\/strong><\/li>\n<li><strong>Beginn der Bauma\u00dfnahmen Fr\u00fchjahr 2019<\/strong><\/li>\n<li><strong>Richtfest 18. Dezember 2019<\/strong><\/li>\n<li><strong>Einzug Mai 2020<\/strong><\/li>\n<li><strong>Fertigstellung des Geb\u00e4udes April 2021<\/strong><\/li>\n<\/ul>\n<p>[\/vc_column_text][\/vc_column][\/vc_row][vc_row type=&#8220;vc_default&#8220; bg_type=&#8220;image&#8220; parallax_style=&#8220;vcpb-default&#8220; bg_image_new=&#8220;id^1314067|url^https:\/\/laboklin.de\/wp-content\/uploads\/2022\/01\/LAB-Bau_HG-scaled.jpg|caption^null|alt^null|title^LAB-Bau_HG|description^null&#8220; bg_image_repeat=&#8220;no-repeat&#8220; css=&#8220;.vc_custom_1643276161297{margin-top: 5px !important;margin-right: 5px !important;margin-left: 5px !important;padding-top: 70px !important;}&#8220;][vc_column width=&#8220;1\/2&#8243; css=&#8220;.vc_custom_1643276229763{margin-bottom: -30px !important;}&#8220;]<script>\t\tjQuery(function() {\t\t\tjQuery(\"#universal_video_player_128081\").universal_video_player({\t\t\t\tskin:\"blackControllers\",\t\t\t\twidth:480,\t\t\t\theight:289,\t\t\t\tresponsive:true,\t\t\t\tresponsiveRelativeToBrowser:true,\t\t\t\tcenterPlayer:true,\t\t\t\tshuffle:false,\t\t\t\tfirstVideo:0,\t\t\t\tinitialVolume:0,\t\t\t\tloop:true,\t\t\t\tshowCategs:false,\t\t\t\tshowSearch:false,\t\t\t\tshowTopTitle:false,\t\t\t\tshowTimer:false,\t\t\t\tshowRewindBut:true,\t\t\t\tshowPlayBut:true,\t\t\t\tshowVolumeBut:false,\t\t\t\tshowFacebookBut:false,\t\t\t\tfacebookAppID:\"\",\t\t\t\tfacebookShareTitle:\"\",\t\t\t\tfacebookShareDescription:\"\",\t\t\t\tshowTwitterBut:false,\t\t\t\tshowInfoBut:false,\t\t\t\tshowDownloadBut:false,\t\t\t\tshowPlaylistBut:false,\t\t\t\tshowFullscreenBut:true,\t\t\t\tshowShuffleBut:false,\t\t\t\tshowNextPrevBut:false,\t\t\t\tborderColor:\"#ffffff\",\t\t\t\tplaylistWidth:282,\t\t\t\tpathToDownloadFile:\"https:\/\/laboklin.de\/wp-content\/plugins\/lbg_universal_video_player_addon_visual_composer\/universal_video_player\/\",\t\t\t\tabsUrl:\"https:\/\/laboklin.de\/wp-content\/plugins\/lbg_universal_video_player_addon_visual_composer\/universal_video_player\/\",\t\t\t\tsuggestedQuality:\"default\",\t\t\t\tcontrolsBgFullScreenColor:\"#000000\",\t\t\t\tplaylistScrollerBgColorOFF:\"#cccccc\",\t\t\t\tplaylistScrollerBgColorON:\"#ffffff\",\t\t\t\tnumberOfThumbsPerScreen:20,\t\t\t\tlogoImagePath:\"\",\t\t\t\tlogoLink:\"\",\t\t\t\tlogoTarget:\"_blank\",\t\t\t\tshowLogo:false,\t\t\t\tautoPlayFirstVideo:true,\t\t\t\tautoPlayOnMobile:false,\t\t\t\tadvanceToNextVideo:false,\t\t\t\tplaylistRecordShowImg:false,\t\t\t\tplaylistRecordShowTitle:false,\t\t\t\tplaylistRecordShowDesc:true,\t\t\t\tplaylistRecordHeight:89,\t\t\t\tplaylistRecordPadding:10,\t\t\t\tplaylistTitleFontSize:15,\t\t\t\tplaylistTitleLineHeight:15,\t\t\t\tplaylistDescFontSize:12,\t\t\t\tplaylistDescLineHeight:15,\t\t\t\tplaylistRecordBgOffColor:\"#eeeeee\",\t\t\t\tplaylistRecordTitleOffColor:\"#333333\",\t\t\t\tplaylistRecordDescOffColor:\"#333333\",\t\t\t\tplaylistRecordBgOffImgOpacity:100,\t\t\t\tplaylistRecordBgOnColor:\"#de1a21\",\t\t\t\tplaylistRecordTitleOnColor:\"#ffffff\",\t\t\t\tplaylistRecordDescOnColor:\"#ffffff\",\t\t\t\tplaylistRecordBgOnImgOpacity:100,\t\t\t\tplaylistBgColor:\"\",\t\t\t\tplaylistRecordTitleLimit:22,\t\t\t\tplaylistRecordDescLimit:84,\t\t\t\tshowPlaylistOnInit:false,\t\t\t\tcategoryRecordBgOffColor:\"#000000\",\t\t\t\tcategoryRecordBgOnColor:\"#252525\",\t\t\t\tcategoryRecordBottomBorderOffColor:\"#333333\",\t\t\t\tcategoryRecordBottomBorderOnColor:\"#333333\",\t\t\t\tcategoryRecordTextOffColor:\"#4c4c4c\",\t\t\t\tcategoryRecordTextOnColor:\"#de1a21\",\t\t\t\tfirstCateg:\"\",\t\t\t\tselectedCategBg:\"\",\t\t\t\tselectedCategOffColor:\"#ffffff\",\t\t\t\tselectedCategOnColor:\"#de1a28\",\t\t\t\tsearchAreaBg:\"\",\t\t\t\tsearchInputText:\"search...\",\t\t\t\tsearchInputBg:\"#cccccc\",\t\t\t\tsearchInputBorderColor:\"#4a4a4a\",\t\t\t\tsearchInputTextColor:\"#333333\",\t\t\t\ttopTitleColor:\"#ffffff\",\t\t\t\ttimerColor:\"#ffffff\",\t\t\t\tbufferEmptyColor:\"#929292\",\t\t\t\tbufferFullColor:\"#333333\",\t\t\t\tseekbarColor:\"#ffffff\",\t\t\t\tvolumeOffColor:\"#454545\",\t\t\t\tvolumeOnColor:\"#ffffff\",\t\t\t\tplayButColorOff:\"#de1a21\",\t\t\t\tplayButColorOn:\"#de1a21\",\t\t\t\tgoogleTrakingOn:false,\t\t\t\tgoogleTrakingCode:\"\",\t\t\t\tgetYouTubeData:false,\t\t\t\tpathToAjaxFiles:\"https:\/\/laboklin.de\/wp-content\/plugins\/lbg_universal_video_player_addon_visual_composer\/universal_video_player\/\",\t\t\t\torigThumbImgW:69,\t\t\t\torigThumbImgH:69\t\t\t});\t\t});\t<\/script>    <div id=\"universal_video_player_128081\">                <ul class=\"universal_video_player_list\"><li data-bottom-thumb=\"\"                    \tdata-title=\"LABOKLIN\"                        data-desc=\"\"\t\t\t\t\t\t\t\t\t\t\t\tdata-startpoint=\"\"\t\t\t\t\t\t\t\t\t\t\t\tdata-endpoint=\"\"                        data-youtube=\"\"\t\t\t\t\t\tdata-vimeo=\"\"\t\t\t\t\t\tdata-selfhostedMP4=\"https:\/\/laboklin.de\/wp-content\/uploads\/2022\/01\/LBKh3intern.mp4\"\t\t\t\t\t\tdata-selfhostedWEBM=\"\"                        data-category=\"ALL CATEGORIES\">                   <\/li> <\/ul>    <\/div><br>[\/vc_column][vc_column width=&#8220;1\/2&#8243;][\/vc_column][\/vc_row][vc_row type=&#8220;vc_default&#8220; css=&#8220;.vc_custom_1643203769635{margin-top: 25px !important;margin-right: 5px !important;margin-left: 5px !important;padding-top: 25px !important;padding-bottom: 25px !important;background-color: #e7e7e7 !important;}&#8220;][vc_column][vc_single_image image=&#8220;1433915&#8243; img_size=&#8220;full&#8220; alignment=&#8220;center&#8220; onclick=&#8220;link_image&#8220;][\/vc_column][\/vc_row]<\/p>\n<\/div>","protected":false},"excerpt":{"rendered":"<p>[vc_row type=&#8220;vc_default&#8220;][vc_column][vc_column_text css=&#8220;.vc_custom_1643210798704{margin-bottom: 30px !important;}&#8220;] LABOKLIN\u00a0 |\u00a0 Labor- und Verwaltungsgeb\u00e4ude \/ BA 3 Die fortlaufende Expansion Laboklins macht eine erneute Erweiterung des Firmenkomplexes in Bad Kissingen schlie\u00dflich unumg\u00e4nglich. Nachdem schon 2012 ein neues Geb\u00e4ude errichtet wurde, wird dem bereits bestehenden Bau das neue Haus 3 hinzugef\u00fcgt, das einzelnen Abteilungen nun die M\u00f6glichkeit gibt sich weiter&hellip;<\/p>\n","protected":false},"author":1,"featured_media":0,"parent":0,"menu_order":51,"comment_status":"closed","ping_status":"closed","template":"","meta":{"_seopress_robots_primary_cat":"","_seopress_titles_title":"","_seopress_titles_desc":"","_seopress_robots_index":"","footnotes":""},"class_list":["post-1336384","page","type-page","status-publish","hentry","description-off"],"_links":{"self":[{"href":"https:\/\/laboklin.de\/de-at\/wp-json\/wp\/v2\/pages\/1336384","targetHints":{"allow":["GET"]}}],"collection":[{"href":"https:\/\/laboklin.de\/de-at\/wp-json\/wp\/v2\/pages"}],"about":[{"href":"https:\/\/laboklin.de\/de-at\/wp-json\/wp\/v2\/types\/page"}],"author":[{"embeddable":true,"href":"https:\/\/laboklin.de\/de-at\/wp-json\/wp\/v2\/users\/1"}],"replies":[{"embeddable":true,"href":"https:\/\/laboklin.de\/de-at\/wp-json\/wp\/v2\/comments?post=1336384"}],"version-history":[{"count":2,"href":"https:\/\/laboklin.de\/de-at\/wp-json\/wp\/v2\/pages\/1336384\/revisions"}],"predecessor-version":[{"id":1433933,"href":"https:\/\/laboklin.de\/de-at\/wp-json\/wp\/v2\/pages\/1336384\/revisions\/1433933"}],"wp:attachment":[{"href":"https:\/\/laboklin.de\/de-at\/wp-json\/wp\/v2\/media?parent=1336384"}],"curies":[{"name":"wp","href":"https:\/\/api.w.org\/{rel}","templated":true}]}}