{"id":1336380,"date":"2020-10-16T11:36:27","date_gmt":"2020-10-16T09:36:27","guid":{"rendered":"https:\/\/laboklin.de\/leistungen\/genetik\/erbkrankheiten\/hund\/cystinurie\/"},"modified":"2025-02-05T11:50:05","modified_gmt":"2025-02-05T10:50:05","slug":"cystinurie","status":"publish","type":"page","link":"https:\/\/laboklin.de\/de-at\/leistungen\/genetik\/erbkrankheiten\/hund\/cystinurie\/","title":{"rendered":"Cystinurie"},"content":{"rendered":"<h3 class=\"csc-firstHeader\">Cystinurie<\/h3><p><span>LABOKLIN Leistungs-ID: 8013<\/span><\/p><p class=\"bodytext\">Die Cystinurie ist eine erbliche Stoffwechselerkrankung mit Transportst\u00f6rung bestimmter Aminos\u00e4uren im Darmepithel und proximalen Nierentubulus. Folge der Transportst\u00f6rung ist eine erh\u00f6hte Ausscheidung der Aminos\u00e4ure Cystin \u00fcber den Urin. Aufgrund der starken Akkumulation von Cystin im Harn und seiner schlechten Wasserl\u00f6slichkeit kristallisiert Cystin aus und es bilden sich Steine. Die Harnsteine, die die klinischen Symptome verursachen, treten schon im Alter von 4 \u2013 6 Monaten auf. Dabei kann es zu einem lebensbedrohlichen Verschluss der Harnwege kommen. Im Gegensatz zu den meisten Rassen wird diese Erkrankung bei den Rassen Australian Cattle Dog und Zwergpinscher dominant vererbt, wobei homozygot betroffene Tiere schwerwiegendere Verl\u00e4ufe zeigen. Eine Besonderheit weist die Cystinurie bei den Englischen und Franz\u00f6sischen Bulldoggen sowie Mastiffs auf. Bei diesen Rassen ist die Erkrankung androgenabh\u00e4ngig, d.h. nur homozygot betroffene intakte R\u00fcden zeigen Symptome.<\/p><table class=\"tx-laboklinleistung-table contenttable contenttable-2\" style=\"margin-top: 35px;\"><tr><td class=\"td-0\"><strong>Methode<\/strong><\/td><td class=\"td-1\"><p class=\"bodytext\">TaqMan SNP Assay (Continental Bulldog, Englische Bulldogge, Franz\u00f6sische Bulldogge, Landseer, Neufundl\u00e4nder, Mastiff, Olde English Bulldogge);<br>Sequenzierung (Labrador Retriever, Zwergpinscher);<br>Fragmentl\u00e4ngenanalyse (Australian Cattle Dog)<\/p><\/td><\/tr><tr><td class=\"td-0\"><strong>Rasse<\/strong><\/td><td class=\"td-1\"><p class=\"bodytext\">Australian Cattle Dog, Australian-Labradoodle (Cobberdog), Continental Bulldog, Englische Bulldogge, Franz\u00f6sische Bulldogge, Labradoodle, Labrador Retriever, Landseer, Mastiff, Neufundl\u00e4nder, Olde English Bulldogge, Zwergpinscher<\/p><\/td><\/tr><tr><td class=\"td-0\"><strong>Erbgang<\/strong><\/td><td class=\"td-1\"><p class=\"bodytext\">autosomal-rezessiv; autosomal-dominant (Australian Cattle Dog, Zwergpinscher)<\/p><\/td><\/tr><tr><td class=\"td-0\"><strong>Dauer<\/strong><\/td><td class=\"td-1\"><p class=\"bodytext\">3 - 5 Werktage nach Erhalt der Probe (Continental Bulldog, Englische Bulldogge, Franz\u00f6sische Bulldogge, Landseer, Neufundl\u00e4nder, Mastiff, Olde English Bulldogge);<br>1 - 2 Wochen nach Erhalt der Probe (Australian Cattle Dog, Labrador Retriever, Zwergpinscher)<\/p><\/td><\/tr><\/table>\n","protected":false},"excerpt":{"rendered":"<p>CystinurieLABOKLIN Leistungs-ID: 8013Die Cystinurie ist eine erbliche Stoffwechselerkrankung mit Transportst\u00f6rung bestimmter Aminos\u00e4uren im Darmepithel und proximalen Nierentubulus. Folge der Transportst\u00f6rung ist eine erh\u00f6hte Ausscheidung der Aminos\u00e4ure Cystin \u00fcber den Urin. Aufgrund der starken Akkumulation von Cystin im Harn und seiner schlechten Wasserl\u00f6slichkeit kristallisiert Cystin aus und es bilden sich Steine. Die Harnsteine, die die klinischen&hellip;<\/p>\n","protected":false},"author":1,"featured_media":0,"parent":1332701,"menu_order":50,"comment_status":"closed","ping_status":"closed","template":"","meta":{"_seopress_robots_primary_cat":"","_seopress_titles_title":"","_seopress_titles_desc":"","_seopress_robots_index":"","footnotes":""},"class_list":["post-1336380","page","type-page","status-publish","hentry","description-off"],"_links":{"self":[{"href":"https:\/\/laboklin.de\/de-at\/wp-json\/wp\/v2\/pages\/1336380","targetHints":{"allow":["GET"]}}],"collection":[{"href":"https:\/\/laboklin.de\/de-at\/wp-json\/wp\/v2\/pages"}],"about":[{"href":"https:\/\/laboklin.de\/de-at\/wp-json\/wp\/v2\/types\/page"}],"author":[{"embeddable":true,"href":"https:\/\/laboklin.de\/de-at\/wp-json\/wp\/v2\/users\/1"}],"replies":[{"embeddable":true,"href":"https:\/\/laboklin.de\/de-at\/wp-json\/wp\/v2\/comments?post=1336380"}],"version-history":[{"count":1,"href":"https:\/\/laboklin.de\/de-at\/wp-json\/wp\/v2\/pages\/1336380\/revisions"}],"predecessor-version":[{"id":1506953,"href":"https:\/\/laboklin.de\/de-at\/wp-json\/wp\/v2\/pages\/1336380\/revisions\/1506953"}],"up":[{"embeddable":true,"href":"https:\/\/laboklin.de\/de-at\/wp-json\/wp\/v2\/pages\/1332701"}],"wp:attachment":[{"href":"https:\/\/laboklin.de\/de-at\/wp-json\/wp\/v2\/media?parent=1336380"}],"curies":[{"name":"wp","href":"https:\/\/api.w.org\/{rel}","templated":true}]}}