{"id":1336370,"date":"2020-10-16T11:36:27","date_gmt":"2020-10-16T09:36:27","guid":{"rendered":"https:\/\/laboklin.de\/leistungen\/genetik\/erbkrankheiten\/hund\/degenerative-myelopathie-dm-exon-1\/"},"modified":"2025-02-05T12:32:07","modified_gmt":"2025-02-05T11:32:07","slug":"degenerative-myelopathie-dm-exon-1","status":"publish","type":"page","link":"https:\/\/laboklin.de\/de-at\/leistungen\/genetik\/erbkrankheiten\/hund\/degenerative-myelopathie-dm-exon-1\/","title":{"rendered":"Degenerative Myelopathie (DM) Exon 1"},"content":{"rendered":"<h3 class=\"csc-firstHeader\">Degenerative Myelopathie (DM) Exon 1<\/h3><p><span>LABOKLIN Leistungs-ID: 8485<\/span><\/p><p class=\"bodytext\">Die canine degenerative Myelopathie (DM) ist eine schwere neurodegenerative Erkrankung mit sp\u00e4tem Beginn ungef\u00e4hr ab dem 8. Lebensjahr. Die Erkrankung ist durch eine Degeneration der Axone und des Myelins im Brust- und Lendenteil des R\u00fcckenmarks gekennzeichnet, was eine progressive Ataxie und Parese verursacht. Man beobachtet die ersten klinischen Anzeichen in der Hinterhand als Zeichen einer St\u00f6rung des oberen Motoneurons. Es entwickelt sich eine unkoordinierte Bewegung der Hinterhand, eine gest\u00f6rte Eigenwahrnehmung und gest\u00f6rte Reflexe. Wenn die Erkrankung weiter fortschreitet, weitet sie sich auf die vorderen Gliedma\u00dfen aus und manifestiert sich als schlaffe Parese und Paralyse. Die Degenerative Myelopathie wurde zuerst als eine R\u00fcckmarkserkrankung insbesondere beim Deutschen Sch\u00e4ferhund beschrieben. Neben dem Deutschen Sch\u00e4ferhund sind aber viele weitere Rassen von der degenerativen Myelopathie betroffen. Als Risikofaktor f\u00fcr die Entwicklung einer DM wurde eine Mutation im Exon 2 des SOD1-Gens bei vielen Rassen nachgewiesen. Bei Berner Sennenhunden gibt es zus\u00e4tzlich eine Mutation im Exon 1 dieses Gens, die ebenfalls mit der DM in Zusammenhang steht. F\u00fcr den Berner Sennenhund k\u00f6nnen beide Mutationen untersucht werden. Die Anforderung kann zusammen oder einzeln erfolgen. <\/p><table class=\"tx-laboklinleistung-table contenttable contenttable-2\" style=\"margin-top: 35px;\"><tr><td class=\"td-0\"><strong>Methode<\/strong><\/td><td class=\"td-1\"><p class=\"bodytext\">TaqMan SNP Assay<\/p><\/td><\/tr><tr><td class=\"td-0\"><strong>Rasse<\/strong><\/td><td class=\"td-1\"><p class=\"bodytext\">Berner Sennenhund<\/p><\/td><\/tr><tr><td class=\"td-0\"><strong>Erbgang<\/strong><\/td><td class=\"td-1\"><p class=\"bodytext\">autosomal-rezessiv mit altersabh\u00e4ngiger unvollst\u00e4ndiger Penetranz<\/p><\/td><\/tr><tr><td class=\"td-0\"><strong>Dauer<\/strong><\/td><td class=\"td-1\"><p class=\"bodytext\">3 - 5 Werktage nach Erhalt der Probe<\/p><\/td><\/tr><\/table>\n","protected":false},"excerpt":{"rendered":"<p>Degenerative Myelopathie (DM) Exon 1LABOKLIN Leistungs-ID: 8485Die canine degenerative Myelopathie (DM) ist eine schwere neurodegenerative Erkrankung mit sp\u00e4tem Beginn ungef\u00e4hr ab dem 8. Lebensjahr. Die Erkrankung ist durch eine Degeneration der Axone und des Myelins im Brust- und Lendenteil des R\u00fcckenmarks gekennzeichnet, was eine progressive Ataxie und Parese verursacht. Man beobachtet die ersten klinischen Anzeichen&hellip;<\/p>\n","protected":false},"author":1,"featured_media":0,"parent":1332701,"menu_order":49,"comment_status":"closed","ping_status":"closed","template":"","meta":{"_seopress_robots_primary_cat":"","_seopress_titles_title":"","_seopress_titles_desc":"","_seopress_robots_index":"","footnotes":""},"class_list":["post-1336370","page","type-page","status-publish","hentry","description-off"],"_links":{"self":[{"href":"https:\/\/laboklin.de\/de-at\/wp-json\/wp\/v2\/pages\/1336370","targetHints":{"allow":["GET"]}}],"collection":[{"href":"https:\/\/laboklin.de\/de-at\/wp-json\/wp\/v2\/pages"}],"about":[{"href":"https:\/\/laboklin.de\/de-at\/wp-json\/wp\/v2\/types\/page"}],"author":[{"embeddable":true,"href":"https:\/\/laboklin.de\/de-at\/wp-json\/wp\/v2\/users\/1"}],"replies":[{"embeddable":true,"href":"https:\/\/laboklin.de\/de-at\/wp-json\/wp\/v2\/comments?post=1336370"}],"version-history":[{"count":1,"href":"https:\/\/laboklin.de\/de-at\/wp-json\/wp\/v2\/pages\/1336370\/revisions"}],"predecessor-version":[{"id":1506957,"href":"https:\/\/laboklin.de\/de-at\/wp-json\/wp\/v2\/pages\/1336370\/revisions\/1506957"}],"up":[{"embeddable":true,"href":"https:\/\/laboklin.de\/de-at\/wp-json\/wp\/v2\/pages\/1332701"}],"wp:attachment":[{"href":"https:\/\/laboklin.de\/de-at\/wp-json\/wp\/v2\/media?parent=1336370"}],"curies":[{"name":"wp","href":"https:\/\/api.w.org\/{rel}","templated":true}]}}