{"id":1336368,"date":"2021-11-11T15:57:01","date_gmt":"2021-11-11T14:57:01","guid":{"rendered":"https:\/\/laboklin.de\/leistungen\/genetik\/genetikpakete\/hund\/paket-schaeferhund-und-wolfhunde\/"},"modified":"2021-11-11T15:57:01","modified_gmt":"2021-11-11T14:57:01","slug":"paket-schaeferhund-und-wolfhunde","status":"publish","type":"page","link":"https:\/\/laboklin.de\/de-at\/leistungen\/genetik\/genetikpakete\/hund\/paket-schaeferhund-und-wolfhunde\/","title":{"rendered":"Paket Sch\u00e4ferhund und Wolfhunde"},"content":{"rendered":"<h3 class=\"csc-firstHeader\">Paket Sch\u00e4ferhund und Wolfhunde<\/h3><p><span>LABOKLIN Leistungs-ID: 8649<\/span><\/p><p class=\"bodytext\">Das Paket enth\u00e4lt folgende Tests:<br \/>\r\nDegenerative Myelopathie (DM Exon2), Haarl\u00e4nge I (kurz-, langhaarig), Hyperurikosurie (HUU\/SLC), Hypophys\u00e4rer Zwergwuchs und MDR1-Genvariante (Ivermectin-\u00dcberempfindlichkeit).<\/p><table class=\"tx-laboklinleistung-table contenttable contenttable-2\" style=\"margin-top: 35px;\"><tr><td class=\"td-0\"><strong>Rasse<\/strong><\/td><td class=\"td-1\"><p class=\"bodytext\">Deutscher Sch\u00e4ferhund, Saarlooswolfhund, Tschechoslowakischer Wolfhund, Wei\u00dfer Schweizer Sch\u00e4ferhund<\/p><\/td><\/tr><tr><td class=\"td-0\"><strong>Erbgang<\/strong><\/td><td class=\"td-1\"><p class=\"bodytext\">Weitere Informationen finden Sie in der Beschreibung der jeweiligen Erbkrankheit.<\/p><\/td><\/tr><tr><td class=\"td-0\"><strong>Dauer<\/strong><\/td><td class=\"td-1\"><p class=\"bodytext\">1 - 2 Wochen nach Erhalt der Probe<\/p><\/td><\/tr><\/table>\n","protected":false},"excerpt":{"rendered":"<p>Paket Sch\u00e4ferhund und WolfhundeLABOKLIN Leistungs-ID: 8649Das Paket enth\u00e4lt folgende Tests: Degenerative Myelopathie (DM Exon2), Haarl\u00e4nge I (kurz-, langhaarig), Hyperurikosurie (HUU\/SLC), Hypophys\u00e4rer Zwergwuchs und MDR1-Genvariante (Ivermectin-\u00dcberempfindlichkeit).RasseDeutscher Sch\u00e4ferhund, Saarlooswolfhund, Tschechoslowakischer Wolfhund, Wei\u00dfer Schweizer Sch\u00e4ferhundErbgangWeitere Informationen finden Sie in der Beschreibung der jeweiligen Erbkrankheit.Dauer1 &#8211; 2 Wochen nach Erhalt der Probe<\/p>\n","protected":false},"author":1,"featured_media":0,"parent":1332725,"menu_order":49,"comment_status":"closed","ping_status":"closed","template":"","meta":{"_seopress_robots_primary_cat":"","_seopress_titles_title":"","_seopress_titles_desc":"","_seopress_robots_index":"","footnotes":""},"class_list":["post-1336368","page","type-page","status-publish","hentry","description-off"],"_links":{"self":[{"href":"https:\/\/laboklin.de\/de-at\/wp-json\/wp\/v2\/pages\/1336368","targetHints":{"allow":["GET"]}}],"collection":[{"href":"https:\/\/laboklin.de\/de-at\/wp-json\/wp\/v2\/pages"}],"about":[{"href":"https:\/\/laboklin.de\/de-at\/wp-json\/wp\/v2\/types\/page"}],"author":[{"embeddable":true,"href":"https:\/\/laboklin.de\/de-at\/wp-json\/wp\/v2\/users\/1"}],"replies":[{"embeddable":true,"href":"https:\/\/laboklin.de\/de-at\/wp-json\/wp\/v2\/comments?post=1336368"}],"version-history":[{"count":0,"href":"https:\/\/laboklin.de\/de-at\/wp-json\/wp\/v2\/pages\/1336368\/revisions"}],"up":[{"embeddable":true,"href":"https:\/\/laboklin.de\/de-at\/wp-json\/wp\/v2\/pages\/1332725"}],"wp:attachment":[{"href":"https:\/\/laboklin.de\/de-at\/wp-json\/wp\/v2\/media?parent=1336368"}],"curies":[{"name":"wp","href":"https:\/\/api.w.org\/{rel}","templated":true}]}}