{"id":1336343,"date":"2020-10-16T11:36:27","date_gmt":"2020-10-16T09:36:27","guid":{"rendered":"https:\/\/laboklin.de\/leistungen\/genetik\/erbkrankheiten\/hund\/exercise-induced-collapse-eic\/"},"modified":"2025-02-05T12:59:14","modified_gmt":"2025-02-05T11:59:14","slug":"exercise-induced-collapse-eic","status":"publish","type":"page","link":"https:\/\/laboklin.de\/de-at\/leistungen\/genetik\/erbkrankheiten\/hund\/exercise-induced-collapse-eic\/","title":{"rendered":"Exercise induced collapse (EIC)"},"content":{"rendered":"<h3 class=\"csc-firstHeader\">Exercise induced collapse (EIC)<\/h3><p><span>LABOKLIN Leistungs-ID: 8152<\/span><\/p><p class=\"bodytext\">Der Exercise Induced Collapse (EIC) ist eine neuromuskul\u00e4re Erkrankung, die beim Labrador Retriever und eng verwandten Rassen auftritt. Bisher wurde die Mutation bei Labrador-, Chesapeake-Bay- und Curly-Coated-Retrievern nachgewiesen.  Die f\u00fcr EIC verantwortliche Mutation im DNM1-Gen wurde von der Arbeitsgruppe um Prof. James Mickelson an der University of Minnesota gefunden. LABOKLIN konnte die exklusive Lizenz f\u00fcr den EIC-Gentest erwerben und besitzt somit das alleinige Untersuchungsrecht in Europa. Die ersten Anzeichen eines Exercise Induced Collapse (EIC) sind ein schaukelnder oder verkrampfter Gang, der Hund wirkt steifbeinig. Erkrankte Hunde entwickeln schon nach 5 \u2013 15 Minuten Anstrengung (z. B. beim Training oder bei starkem Stress) eine Muskelschw\u00e4che und kollabieren. Bei den meisten Hunden ist vor allem die Hinterhand betroffen, bei manchen setzt sich die Schw\u00e4che auch bis zu den Vorderl\u00e4ufen fort und f\u00fchrt somit zum Festliegen. W\u00e4hrend eines Kollaps sind die Hunde meistens bei Bewusstsein, je nach Schweregrad der Erkrankung kann es aber auch vorkommen, dass sie desorientiert oder vor\u00fcbergehend bewusstlos sind. EIC kann jahrelang unentdeckt bleiben, wenn der Hund keinem anspruchsvollen Training oder starkem Stress ausgesetzt ist. <\/p><table class=\"tx-laboklinleistung-table contenttable contenttable-2\" style=\"margin-top: 35px;\"><tr><td class=\"td-0\"><strong>Methode<\/strong><\/td><td class=\"td-1\"><p class=\"bodytext\">TaqMan SNP Assay<\/p><\/td><\/tr><tr><td class=\"td-0\"><strong>Rasse<\/strong><\/td><td class=\"td-1\"><p class=\"bodytext\">Australian-Labradoodle (Cobberdog), Bobtail, Boykin Spaniel, Chesapeake Bay Retriever, Clumber Spaniel, Curly Coated Retriever, Deutsch Drahthaar, Labradoodle, Labrador Retriever, Pembroke Welsh Corgi<\/p><\/td><\/tr><tr><td class=\"td-0\"><strong>Erbgang<\/strong><\/td><td class=\"td-1\"><p class=\"bodytext\">autosomal-rezessiv<\/p><\/td><\/tr><tr><td class=\"td-0\"><strong>Dauer<\/strong><\/td><td class=\"td-1\"><p class=\"bodytext\">3 - 5 Werktage nach Erhalt der Probe<\/p><\/td><\/tr><\/table>\n","protected":false},"excerpt":{"rendered":"<p>Exercise induced collapse (EIC)LABOKLIN Leistungs-ID: 8152Der Exercise Induced Collapse (EIC) ist eine neuromuskul\u00e4re Erkrankung, die beim Labrador Retriever und eng verwandten Rassen auftritt. Bisher wurde die Mutation bei Labrador-, Chesapeake-Bay- und Curly-Coated-Retrievern nachgewiesen. Die f\u00fcr EIC verantwortliche Mutation im DNM1-Gen wurde von der Arbeitsgruppe um Prof. James Mickelson an der University of Minnesota gefunden. LABOKLIN&hellip;<\/p>\n","protected":false},"author":1,"featured_media":0,"parent":1332701,"menu_order":46,"comment_status":"closed","ping_status":"closed","template":"","meta":{"_seopress_robots_primary_cat":"","_seopress_titles_title":"","_seopress_titles_desc":"","_seopress_robots_index":"","footnotes":""},"class_list":["post-1336343","page","type-page","status-publish","hentry","description-off"],"_links":{"self":[{"href":"https:\/\/laboklin.de\/de-at\/wp-json\/wp\/v2\/pages\/1336343","targetHints":{"allow":["GET"]}}],"collection":[{"href":"https:\/\/laboklin.de\/de-at\/wp-json\/wp\/v2\/pages"}],"about":[{"href":"https:\/\/laboklin.de\/de-at\/wp-json\/wp\/v2\/types\/page"}],"author":[{"embeddable":true,"href":"https:\/\/laboklin.de\/de-at\/wp-json\/wp\/v2\/users\/1"}],"replies":[{"embeddable":true,"href":"https:\/\/laboklin.de\/de-at\/wp-json\/wp\/v2\/comments?post=1336343"}],"version-history":[{"count":1,"href":"https:\/\/laboklin.de\/de-at\/wp-json\/wp\/v2\/pages\/1336343\/revisions"}],"predecessor-version":[{"id":1506994,"href":"https:\/\/laboklin.de\/de-at\/wp-json\/wp\/v2\/pages\/1336343\/revisions\/1506994"}],"up":[{"embeddable":true,"href":"https:\/\/laboklin.de\/de-at\/wp-json\/wp\/v2\/pages\/1332701"}],"wp:attachment":[{"href":"https:\/\/laboklin.de\/de-at\/wp-json\/wp\/v2\/media?parent=1336343"}],"curies":[{"name":"wp","href":"https:\/\/api.w.org\/{rel}","templated":true}]}}