{"id":1336332,"date":"2020-10-16T11:36:27","date_gmt":"2020-10-16T09:36:27","guid":{"rendered":"https:\/\/laboklin.de\/leistungen\/genetik\/erbkrankheiten\/hund\/chondrodysplasie-zwergwuchs\/"},"modified":"2025-02-05T11:45:34","modified_gmt":"2025-02-05T10:45:34","slug":"chondrodysplasie-zwergwuchs","status":"publish","type":"page","link":"https:\/\/laboklin.de\/de-at\/leistungen\/genetik\/erbkrankheiten\/hund\/chondrodysplasie-zwergwuchs\/","title":{"rendered":"Chondrodysplasie (Zwergwuchs)"},"content":{"rendered":"<h3 class=\"csc-firstHeader\">Chondrodysplasie (Zwergwuchs)<\/h3><p><span>LABOKLIN Leistungs-ID: 8316<\/span><\/p><p class=\"bodytext\">Die Chondrodysplasie ist eine genetisch bedingte Skelettdysplasie, die sich durch eine St\u00f6rung der enchondralen Ossifikation zeigt. Im Bereich der Epiphysenfugen kommt es normalerweise durch den st\u00e4ndigen Aufbau von Knorpel und dem Umbau zu Knochen zu einem L\u00e4ngenwachstum. Dieser Vorgang wird durch die Mutation eines Gens gest\u00f6rt, sodass mangelnde Proliferation von Knorpel zu Fehlbildungen im Aufbau der R\u00f6hrenknochen und Kleinw\u00fcchsigkeit f\u00fchrt. Neben den verk\u00fcrzten Extremit\u00e4ten sind ein gro\u00dfer Sch\u00e4del, Wirbels\u00e4ulenver\u00e4nderungen und Fehlstellungen der Beine weitere klinische Symptome dieser Erkrankung. Erschwerend kann es zu anatomischen Verengungen (Stenosen) des Wirbelkanals kommen.<\/p><table class=\"tx-laboklinleistung-table contenttable contenttable-2\" style=\"margin-top: 35px;\"><tr><td class=\"td-0\"><strong>Methode<\/strong><\/td><td class=\"td-1\"><p class=\"bodytext\">Sequenzierung<\/p><\/td><\/tr><tr><td class=\"td-0\"><strong>Rasse<\/strong><\/td><td class=\"td-1\"><p class=\"bodytext\">Chinook, Karelischer B\u00e4renhund, Norwegischer Elchhund<\/p><\/td><\/tr><tr><td class=\"td-0\"><strong>Erbgang<\/strong><\/td><td class=\"td-1\"><p class=\"bodytext\">autosomal-rezessiv<\/p><\/td><\/tr><tr><td class=\"td-0\"><strong>Dauer<\/strong><\/td><td class=\"td-1\"><p class=\"bodytext\">1 - 2 Wochen nach Erhalt der Probe<\/p><\/td><\/tr><\/table>\n","protected":false},"excerpt":{"rendered":"<p>Chondrodysplasie (Zwergwuchs)LABOKLIN Leistungs-ID: 8316Die Chondrodysplasie ist eine genetisch bedingte Skelettdysplasie, die sich durch eine St\u00f6rung der enchondralen Ossifikation zeigt. Im Bereich der Epiphysenfugen kommt es normalerweise durch den st\u00e4ndigen Aufbau von Knorpel und dem Umbau zu Knochen zu einem L\u00e4ngenwachstum. Dieser Vorgang wird durch die Mutation eines Gens gest\u00f6rt, sodass mangelnde Proliferation von Knorpel zu&hellip;<\/p>\n","protected":false},"author":1,"featured_media":0,"parent":1332701,"menu_order":45,"comment_status":"closed","ping_status":"closed","template":"","meta":{"_seopress_robots_primary_cat":"","_seopress_titles_title":"","_seopress_titles_desc":"","_seopress_robots_index":"","footnotes":""},"class_list":["post-1336332","page","type-page","status-publish","hentry","description-off"],"_links":{"self":[{"href":"https:\/\/laboklin.de\/de-at\/wp-json\/wp\/v2\/pages\/1336332","targetHints":{"allow":["GET"]}}],"collection":[{"href":"https:\/\/laboklin.de\/de-at\/wp-json\/wp\/v2\/pages"}],"about":[{"href":"https:\/\/laboklin.de\/de-at\/wp-json\/wp\/v2\/types\/page"}],"author":[{"embeddable":true,"href":"https:\/\/laboklin.de\/de-at\/wp-json\/wp\/v2\/users\/1"}],"replies":[{"embeddable":true,"href":"https:\/\/laboklin.de\/de-at\/wp-json\/wp\/v2\/comments?post=1336332"}],"version-history":[{"count":1,"href":"https:\/\/laboklin.de\/de-at\/wp-json\/wp\/v2\/pages\/1336332\/revisions"}],"predecessor-version":[{"id":1506934,"href":"https:\/\/laboklin.de\/de-at\/wp-json\/wp\/v2\/pages\/1336332\/revisions\/1506934"}],"up":[{"embeddable":true,"href":"https:\/\/laboklin.de\/de-at\/wp-json\/wp\/v2\/pages\/1332701"}],"wp:attachment":[{"href":"https:\/\/laboklin.de\/de-at\/wp-json\/wp\/v2\/media?parent=1336332"}],"curies":[{"name":"wp","href":"https:\/\/api.w.org\/{rel}","templated":true}]}}