{"id":1336320,"date":"2020-10-16T11:36:27","date_gmt":"2020-10-16T09:36:27","guid":{"rendered":"https:\/\/laboklin.de\/leistungen\/haematologie-klin-chemie-endokrinologie\/endokrinologie-tumormarker\/vorsorgeprofil-schilddruese-hund\/"},"modified":"2025-11-24T09:01:34","modified_gmt":"2025-11-24T08:01:34","slug":"schilddruese-vorsorgeprofil-ft4-hund","status":"publish","type":"page","link":"https:\/\/laboklin.de\/de-at\/leistungen\/haematologie-klin-chemie-endokrinologie\/endokrinologie-tumormarker\/schilddruese-vorsorgeprofil-ft4-hund\/","title":{"rendered":"Schilddr\u00fcse Vorsorgeprofil fT4 (Hund)"},"content":{"rendered":"<h3 class=\"csc-firstHeader\">Schilddr\u00fcse Vorsorgeprofil fT4 (Hund)<\/h3><p><span>LABOKLIN Leistungs-ID: 2130<\/span><\/p><table class=\"tx-laboklinleistung-table contenttable contenttable-2\" style=\"margin-top: 35px;\"><tr><td class=\"td-0\"><strong>Material<\/strong><\/td><td class=\"td-1\"><p class=\"bodytext\">Serum 1 ml<\/p><\/td><\/tr><tr><td class=\"td-0\"><strong>Parameter<\/strong><\/td><td class=\"td-1\"><p class=\"bodytext\">fT4, TSH , Thyreoglobulin-Antik\u00f6rper<\/p><\/td><\/tr><tr><td class=\"td-0\"><strong>Methode<\/strong><\/td><td class=\"td-1\"><p class=\"bodytext\">Chemiluminiszenzassay (CLIA)<\/p><\/td><\/tr><tr><td class=\"td-0\"><strong>Dauer<\/strong><\/td><td class=\"td-1\"><p class=\"bodytext\">1 - 2 Tage<\/p><\/td><\/tr><\/table>\n","protected":false},"excerpt":{"rendered":"<p>fT4-Vorsorgeprofil Hund: Zuverl\u00e4ssige Labordiagnostik mit TSH und Thyreoglobulin-Antik\u00f6rpern zur Schilddr\u00fcsenkontrolle.<\/p>\n","protected":false},"author":1,"featured_media":0,"parent":1332763,"menu_order":44,"comment_status":"closed","ping_status":"closed","template":"","meta":{"_seopress_robots_primary_cat":"","_seopress_titles_title":"Schilddr\u00fcse Vorsorgeprofil fT4 Hund \u2013 Laboranalyse","_seopress_titles_desc":"fT4-Vorsorgeprofil Hund: Zuverl\u00e4ssige Labordiagnostik mit TSH und Thyreoglobulin-Antik\u00f6rpern zur Schilddr\u00fcsenkontrolle.","_seopress_robots_index":"","footnotes":""},"class_list":["post-1336320","page","type-page","status-publish","hentry","description-off"],"_links":{"self":[{"href":"https:\/\/laboklin.de\/de-at\/wp-json\/wp\/v2\/pages\/1336320","targetHints":{"allow":["GET"]}}],"collection":[{"href":"https:\/\/laboklin.de\/de-at\/wp-json\/wp\/v2\/pages"}],"about":[{"href":"https:\/\/laboklin.de\/de-at\/wp-json\/wp\/v2\/types\/page"}],"author":[{"embeddable":true,"href":"https:\/\/laboklin.de\/de-at\/wp-json\/wp\/v2\/users\/1"}],"replies":[{"embeddable":true,"href":"https:\/\/laboklin.de\/de-at\/wp-json\/wp\/v2\/comments?post=1336320"}],"version-history":[{"count":3,"href":"https:\/\/laboklin.de\/de-at\/wp-json\/wp\/v2\/pages\/1336320\/revisions"}],"predecessor-version":[{"id":1574626,"href":"https:\/\/laboklin.de\/de-at\/wp-json\/wp\/v2\/pages\/1336320\/revisions\/1574626"}],"up":[{"embeddable":true,"href":"https:\/\/laboklin.de\/de-at\/wp-json\/wp\/v2\/pages\/1332763"}],"wp:attachment":[{"href":"https:\/\/laboklin.de\/de-at\/wp-json\/wp\/v2\/media?parent=1336320"}],"curies":[{"name":"wp","href":"https:\/\/api.w.org\/{rel}","templated":true}]}}