{"id":1336310,"date":"2020-10-16T11:36:27","date_gmt":"2020-10-16T09:36:27","guid":{"rendered":"https:\/\/laboklin.de\/leistungen\/haematologie-klin-chemie-endokrinologie\/endokrinologie-tumormarker\/tumormarker-cea-carcino-embryonales-antigen\/"},"modified":"2025-01-29T11:00:45","modified_gmt":"2025-01-29T10:00:45","slug":"tumormarker-cea-carcino-embryonales-antigen","status":"publish","type":"page","link":"https:\/\/laboklin.de\/de-at\/leistungen\/haematologie-klin-chemie-endokrinologie\/endokrinologie-tumormarker\/tumormarker-cea-carcino-embryonales-antigen\/","title":{"rendered":"Tumormarker CEA (Carcino-embryonales Antigen)"},"content":{"rendered":"<h3 class=\"csc-firstHeader\">Tumormarker CEA (Carcino-embryonales Antigen)<\/h3><p><span>LABOKLIN Leistungs-ID: 611<\/span><\/p><p class=\"bodytext\"><br><\/p><table class=\"tx-laboklinleistung-table contenttable contenttable-2\" style=\"margin-top: 35px;\"><tr><td class=\"td-0\"><strong>Material<\/strong><\/td><td class=\"td-1\"><p class=\"bodytext\">Serum (oder evtl. EDTA-Plasma oder Heparin-Plasma) 1 ml<\/p><\/td><\/tr><tr><td class=\"td-0\"><strong>Methode<\/strong><\/td><td class=\"td-1\"><p class=\"bodytext\">Chemoluminiszenzassay (CLIA)<\/p><\/td><\/tr><tr><td class=\"td-0\"><strong>Tierart(en)<\/strong><\/td><td class=\"td-1\"><p class=\"bodytext\">Hund, Katze, weitere auf Anfrage<\/p><\/td><\/tr><tr><td class=\"td-0\"><strong>Dauer<\/strong><\/td><td class=\"td-1\"><p class=\"bodytext\">Befund\u00fcbermittlung am Tag des Probeneingangs (Mo.-Sa.)<\/p><\/td><\/tr><tr><td class=\"td-0\"><strong>Anmerkung<\/strong><\/td><td class=\"td-1\"><p class=\"bodytext\"><ul><li>Erh\u00f6hte Konzentrationen treten vor allem bei Tumoren des Gastrointestinaltraktes und der Mamma auf, aber auch bei entz\u00fcndliche Prozessen. <\/li><li><strong>Therapiekontrolle:<\/strong> Bei vorangegangenem positiven Befund nach operativer und\/oder Chemotherapie sollten die Konzentrationen im Normbereich sein. Rezidivkontrolle (1\/2-j\u00e4hrlich).<\/li><\/ul><\/p><\/td><\/tr><\/table>\n","protected":false},"excerpt":{"rendered":"<p>Tumormarker CEA (Carcino-embryonales Antigen)LABOKLIN Leistungs-ID: 611MaterialSerum (oder evtl. EDTA-Plasma oder Heparin-Plasma) 1 mlMethodeChemoluminiszenzassay (CLIA)Tierart(en)Hund, Katze, weitere auf AnfrageDauerBefund\u00fcbermittlung am Tag des Probeneingangs (Mo.-Sa.)AnmerkungErh\u00f6hte Konzentrationen treten vor allem bei Tumoren des Gastrointestinaltraktes und der Mamma auf, aber auch bei entz\u00fcndliche Prozessen. Therapiekontrolle: Bei vorangegangenem positiven Befund nach operativer und\/oder Chemotherapie sollten die Konzentrationen im Normbereich sein.&hellip;<\/p>\n","protected":false},"author":1,"featured_media":0,"parent":1332763,"menu_order":43,"comment_status":"closed","ping_status":"closed","template":"","meta":{"_seopress_robots_primary_cat":"","_seopress_titles_title":"","_seopress_titles_desc":"","_seopress_robots_index":"","footnotes":""},"class_list":["post-1336310","page","type-page","status-publish","hentry","description-off"],"_links":{"self":[{"href":"https:\/\/laboklin.de\/de-at\/wp-json\/wp\/v2\/pages\/1336310","targetHints":{"allow":["GET"]}}],"collection":[{"href":"https:\/\/laboklin.de\/de-at\/wp-json\/wp\/v2\/pages"}],"about":[{"href":"https:\/\/laboklin.de\/de-at\/wp-json\/wp\/v2\/types\/page"}],"author":[{"embeddable":true,"href":"https:\/\/laboklin.de\/de-at\/wp-json\/wp\/v2\/users\/1"}],"replies":[{"embeddable":true,"href":"https:\/\/laboklin.de\/de-at\/wp-json\/wp\/v2\/comments?post=1336310"}],"version-history":[{"count":1,"href":"https:\/\/laboklin.de\/de-at\/wp-json\/wp\/v2\/pages\/1336310\/revisions"}],"predecessor-version":[{"id":1504578,"href":"https:\/\/laboklin.de\/de-at\/wp-json\/wp\/v2\/pages\/1336310\/revisions\/1504578"}],"up":[{"embeddable":true,"href":"https:\/\/laboklin.de\/de-at\/wp-json\/wp\/v2\/pages\/1332763"}],"wp:attachment":[{"href":"https:\/\/laboklin.de\/de-at\/wp-json\/wp\/v2\/media?parent=1336310"}],"curies":[{"name":"wp","href":"https:\/\/api.w.org\/{rel}","templated":true}]}}