{"id":1336298,"date":"2020-10-16T11:36:27","date_gmt":"2020-10-16T09:36:27","guid":{"rendered":"https:\/\/laboklin.de\/leistungen\/haematologie-klin-chemie-endokrinologie\/endokrinologie-tumormarker\/tumormarker-afp-alpha-feto-protein\/"},"modified":"2025-01-29T11:00:06","modified_gmt":"2025-01-29T10:00:06","slug":"tumormarker-afp-alpha-feto-protein","status":"publish","type":"page","link":"https:\/\/laboklin.de\/de-at\/leistungen\/haematologie-klin-chemie-endokrinologie\/endokrinologie-tumormarker\/tumormarker-afp-alpha-feto-protein\/","title":{"rendered":"Tumormarker AFP (Alpha-Feto-Protein)"},"content":{"rendered":"<h3 class=\"csc-firstHeader\">Tumormarker AFP (Alpha-Feto-Protein)<\/h3><p><span>LABOKLIN Leistungs-ID: 612<\/span><\/p><p class=\"bodytext\"><br><\/p><table class=\"tx-laboklinleistung-table contenttable contenttable-2\" style=\"margin-top: 35px;\"><tr><td class=\"td-0\"><strong>Material<\/strong><\/td><td class=\"td-1\"><p class=\"bodytext\">Serum (oder evtl. EDTA-Plasma oder Heparin-Plasma) 1 ml<\/p><\/td><\/tr><tr><td class=\"td-0\"><strong>Methode<\/strong><\/td><td class=\"td-1\"><p class=\"bodytext\">Chemoluminiszenzassay (CLIA)<\/p><\/td><\/tr><tr><td class=\"td-0\"><strong>Tierart(en)<\/strong><\/td><td class=\"td-1\"><p class=\"bodytext\">Hund, Katze, Pferd, weitere auf Anfrage<\/p><\/td><\/tr><tr><td class=\"td-0\"><strong>Dauer<\/strong><\/td><td class=\"td-1\"><p class=\"bodytext\">Befund\u00fcbermittlung am Tag des Probeneingangs (Mo.\u2013Sa.)<\/p><\/td><\/tr><tr><td class=\"td-0\"><strong>Anmerkung<\/strong><\/td><td class=\"td-1\"><p class=\"bodytext\"><ul><li>Die Konzentrationen sind bei benignen Lebererkrankungen (<strong>Hund<\/strong> \u2013 z. T. leicht), Lebertumoren (leicht bis deutlich) und w\u00e4hrend der Gravidit\u00e4t (physiologisch) erh\u00f6ht.<\/li><li><strong>Therapiekontrolle<\/strong>: Bei vorangegangenem positiven Befund nach operativer und\/oder Chemotherapie sollten die Konzentrationen im Normbereich sein. Rezidivkontrolle (1\/2-j\u00e4hrlich).<\/li><\/ul><\/p><\/td><\/tr><\/table>\n","protected":false},"excerpt":{"rendered":"<p>Tumormarker AFP (Alpha-Feto-Protein)LABOKLIN Leistungs-ID: 612MaterialSerum (oder evtl. EDTA-Plasma oder Heparin-Plasma) 1 mlMethodeChemoluminiszenzassay (CLIA)Tierart(en)Hund, Katze, Pferd, weitere auf AnfrageDauerBefund\u00fcbermittlung am Tag des Probeneingangs (Mo.\u2013Sa.)AnmerkungDie Konzentrationen sind bei benignen Lebererkrankungen (Hund \u2013 z. T. leicht), Lebertumoren (leicht bis deutlich) und w\u00e4hrend der Gravidit\u00e4t (physiologisch) erh\u00f6ht.Therapiekontrolle: Bei vorangegangenem positiven Befund nach operativer und\/oder Chemotherapie sollten die Konzentrationen im&hellip;<\/p>\n","protected":false},"author":1,"featured_media":0,"parent":1332763,"menu_order":42,"comment_status":"closed","ping_status":"closed","template":"","meta":{"_seopress_robots_primary_cat":"","_seopress_titles_title":"","_seopress_titles_desc":"","_seopress_robots_index":"","footnotes":""},"class_list":["post-1336298","page","type-page","status-publish","hentry","description-off"],"_links":{"self":[{"href":"https:\/\/laboklin.de\/de-at\/wp-json\/wp\/v2\/pages\/1336298","targetHints":{"allow":["GET"]}}],"collection":[{"href":"https:\/\/laboklin.de\/de-at\/wp-json\/wp\/v2\/pages"}],"about":[{"href":"https:\/\/laboklin.de\/de-at\/wp-json\/wp\/v2\/types\/page"}],"author":[{"embeddable":true,"href":"https:\/\/laboklin.de\/de-at\/wp-json\/wp\/v2\/users\/1"}],"replies":[{"embeddable":true,"href":"https:\/\/laboklin.de\/de-at\/wp-json\/wp\/v2\/comments?post=1336298"}],"version-history":[{"count":1,"href":"https:\/\/laboklin.de\/de-at\/wp-json\/wp\/v2\/pages\/1336298\/revisions"}],"predecessor-version":[{"id":1504575,"href":"https:\/\/laboklin.de\/de-at\/wp-json\/wp\/v2\/pages\/1336298\/revisions\/1504575"}],"up":[{"embeddable":true,"href":"https:\/\/laboklin.de\/de-at\/wp-json\/wp\/v2\/pages\/1332763"}],"wp:attachment":[{"href":"https:\/\/laboklin.de\/de-at\/wp-json\/wp\/v2\/media?parent=1336298"}],"curies":[{"name":"wp","href":"https:\/\/api.w.org\/{rel}","templated":true}]}}