{"id":1336286,"date":"2023-01-05T14:38:52","date_gmt":"2023-01-05T13:38:52","guid":{"rendered":"https:\/\/laboklin.de\/leistungen\/genetik\/genetikpakete\/hund\/paket-weisser-schweizer-schaeferhund\/"},"modified":"2023-01-05T14:38:52","modified_gmt":"2023-01-05T13:38:52","slug":"paket-weisser-schweizer-schaeferhund","status":"publish","type":"page","link":"https:\/\/laboklin.de\/de-at\/leistungen\/genetik\/genetikpakete\/hund\/paket-weisser-schweizer-schaeferhund\/","title":{"rendered":"Paket Wei\u00dfer Schweizer Sch\u00e4ferhund"},"content":{"rendered":"<h3 class=\"csc-firstHeader\">Paket Wei\u00dfer Schweizer Sch\u00e4ferhund<\/h3><p><span>LABOKLIN Leistungs-ID: 8814<\/span><\/p><p class=\"bodytext\">Das Paket enth\u00e4lt folgende Tests: <br \/>\r\nCerebell\u00e4re Hypoplasie (CH), Degenerative Myelopathie (DM Exon2), MDR1-Genvariante (Ivermectin-\u00dcberempfindlichkeit)), Zwergwuchs (hypophys\u00e4re Form), Haarl\u00e4nge I (kurz-, langhaarig)<\/p><table class=\"tx-laboklinleistung-table contenttable contenttable-2\" style=\"margin-top: 35px;\"><tr><td class=\"td-0\"><strong>Rasse<\/strong><\/td><td class=\"td-1\"><p class=\"bodytext\">Wei\u00dfer Schweizer Sch\u00e4ferhund<\/p><\/td><\/tr><tr><td class=\"td-0\"><strong>Erbgang<\/strong><\/td><td class=\"td-1\"><p class=\"bodytext\">Weitere Informationen finden Sie in der Beschreibung der jeweiligen Erbkrankheit.<\/p><\/td><\/tr><tr><td class=\"td-0\"><strong>Dauer<\/strong><\/td><td class=\"td-1\"><p class=\"bodytext\">1 - 2 Wochen nach Erhalt der Probe<\/p><\/td><\/tr><\/table>\n","protected":false},"excerpt":{"rendered":"<p>Paket Wei\u00dfer Schweizer Sch\u00e4ferhundLABOKLIN Leistungs-ID: 8814Das Paket enth\u00e4lt folgende Tests: Cerebell\u00e4re Hypoplasie (CH), Degenerative Myelopathie (DM Exon2), MDR1-Genvariante (Ivermectin-\u00dcberempfindlichkeit)), Zwergwuchs (hypophys\u00e4re Form), Haarl\u00e4nge I (kurz-, langhaarig)RasseWei\u00dfer Schweizer Sch\u00e4ferhundErbgangWeitere Informationen finden Sie in der Beschreibung der jeweiligen Erbkrankheit.Dauer1 &#8211; 2 Wochen nach Erhalt der Probe<\/p>\n","protected":false},"author":10,"featured_media":0,"parent":1332725,"menu_order":42,"comment_status":"closed","ping_status":"closed","template":"","meta":{"_seopress_robots_primary_cat":"","_seopress_titles_title":"","_seopress_titles_desc":"","_seopress_robots_index":"","footnotes":""},"class_list":["post-1336286","page","type-page","status-publish","hentry","description-off"],"_links":{"self":[{"href":"https:\/\/laboklin.de\/de-at\/wp-json\/wp\/v2\/pages\/1336286","targetHints":{"allow":["GET"]}}],"collection":[{"href":"https:\/\/laboklin.de\/de-at\/wp-json\/wp\/v2\/pages"}],"about":[{"href":"https:\/\/laboklin.de\/de-at\/wp-json\/wp\/v2\/types\/page"}],"author":[{"embeddable":true,"href":"https:\/\/laboklin.de\/de-at\/wp-json\/wp\/v2\/users\/10"}],"replies":[{"embeddable":true,"href":"https:\/\/laboklin.de\/de-at\/wp-json\/wp\/v2\/comments?post=1336286"}],"version-history":[{"count":0,"href":"https:\/\/laboklin.de\/de-at\/wp-json\/wp\/v2\/pages\/1336286\/revisions"}],"up":[{"embeddable":true,"href":"https:\/\/laboklin.de\/de-at\/wp-json\/wp\/v2\/pages\/1332725"}],"wp:attachment":[{"href":"https:\/\/laboklin.de\/de-at\/wp-json\/wp\/v2\/media?parent=1336286"}],"curies":[{"name":"wp","href":"https:\/\/api.w.org\/{rel}","templated":true}]}}