{"id":1336260,"date":"2020-10-16T11:36:27","date_gmt":"2020-10-16T09:36:27","guid":{"rendered":"https:\/\/laboklin.de\/leistungen\/genetik\/erbkrankheiten\/hund\/canine-multiple-systemdegeneration-cmsd\/"},"modified":"2025-02-05T11:38:42","modified_gmt":"2025-02-05T10:38:42","slug":"canine-multiple-systemdegeneration-cmsd","status":"publish","type":"page","link":"https:\/\/laboklin.de\/de-at\/leistungen\/genetik\/erbkrankheiten\/hund\/canine-multiple-systemdegeneration-cmsd\/","title":{"rendered":"Canine multiple Systemdegeneration (CMSD)"},"content":{"rendered":"<h3 class=\"csc-firstHeader\">Canine multiple Systemdegeneration (CMSD)<\/h3><p><span>LABOKLIN Leistungs-ID: 8575<\/span><\/p><p class=\"bodytext\">Die canine multiple Systemdegeneration (CMSD) wurde zuerst beim Kerry Blue Terrier beschrieben, kommt aber auch beim Chinese Crested Dog (Chinesischer Schopfhund) vor. Die betroffenen Tiere entwickeln sich in den ersten 3 - 6 Monaten ihres Lebens normal. Danach zeigen sie Probleme in der Bewegungskoordination aufgrund krankhafter Ver\u00e4nderungen im Kleinhirn, was als cerebell\u00e4re Ataxie bezeichnet wird. Zuerst zeigt sich dies in Bewegungsst\u00f6rungen des Kopfes und sp\u00e4ter der Beine. Die Tiere haben zunehmend Schwierigkeiten beim Laufen, f\u00e4llen \u00f6fter um und verlieren mit der Zeit auch die F\u00e4higkeit, stabil zu stehen. Im Alter von 1 - 2 Jahren m\u00fcssen die Hunde meist euthanasiert werden.<\/p><table class=\"tx-laboklinleistung-table contenttable contenttable-2\" style=\"margin-top: 35px;\"><tr><td class=\"td-0\"><strong>Methode<\/strong><\/td><td class=\"td-1\"><p class=\"bodytext\">Sequenzierung<\/p><\/td><\/tr><tr><td class=\"td-0\"><strong>Rasse<\/strong><\/td><td class=\"td-1\"><p class=\"bodytext\">Chinese Crested Dog, Kerry Blue Terrier<\/p><\/td><\/tr><tr><td class=\"td-0\"><strong>Erbgang<\/strong><\/td><td class=\"td-1\"><p class=\"bodytext\">autosomal-rezessiv<\/p><\/td><\/tr><tr><td class=\"td-0\"><strong>Dauer<\/strong><\/td><td class=\"td-1\"><p class=\"bodytext\">1 - 2 Wochen nach Erhalt der Probe<\/p><\/td><\/tr><\/table>\n","protected":false},"excerpt":{"rendered":"<p>Canine multiple Systemdegeneration (CMSD)LABOKLIN Leistungs-ID: 8575Die canine multiple Systemdegeneration (CMSD) wurde zuerst beim Kerry Blue Terrier beschrieben, kommt aber auch beim Chinese Crested Dog (Chinesischer Schopfhund) vor. Die betroffenen Tiere entwickeln sich in den ersten 3 &#8211; 6 Monaten ihres Lebens normal. Danach zeigen sie Probleme in der Bewegungskoordination aufgrund krankhafter Ver\u00e4nderungen im Kleinhirn, was&hellip;<\/p>\n","protected":false},"author":1,"featured_media":0,"parent":1332701,"menu_order":40,"comment_status":"closed","ping_status":"closed","template":"","meta":{"_seopress_robots_primary_cat":"","_seopress_titles_title":"","_seopress_titles_desc":"","_seopress_robots_index":"","footnotes":""},"class_list":["post-1336260","page","type-page","status-publish","hentry","description-off"],"_links":{"self":[{"href":"https:\/\/laboklin.de\/de-at\/wp-json\/wp\/v2\/pages\/1336260","targetHints":{"allow":["GET"]}}],"collection":[{"href":"https:\/\/laboklin.de\/de-at\/wp-json\/wp\/v2\/pages"}],"about":[{"href":"https:\/\/laboklin.de\/de-at\/wp-json\/wp\/v2\/types\/page"}],"author":[{"embeddable":true,"href":"https:\/\/laboklin.de\/de-at\/wp-json\/wp\/v2\/users\/1"}],"replies":[{"embeddable":true,"href":"https:\/\/laboklin.de\/de-at\/wp-json\/wp\/v2\/comments?post=1336260"}],"version-history":[{"count":1,"href":"https:\/\/laboklin.de\/de-at\/wp-json\/wp\/v2\/pages\/1336260\/revisions"}],"predecessor-version":[{"id":1506920,"href":"https:\/\/laboklin.de\/de-at\/wp-json\/wp\/v2\/pages\/1336260\/revisions\/1506920"}],"up":[{"embeddable":true,"href":"https:\/\/laboklin.de\/de-at\/wp-json\/wp\/v2\/pages\/1332701"}],"wp:attachment":[{"href":"https:\/\/laboklin.de\/de-at\/wp-json\/wp\/v2\/media?parent=1336260"}],"curies":[{"name":"wp","href":"https:\/\/api.w.org\/{rel}","templated":true}]}}