{"id":1336259,"date":"2020-10-16T11:36:27","date_gmt":"2020-10-16T09:36:27","guid":{"rendered":"https:\/\/laboklin.de\/leistungen\/haematologie-klin-chemie-endokrinologie\/endokrinologie-tumormarker\/thyreoglobulin-antikoerper-atg\/"},"modified":"2025-01-29T10:56:40","modified_gmt":"2025-01-29T09:56:40","slug":"thyreoglobulin-antikoerper-atg","status":"publish","type":"page","link":"https:\/\/laboklin.de\/de-at\/leistungen\/haematologie-klin-chemie-endokrinologie\/endokrinologie-tumormarker\/thyreoglobulin-antikoerper-atg\/","title":{"rendered":"Thyreoglobulin-Antik\u00f6rper (ATG)"},"content":{"rendered":"<h3 class=\"csc-firstHeader\">Thyreoglobulin-Antik\u00f6rper (ATG\/TGAA)<\/h3><p><span>LABOKLIN Leistungs-ID: 118<\/span><\/p><p class=\"bodytext\"><br><\/p><table class=\"tx-laboklinleistung-table contenttable contenttable-2\" style=\"margin-top: 35px;\"><tr><td class=\"td-0\"><strong>Material<\/strong><\/td><td class=\"td-1\"><p class=\"bodytext\">Serum 0,5 ml<\/p><\/td><\/tr><tr><td class=\"td-0\"><strong>Methode<\/strong><\/td><td class=\"td-1\"><p class=\"bodytext\">Enzym Linked Immunosorbent Assay (ELISA)<\/p><\/td><\/tr><tr><td class=\"td-0\"><strong>Tierart(en)<\/strong><\/td><td class=\"td-1\"><p class=\"bodytext\">Hund<\/p><\/td><\/tr><tr><td class=\"td-0\"><strong>Dauer<\/strong><\/td><td class=\"td-1\"><p class=\"bodytext\">Befund\u00fcbermittlung am Tag des Probeneingangs (Mo.-Fr.)<\/p><\/td><\/tr><tr><td class=\"td-0\"><strong>Anmerkung<\/strong><\/td><td class=\"td-1\"><p class=\"bodytext\"><ul><li>Autoantik\u00f6rper gegen Thyreoglobulin weisen auf eine Autoimmunthyreoiditis hin und gehen mit einem erh\u00f6hten Risiko f\u00fcr die Entstehung einer Hypothyreose einher.<\/li><li>Sie k\u00f6nnen bei pr\u00e4disponierten Rassen einen zuchthygienischen Hinweis liefern; Rassedisposition: u. a. Dobermann, Golden Retriever, Beagle, Cocker Spaniel, Rhodesian Ridgeback, Irish Setter, Akita, Boxer.<\/li><li>Der Nachweis von TGAA ist nicht mit einer klinisch manifesten Hypothyreose gleichzusetzen. Eine Hypothyreose kann auch ohne Vorhandensein von TGAA bestehen.<\/li><\/ul><\/p><\/td><\/tr><\/table>\n","protected":false},"excerpt":{"rendered":"<p>Thyreoglobulin-Antik\u00f6rper (ATG\/TGAA)LABOKLIN Leistungs-ID: 118MaterialSerum 0,5 mlMethodeEnzym Linked Immunosorbent Assay (ELISA)Tierart(en)HundDauerBefund\u00fcbermittlung am Tag des Probeneingangs (Mo.-Fr.)AnmerkungAutoantik\u00f6rper gegen Thyreoglobulin weisen auf eine Autoimmunthyreoiditis hin und gehen mit einem erh\u00f6hten Risiko f\u00fcr die Entstehung einer Hypothyreose einher.Sie k\u00f6nnen bei pr\u00e4disponierten Rassen einen zuchthygienischen Hinweis liefern; Rassedisposition: u. a. Dobermann, Golden Retriever, Beagle, Cocker Spaniel, Rhodesian Ridgeback, Irish Setter,&hellip;<\/p>\n","protected":false},"author":1,"featured_media":0,"parent":1332763,"menu_order":40,"comment_status":"closed","ping_status":"closed","template":"","meta":{"_seopress_robots_primary_cat":"","_seopress_titles_title":"","_seopress_titles_desc":"","_seopress_robots_index":"","footnotes":""},"class_list":["post-1336259","page","type-page","status-publish","hentry","description-off"],"_links":{"self":[{"href":"https:\/\/laboklin.de\/de-at\/wp-json\/wp\/v2\/pages\/1336259","targetHints":{"allow":["GET"]}}],"collection":[{"href":"https:\/\/laboklin.de\/de-at\/wp-json\/wp\/v2\/pages"}],"about":[{"href":"https:\/\/laboklin.de\/de-at\/wp-json\/wp\/v2\/types\/page"}],"author":[{"embeddable":true,"href":"https:\/\/laboklin.de\/de-at\/wp-json\/wp\/v2\/users\/1"}],"replies":[{"embeddable":true,"href":"https:\/\/laboklin.de\/de-at\/wp-json\/wp\/v2\/comments?post=1336259"}],"version-history":[{"count":1,"href":"https:\/\/laboklin.de\/de-at\/wp-json\/wp\/v2\/pages\/1336259\/revisions"}],"predecessor-version":[{"id":1504570,"href":"https:\/\/laboklin.de\/de-at\/wp-json\/wp\/v2\/pages\/1336259\/revisions\/1504570"}],"up":[{"embeddable":true,"href":"https:\/\/laboklin.de\/de-at\/wp-json\/wp\/v2\/pages\/1332763"}],"wp:attachment":[{"href":"https:\/\/laboklin.de\/de-at\/wp-json\/wp\/v2\/media?parent=1336259"}],"curies":[{"name":"wp","href":"https:\/\/api.w.org\/{rel}","templated":true}]}}