{"id":1336223,"date":"2020-10-16T11:36:27","date_gmt":"2020-10-16T09:36:27","guid":{"rendered":"https:\/\/laboklin.de\/leistungen\/haematologie-klin-chemie-endokrinologie\/endokrinologie-tumormarker\/therapiekontrolle-vetoryl-pre-und-post-pill\/"},"modified":"2026-02-11T17:09:45","modified_gmt":"2026-02-11T16:09:45","slug":"therapiekontrolle-vetoryl-2-x-cortisol","status":"publish","type":"page","link":"https:\/\/laboklin.de\/de-at\/leistungen\/haematologie-klin-chemie-endokrinologie\/endokrinologie-tumormarker\/therapiekontrolle-vetoryl-2-x-cortisol\/","title":{"rendered":"Therapiekontrolle Trilostan (Vetoryl\u00ae) (2 x Cortisol)"},"content":{"rendered":"<h3 class=\"csc-firstHeader\">Therapiekontrolle Trilostan (Vetoryl\u00ae) (2 x Cortisol)<\/h3><p><span>LABOKLIN Leistungs-ID: 1325<\/span><\/p><p class=\"bodytext\"><br><\/p><table class=\"tx-laboklinleistung-table contenttable contenttable-2\" style=\"margin-top: 35px;\"><tr><td class=\"td-0\"><strong>Material<\/strong><\/td><td class=\"td-1\"><p class=\"bodytext\">Serum 2 x 0,5 ml <\/p><\/td><\/tr><tr><td class=\"td-0\"><strong>Parameter<\/strong><\/td><td class=\"td-1\"><p class=\"bodytext\">2 x Cortisol (Bestimmung 2x prepill oder pre- sowie postpill)<\/p><\/td><\/tr><tr><td class=\"td-0\"><strong>Methode<\/strong><\/td><td class=\"td-1\"><p class=\"bodytext\">Chemoluminiszenzassay (CLIA)<\/p><\/td><\/tr><tr><td class=\"td-0\"><strong>Dauer<\/strong><\/td><td class=\"td-1\"><p class=\"bodytext\">Befund\u00fcbermittlung am Tag des Probeneingangs (Mo.-Sa.)<\/p><\/td><\/tr><tr><td class=\"td-0\"><strong>Anmerkung<\/strong><\/td><td class=\"td-1\"><p class=\"bodytext\"><ul><li>Ein- oder zweimalige Bestimmung des Prepill-Cortisols ist m\u00f6glich. Bei der zweimaligen Messung (2x prepill) erfolgt die Cortisol-Bestimmung im Abstand von einer Stunde. Trilostan ist erst nach der zweiten Probenentnahme zu verabreichen.<\/li><li>Sollte f\u00fcr die Blutentnahme eine Umstellung des Zeitpunkts der Tabletteneinnahme erforderlich sein, muss diese mindestens einen Tag zuvor erfolgen.<\/li><li>F\u00fcr die Trilostan-Therapiekontrolle gelten eigene Cortisol-Referenzwerte (prepill: 14\u201350 ng\/ml).<\/li><li>Nicht geeignet f\u00fcr Patienten mit schlechtem Allgemeinbefinden und f\u00fcr Tiere, bei denen eine stressfreie Blutentnahme nicht m\u00f6glich ist. In diesen F\u00e4llen wird weiterhin der ACTH-Stimulationstest (siehe Endokrinologie\/Funktionstests) empfohlen.<\/li><\/ul><\/p><\/td><\/tr><\/table>\n","protected":false},"excerpt":{"rendered":"<p>Therapiekontrolle Trilostan (Vetoryl\u00ae) (2 x Cortisol)LABOKLIN Leistungs-ID: 1325MaterialSerum 2 x 0,5 ml Parameter2 x Cortisol (Bestimmung 2x prepill oder pre- sowie postpill)MethodeChemoluminiszenzassay (CLIA)DauerBefund\u00fcbermittlung am Tag des Probeneingangs (Mo.-Sa.)AnmerkungEin- oder zweimalige Bestimmung des Prepill-Cortisols ist m\u00f6glich. Bei der zweimaligen Messung (2x prepill) erfolgt die Cortisol-Bestimmung im Abstand von einer Stunde. Trilostan ist erst nach der zweiten&hellip;<\/p>\n","protected":false},"author":1,"featured_media":0,"parent":1332763,"menu_order":37,"comment_status":"closed","ping_status":"closed","template":"","meta":{"_seopress_robots_primary_cat":"","_seopress_titles_title":"","_seopress_titles_desc":"","_seopress_robots_index":"","footnotes":""},"class_list":["post-1336223","page","type-page","status-publish","hentry","description-off"],"_links":{"self":[{"href":"https:\/\/laboklin.de\/de-at\/wp-json\/wp\/v2\/pages\/1336223","targetHints":{"allow":["GET"]}}],"collection":[{"href":"https:\/\/laboklin.de\/de-at\/wp-json\/wp\/v2\/pages"}],"about":[{"href":"https:\/\/laboklin.de\/de-at\/wp-json\/wp\/v2\/types\/page"}],"author":[{"embeddable":true,"href":"https:\/\/laboklin.de\/de-at\/wp-json\/wp\/v2\/users\/1"}],"replies":[{"embeddable":true,"href":"https:\/\/laboklin.de\/de-at\/wp-json\/wp\/v2\/comments?post=1336223"}],"version-history":[{"count":2,"href":"https:\/\/laboklin.de\/de-at\/wp-json\/wp\/v2\/pages\/1336223\/revisions"}],"predecessor-version":[{"id":1588581,"href":"https:\/\/laboklin.de\/de-at\/wp-json\/wp\/v2\/pages\/1336223\/revisions\/1588581"}],"up":[{"embeddable":true,"href":"https:\/\/laboklin.de\/de-at\/wp-json\/wp\/v2\/pages\/1332763"}],"wp:attachment":[{"href":"https:\/\/laboklin.de\/de-at\/wp-json\/wp\/v2\/media?parent=1336223"}],"curies":[{"name":"wp","href":"https:\/\/api.w.org\/{rel}","templated":true}]}}