{"id":1336221,"date":"2021-11-11T16:08:46","date_gmt":"2021-11-11T15:08:46","guid":{"rendered":"https:\/\/laboklin.de\/leistungen\/genetik\/genetikpakete\/hund\/paket-labrador-1\/"},"modified":"2021-11-11T16:08:46","modified_gmt":"2021-11-11T15:08:46","slug":"paket-labrador-1","status":"publish","type":"page","link":"https:\/\/laboklin.de\/de-at\/leistungen\/genetik\/genetikpakete\/hund\/paket-labrador-1\/","title":{"rendered":"Paket Labrador 1"},"content":{"rendered":"<h3 class=\"csc-firstHeader\">Paket Labrador 1 (Basispaket)<\/h3><p><span>LABOKLIN Leistungs-ID: 8627<\/span><\/p><p class=\"bodytext\">Das Paket enth\u00e4lt folgende Tests:<br \/>\r\nCentronukle\u00e4re Myopathie (CNM), Exercise induced collapse (EIC), Heredit\u00e4re nasale Parakeratose (HNPK), Progressive Retinaatrophie (prcd-PRA), Retinale Dysplasie (OSD) Stargardt-Syndrom (retinale Degeneration) (STGD) und Zwergwuchs (Skeletale Dysplasia 2) (SD2)<\/p><table class=\"tx-laboklinleistung-table contenttable contenttable-2\" style=\"margin-top: 35px;\"><tr><td class=\"td-0\"><strong>Rasse<\/strong><\/td><td class=\"td-1\"><p class=\"bodytext\">Labradoodle, Labrador Retriever<\/p><\/td><\/tr><tr><td class=\"td-0\"><strong>Erbgang<\/strong><\/td><td class=\"td-1\"><p class=\"bodytext\">Weitere Informationen finden Sie in der Beschreibung der jeweiligen Erbkrankheit.<\/p><\/td><\/tr><tr><td class=\"td-0\"><strong>Dauer<\/strong><\/td><td class=\"td-1\"><p class=\"bodytext\">1 - 2 Wochen nach Erhalt der Probe<\/p><\/td><\/tr><\/table>\n","protected":false},"excerpt":{"rendered":"<p>Paket Labrador 1 (Basispaket)LABOKLIN Leistungs-ID: 8627Das Paket enth\u00e4lt folgende Tests: Centronukle\u00e4re Myopathie (CNM), Exercise induced collapse (EIC), Heredit\u00e4re nasale Parakeratose (HNPK), Progressive Retinaatrophie (prcd-PRA), Retinale Dysplasie (OSD) Stargardt-Syndrom (retinale Degeneration) (STGD) und Zwergwuchs (Skeletale Dysplasia 2) (SD2)RasseLabradoodle, Labrador RetrieverErbgangWeitere Informationen finden Sie in der Beschreibung der jeweiligen Erbkrankheit.Dauer1 &#8211; 2 Wochen nach Erhalt der Probe<\/p>\n","protected":false},"author":1,"featured_media":0,"parent":1332725,"menu_order":37,"comment_status":"closed","ping_status":"closed","template":"","meta":{"_seopress_robots_primary_cat":"","_seopress_titles_title":"","_seopress_titles_desc":"","_seopress_robots_index":"","footnotes":""},"class_list":["post-1336221","page","type-page","status-publish","hentry","description-off"],"_links":{"self":[{"href":"https:\/\/laboklin.de\/de-at\/wp-json\/wp\/v2\/pages\/1336221","targetHints":{"allow":["GET"]}}],"collection":[{"href":"https:\/\/laboklin.de\/de-at\/wp-json\/wp\/v2\/pages"}],"about":[{"href":"https:\/\/laboklin.de\/de-at\/wp-json\/wp\/v2\/types\/page"}],"author":[{"embeddable":true,"href":"https:\/\/laboklin.de\/de-at\/wp-json\/wp\/v2\/users\/1"}],"replies":[{"embeddable":true,"href":"https:\/\/laboklin.de\/de-at\/wp-json\/wp\/v2\/comments?post=1336221"}],"version-history":[{"count":0,"href":"https:\/\/laboklin.de\/de-at\/wp-json\/wp\/v2\/pages\/1336221\/revisions"}],"up":[{"embeddable":true,"href":"https:\/\/laboklin.de\/de-at\/wp-json\/wp\/v2\/pages\/1332725"}],"wp:attachment":[{"href":"https:\/\/laboklin.de\/de-at\/wp-json\/wp\/v2\/media?parent=1336221"}],"curies":[{"name":"wp","href":"https:\/\/api.w.org\/{rel}","templated":true}]}}