{"id":1336192,"date":"2020-03-18T14:50:46","date_gmt":"2020-03-18T13:50:46","guid":{"rendered":"https:\/\/laboklin.de\/faq-genetik\/"},"modified":"2023-01-31T18:19:53","modified_gmt":"2023-01-31T17:19:53","slug":"faq-genetik","status":"publish","type":"page","link":"https:\/\/laboklin.de\/de-at\/faq-genetik\/","title":{"rendered":"FAQ Genetik"},"content":{"rendered":"<div class=\"wpb-content-wrapper\"><p>[vc_row][vc_column]<div class=\"dt-fancy-separator title-left h3-size\" style=\"width: 100%;\"><div class=\"dt-fancy-title bg-on\" style=\"color: #e51e1e;\"><span class=\"separator-holder separator-left\"><\/span>Fragen zu genetischen Untersuchungen<span class=\"separator-holder separator-right\"><\/span><\/div><\/div>[\/vc_column][\/vc_row][vc_row type=&#8220;vc_default&#8220; css=&#8220;.vc_custom_1612771004218{margin-top: 30px !important;}&#8220;][vc_column][vc_accordion active_tab=&#8220;false&#8220; collapsible=&#8220;yes&#8220; title_size=&#8220;normal&#8220; style=&#8220;2&#8243;][vc_accordion_tab title=&#8220;Welches Probenmaterial ist f\u00fcr den genetischen Nachweis einer Erbkrankheit oder eines Fellmerkmals geeignet?&#8220;][vc_column_text css=&#8220;.vc_custom_1613116623818{padding: 20px !important;}&#8220;]F\u00fcr einen PCR-Nachweis ist immer DNA des zu testenden\u00a0Tieres die Grundlage. Zur Aufreinigung der DNA eignet sich eine\u00a0<b>EDTA-Blutprobe (0,5 &#8211; 1 ml)<\/b>\u00a0am besten, da hier eine gro\u00dfe Menge an Zellmaterial des Tieres vorhanden ist.<\/p>\n<p>Grunds\u00e4tzlich m\u00f6glich ist auch die Verwendung von<b>\u00a0zwei Maulschleimhautabstrichen<\/b>. Dazu wird ein steriler Wattetupfer an der Innenseite der Wange kr\u00e4ftig gerieben. Der Tupfer sollte anschlie\u00dfend trocknen um Schimmelbildung zu vermeiden und in einem R\u00f6hrchen ohne Medium (keine Fl\u00fcssigkeiten oder Agar) versendet werden.<\/p>\n<p>Bitte stellen Sie bei der Verwendung von Abstrichen sicher, dass das entsprechende\u00a0Tier vorher 1-2 Stunden nicht gefressen hat und keinen Kontakt zu anderen Tieren hatte um Verunreinigung, die Auswirkung auf das Ergebnis des Tests\u00a0haben k\u00f6nnten, zu vermeiden.[\/vc_column_text][\/vc_accordion_tab][vc_accordion_tab title=&#8220;Kann man einen Gentest auch bei einer Rasse durchf\u00fchren, die nicht f\u00fcr den Test aufgelistet ist?&#8220;][vc_column_text css=&#8220;.vc_custom_1613116637786{padding: 20px !important;}&#8220;]Grunds\u00e4tzlich kann der Nachweis einer bestimmten Mutation bei allen Tieren einer Art durchgef\u00fchrt werden.<\/p>\n<p>Die Aussagekraft eines Test ist jedoch schwach, solange nicht wissenschaftlich beschrieben ist, dass eine Korrelation zwischen einer genetischen Ver\u00e4nderung und Symptomen einer Krankheit oder zu einem\u00a0Merkmal besteht.<\/p>\n<p>Wir empfehlen einen\u00a0Gentest daher nur f\u00fcr solche Rassen durchzuf\u00fchren, bei denen diese Korrelation vorliegt.[\/vc_column_text][\/vc_accordion_tab][\/vc_accordion][\/vc_column][\/vc_row][vc_row type=&#8220;vc_default&#8220; disable_element=&#8220;yes&#8220; css=&#8220;.vc_custom_1612770855115{margin-top: -60px !important;}&#8220;][vc_column][vc_column_text][elfsight_faq id=&#8220;7&#8243;][\/vc_column_text][\/vc_column][\/vc_row]<\/p>\n<\/div>","protected":false},"excerpt":{"rendered":"<p>[vc_row][vc_column][\/vc_column][\/vc_row][vc_row type=&#8220;vc_default&#8220; css=&#8220;.vc_custom_1612771004218{margin-top: 30px !important;}&#8220;][vc_column][vc_accordion active_tab=&#8220;false&#8220; collapsible=&#8220;yes&#8220; title_size=&#8220;normal&#8220; style=&#8220;2&#8243;][vc_accordion_tab title=&#8220;Welches Probenmaterial ist f\u00fcr den genetischen Nachweis einer Erbkrankheit oder eines Fellmerkmals geeignet?&#8220;][vc_column_text css=&#8220;.vc_custom_1613116623818{padding: 20px !important;}&#8220;]F\u00fcr einen PCR-Nachweis ist immer DNA des zu testenden\u00a0Tieres die Grundlage. Zur Aufreinigung der DNA eignet sich eine\u00a0EDTA-Blutprobe (0,5 &#8211; 1 ml)\u00a0am besten, da hier eine gro\u00dfe Menge an Zellmaterial des&hellip;<\/p>\n","protected":false},"author":1,"featured_media":0,"parent":0,"menu_order":34,"comment_status":"closed","ping_status":"closed","template":"","meta":{"_seopress_robots_primary_cat":"","_seopress_titles_title":"","_seopress_titles_desc":"","_seopress_robots_index":"","footnotes":""},"class_list":["post-1336192","page","type-page","status-publish","hentry","description-off"],"_links":{"self":[{"href":"https:\/\/laboklin.de\/de-at\/wp-json\/wp\/v2\/pages\/1336192","targetHints":{"allow":["GET"]}}],"collection":[{"href":"https:\/\/laboklin.de\/de-at\/wp-json\/wp\/v2\/pages"}],"about":[{"href":"https:\/\/laboklin.de\/de-at\/wp-json\/wp\/v2\/types\/page"}],"author":[{"embeddable":true,"href":"https:\/\/laboklin.de\/de-at\/wp-json\/wp\/v2\/users\/1"}],"replies":[{"embeddable":true,"href":"https:\/\/laboklin.de\/de-at\/wp-json\/wp\/v2\/comments?post=1336192"}],"version-history":[{"count":1,"href":"https:\/\/laboklin.de\/de-at\/wp-json\/wp\/v2\/pages\/1336192\/revisions"}],"predecessor-version":[{"id":1336195,"href":"https:\/\/laboklin.de\/de-at\/wp-json\/wp\/v2\/pages\/1336192\/revisions\/1336195"}],"wp:attachment":[{"href":"https:\/\/laboklin.de\/de-at\/wp-json\/wp\/v2\/media?parent=1336192"}],"curies":[{"name":"wp","href":"https:\/\/api.w.org\/{rel}","templated":true}]}}