{"id":1336178,"date":"2020-10-16T11:36:26","date_gmt":"2020-10-16T09:36:26","guid":{"rendered":"https:\/\/laboklin.de\/leistungen\/profile\/profile-screenings-kleintiere\/klinisch-chemische-profile-screenings-kleintiere\/rationsberechnung\/"},"modified":"2025-01-27T09:31:37","modified_gmt":"2025-01-27T08:31:37","slug":"rationsberechnung","status":"publish","type":"page","link":"https:\/\/laboklin.de\/de-at\/leistungen\/profile\/profile-screenings-kleintiere\/klinisch-chemische-profile-screenings-kleintiere\/rationsberechnung\/","title":{"rendered":"Rationsberechnung"},"content":{"rendered":"<h3 class=\"csc-firstHeader\">Rations\u00fcberpr\u00fcfung & Rationsberechnung<\/h3><p><span>LABOKLIN Leistungs-ID: 1222<\/span><\/p><table class=\"tx-laboklinleistung-table contenttable contenttable-2\" style=\"margin-top: 35px;\"><tr><td class=\"td-0\"><strong>Dauer<\/strong><\/td><td class=\"td-1\"><p class=\"bodytext\">7 Tage<\/p><\/td><\/tr><tr><td class=\"td-0\"><strong>Anmerkung<\/strong><\/td><td class=\"td-1\"><p class=\"bodytext\">Berechnung eines individuellen Ern\u00e4hrungsplans. <br>Bitte nehmen Sie Kontakt mit uns auf. <\/p><\/td><\/tr><\/table>\n","protected":false},"excerpt":{"rendered":"<p>Rations\u00fcberpr\u00fcfung &#038; RationsberechnungLABOKLIN Leistungs-ID: 1222Dauer7 TageAnmerkungBerechnung eines individuellen Ern\u00e4hrungsplans. Bitte nehmen Sie Kontakt mit uns auf.<\/p>\n","protected":false},"author":1,"featured_media":0,"parent":1332818,"menu_order":33,"comment_status":"closed","ping_status":"closed","template":"","meta":{"_seopress_robots_primary_cat":"","_seopress_titles_title":"","_seopress_titles_desc":"","_seopress_robots_index":"","footnotes":""},"class_list":["post-1336178","page","type-page","status-publish","hentry","description-off"],"_links":{"self":[{"href":"https:\/\/laboklin.de\/de-at\/wp-json\/wp\/v2\/pages\/1336178","targetHints":{"allow":["GET"]}}],"collection":[{"href":"https:\/\/laboklin.de\/de-at\/wp-json\/wp\/v2\/pages"}],"about":[{"href":"https:\/\/laboklin.de\/de-at\/wp-json\/wp\/v2\/types\/page"}],"author":[{"embeddable":true,"href":"https:\/\/laboklin.de\/de-at\/wp-json\/wp\/v2\/users\/1"}],"replies":[{"embeddable":true,"href":"https:\/\/laboklin.de\/de-at\/wp-json\/wp\/v2\/comments?post=1336178"}],"version-history":[{"count":1,"href":"https:\/\/laboklin.de\/de-at\/wp-json\/wp\/v2\/pages\/1336178\/revisions"}],"predecessor-version":[{"id":1503377,"href":"https:\/\/laboklin.de\/de-at\/wp-json\/wp\/v2\/pages\/1336178\/revisions\/1503377"}],"up":[{"embeddable":true,"href":"https:\/\/laboklin.de\/de-at\/wp-json\/wp\/v2\/pages\/1332818"}],"wp:attachment":[{"href":"https:\/\/laboklin.de\/de-at\/wp-json\/wp\/v2\/media?parent=1336178"}],"curies":[{"name":"wp","href":"https:\/\/api.w.org\/{rel}","templated":true}]}}