{"id":1336152,"date":"2020-10-16T11:36:27","date_gmt":"2020-10-16T09:36:27","guid":{"rendered":"https:\/\/laboklin.de\/leistungen\/genetik\/erbkrankheiten\/hund\/hereditaere-nasale-parakeratose-hnpk-2\/"},"modified":"2025-02-05T13:20:22","modified_gmt":"2025-02-05T12:20:22","slug":"hereditaere-nasale-parakeratose-hnpk-2","status":"publish","type":"page","link":"https:\/\/laboklin.de\/de-at\/leistungen\/genetik\/erbkrankheiten\/hund\/hereditaere-nasale-parakeratose-hnpk-2\/","title":{"rendered":"Heredit\u00e4re nasale Parakeratose (HNPK)"},"content":{"rendered":"<h3 class=\"csc-firstHeader\">Heredit\u00e4re nasale Parakeratose (HNPK)<\/h3><p><span>LABOKLIN Leistungs-ID: 8672<\/span><\/p><p class=\"bodytext\">Bei der nasalen Parakeratose handelt es sich um einen Gendefekt, der zu einer Austrocknung der Hundenase f\u00fchrt. Vor allem auf der oberen Seite (dorsaler Nasenspiegel) bildet sich eine trockene, borkige Hautschicht, die mit der Nase verbunden ist und sich nicht abl\u00f6sen l\u00e4sst. Es k\u00f6nnen sich Risse bilden, die sekund\u00e4re Infektionen durch Bakterien nach sich ziehen. Auch eine Aufhellung des dunklen Nasenspiegels kann beobachtet werden. <br \/>\nErste Symptome treten im Alter zwischen 6 Monaten und einem Jahr auf. Eine symptomatische Behandlung mit Vaseline, propylenglycol- oder salicyls\u00e4urehaltigen Produkten kann bei der Aufl\u00f6sung der trockenen Borken helfen. <br \/>\nDie genetische Ursache f\u00fcr die Erkrankung beim Labrador Retriever konnte von Forschern des Instituts f\u00fcr Genetik der Vetsuisse-Fakult\u00e4t an der Universit\u00e4t Bern (Arbeitsgruppe Prof. Dr. Tosso Leeb) aufgekl\u00e4rt werden. <br \/>\nDie genetische Ursache f\u00fcr HNPK beim Greyhound wurde von Prof. Dr\u00f6gem\u00fcller (Universit\u00e4t Bern) gefunden. <\/p><table class=\"tx-laboklinleistung-table contenttable contenttable-2\" style=\"margin-top: 35px;\"><tr><td class=\"td-0\"><strong>Methode<\/strong><\/td><td class=\"td-1\"><p class=\"bodytext\">Sequenzierung<\/p><\/td><\/tr><tr><td class=\"td-0\"><strong>Rasse<\/strong><\/td><td class=\"td-1\"><p class=\"bodytext\">Greyhound<\/p><\/td><\/tr><tr><td class=\"td-0\"><strong>Erbgang<\/strong><\/td><td class=\"td-1\"><p class=\"bodytext\">autosomal-rezessiv<\/p><\/td><\/tr><tr><td class=\"td-0\"><strong>Dauer<\/strong><\/td><td class=\"td-1\"><p class=\"bodytext\">1 - 2 Wochen nach Erhalt der Probe<\/p><\/td><\/tr><\/table>\n","protected":false},"excerpt":{"rendered":"<p>Heredit\u00e4re nasale Parakeratose (HNPK)LABOKLIN Leistungs-ID: 8672Bei der nasalen Parakeratose handelt es sich um einen Gendefekt, der zu einer Austrocknung der Hundenase f\u00fchrt. Vor allem auf der oberen Seite (dorsaler Nasenspiegel) bildet sich eine trockene, borkige Hautschicht, die mit der Nase verbunden ist und sich nicht abl\u00f6sen l\u00e4sst. Es k\u00f6nnen sich Risse bilden, die sekund\u00e4re Infektionen&hellip;<\/p>\n","protected":false},"author":1,"featured_media":0,"parent":1332701,"menu_order":31,"comment_status":"closed","ping_status":"closed","template":"","meta":{"_seopress_robots_primary_cat":"","_seopress_titles_title":"","_seopress_titles_desc":"","_seopress_robots_index":"","footnotes":""},"class_list":["post-1336152","page","type-page","status-publish","hentry","description-off"],"_links":{"self":[{"href":"https:\/\/laboklin.de\/de-at\/wp-json\/wp\/v2\/pages\/1336152","targetHints":{"allow":["GET"]}}],"collection":[{"href":"https:\/\/laboklin.de\/de-at\/wp-json\/wp\/v2\/pages"}],"about":[{"href":"https:\/\/laboklin.de\/de-at\/wp-json\/wp\/v2\/types\/page"}],"author":[{"embeddable":true,"href":"https:\/\/laboklin.de\/de-at\/wp-json\/wp\/v2\/users\/1"}],"replies":[{"embeddable":true,"href":"https:\/\/laboklin.de\/de-at\/wp-json\/wp\/v2\/comments?post=1336152"}],"version-history":[{"count":1,"href":"https:\/\/laboklin.de\/de-at\/wp-json\/wp\/v2\/pages\/1336152\/revisions"}],"predecessor-version":[{"id":1507048,"href":"https:\/\/laboklin.de\/de-at\/wp-json\/wp\/v2\/pages\/1336152\/revisions\/1507048"}],"up":[{"embeddable":true,"href":"https:\/\/laboklin.de\/de-at\/wp-json\/wp\/v2\/pages\/1332701"}],"wp:attachment":[{"href":"https:\/\/laboklin.de\/de-at\/wp-json\/wp\/v2\/media?parent=1336152"}],"curies":[{"name":"wp","href":"https:\/\/api.w.org\/{rel}","templated":true}]}}