{"id":1336115,"date":"2020-10-16T11:36:27","date_gmt":"2020-10-16T09:36:27","guid":{"rendered":"https:\/\/laboklin.de\/leistungen\/genetik\/erbkrankheiten\/katze\/primaeres-erbliches-glaukom-pcg\/"},"modified":"2025-02-25T12:24:25","modified_gmt":"2025-02-25T11:24:25","slug":"primaeres-erbliches-glaukom-pcg","status":"publish","type":"page","link":"https:\/\/laboklin.de\/de-at\/leistungen\/genetik\/erbkrankheiten\/katze\/primaeres-erbliches-glaukom-pcg\/","title":{"rendered":"Prim\u00e4res erbliches Glaukom (PCG)"},"content":{"rendered":"<h3 class=\"csc-firstHeader\">Prim\u00e4res erbliches Glaukom (PCG)<\/h3><p><span>LABOKLIN Leistungs-ID: 8395<\/span><\/p><p class=\"bodytext\">Grunds\u00e4tzlich werden zwei Arten von Gr\u00fcnem Star unterschieden: das Prim\u00e4r- und das Sekund\u00e4rglaukom. Katzen mit einem prim\u00e4ren Glaukom haben oftmals angeborene Fehlbildungen im Auge, die einen erh\u00f6hten Augeninnendruck verursachen. Dadurch werden die retinalen Ganglienzellen und der Sehnerv gesch\u00e4digt, was bereits im Laufe der ersten Lebensmonate zur Erblindung f\u00fchrt. F\u00fcr ein Sekund\u00e4rglaukom k\u00f6nnen verschiedene Augenerkrankungen oder -infektionen die Ursache sein. Bei der Siam wurde eine Mutation im LTBP2 Gen nachgewiesen, die als urs\u00e4chlich f\u00fcr das prim\u00e4re erbliche Glaukom gilt.<\/p><table class=\"tx-laboklinleistung-table contenttable contenttable-2\" style=\"margin-top: 35px;\"><tr><td class=\"td-0\"><strong>Methode<\/strong><\/td><td class=\"td-1\"><p class=\"bodytext\">Sequenzierung<\/p><\/td><\/tr><tr><td class=\"td-0\"><strong>Rasse<\/strong><\/td><td class=\"td-1\"><p class=\"bodytext\">Siam<\/p><\/td><\/tr><tr><td class=\"td-0\"><strong>Erbgang<\/strong><\/td><td class=\"td-1\"><p class=\"bodytext\">autosomal-rezessiv<\/p><\/td><\/tr><tr><td class=\"td-0\"><strong>Dauer<\/strong><\/td><td class=\"td-1\"><p class=\"bodytext\">1 - 2 Wochen nach Erhalt der Probe<\/p><\/td><\/tr><\/table>\n","protected":false},"excerpt":{"rendered":"<p>Prim\u00e4res erbliches Glaukom (PCG)LABOKLIN Leistungs-ID: 8395Grunds\u00e4tzlich werden zwei Arten von Gr\u00fcnem Star unterschieden: das Prim\u00e4r- und das Sekund\u00e4rglaukom. Katzen mit einem prim\u00e4ren Glaukom haben oftmals angeborene Fehlbildungen im Auge, die einen erh\u00f6hten Augeninnendruck verursachen. Dadurch werden die retinalen Ganglienzellen und der Sehnerv gesch\u00e4digt, was bereits im Laufe der ersten Lebensmonate zur Erblindung f\u00fchrt. F\u00fcr ein&hellip;<\/p>\n","protected":false},"author":1,"featured_media":0,"parent":1332703,"menu_order":28,"comment_status":"closed","ping_status":"closed","template":"","meta":{"_seopress_robots_primary_cat":"","_seopress_titles_title":"","_seopress_titles_desc":"","_seopress_robots_index":"","footnotes":""},"class_list":["post-1336115","page","type-page","status-publish","hentry","description-off"],"_links":{"self":[{"href":"https:\/\/laboklin.de\/de-at\/wp-json\/wp\/v2\/pages\/1336115","targetHints":{"allow":["GET"]}}],"collection":[{"href":"https:\/\/laboklin.de\/de-at\/wp-json\/wp\/v2\/pages"}],"about":[{"href":"https:\/\/laboklin.de\/de-at\/wp-json\/wp\/v2\/types\/page"}],"author":[{"embeddable":true,"href":"https:\/\/laboklin.de\/de-at\/wp-json\/wp\/v2\/users\/1"}],"replies":[{"embeddable":true,"href":"https:\/\/laboklin.de\/de-at\/wp-json\/wp\/v2\/comments?post=1336115"}],"version-history":[{"count":1,"href":"https:\/\/laboklin.de\/de-at\/wp-json\/wp\/v2\/pages\/1336115\/revisions"}],"predecessor-version":[{"id":1510700,"href":"https:\/\/laboklin.de\/de-at\/wp-json\/wp\/v2\/pages\/1336115\/revisions\/1510700"}],"up":[{"embeddable":true,"href":"https:\/\/laboklin.de\/de-at\/wp-json\/wp\/v2\/pages\/1332703"}],"wp:attachment":[{"href":"https:\/\/laboklin.de\/de-at\/wp-json\/wp\/v2\/media?parent=1336115"}],"curies":[{"name":"wp","href":"https:\/\/api.w.org\/{rel}","templated":true}]}}