{"id":1336094,"date":"2020-10-16T11:36:27","date_gmt":"2020-10-16T09:36:27","guid":{"rendered":"https:\/\/laboklin.de\/leistungen\/haematologie-klin-chemie-endokrinologie\/endokrinologie-tumormarker\/pro-bnp-b-type-natriuretic-peptide\/"},"modified":"2025-01-29T10:29:05","modified_gmt":"2025-01-29T09:29:05","slug":"pro-bnp-b-type-natriuretic-peptide","status":"publish","type":"page","link":"https:\/\/laboklin.de\/de-at\/leistungen\/haematologie-klin-chemie-endokrinologie\/endokrinologie-tumormarker\/pro-bnp-b-type-natriuretic-peptide\/","title":{"rendered":"pro-BNP (B-Type Natriuretic Peptide)"},"content":{"rendered":"<h3 class=\"csc-firstHeader\">NT-pro-BNP (B-Type Natriuretic Peptide)<\/h3><p><span>LABOKLIN Leistungs-ID: 1520<\/span><\/p><p class=\"bodytext\"><br>BNP (B-Typ-natriuretisches Peptid) ist ein Hormon, das von den Kardiomyozyten der Ventrikel gebildet und bei Volumen- und Druckbelastung des Myokards ins Blut freigesetzt wird und hormonell auf Kreislauf und Fl\u00fcssigkeitshaushalt wirkt. Es steigert die renale Natrium- und Wasserausscheidung, senkt den intrakardialen Druck und wirkt vasodilatatorisch.<\/p><table class=\"tx-laboklinleistung-table contenttable contenttable-2\" style=\"margin-top: 35px;\"><tr><td class=\"td-0\"><strong>Material<\/strong><\/td><td class=\"td-1\"><p class=\"bodytext\">EDTA-Plasma 0,5 ml (sofort abzentrifugiert, abpipettiert)<br><ul><li>Bitte Hinweis - l\u00e4nderspezifisch - auf dem Untersuchungsauftrag zur <strong>Temperatur<\/strong> bei Aufbewahrung\/Transport beachten!<\/li><\/ul><\/p><\/td><\/tr><tr><td class=\"td-0\"><strong>Methode<\/strong><\/td><td class=\"td-1\"><p class=\"bodytext\">Enzym Linked Immunosorbent Assay (ELISA)<\/p><\/td><\/tr><tr><td class=\"td-0\"><strong>Tierart(en)<\/strong><\/td><td class=\"td-1\"><p class=\"bodytext\">Hund, Katze<\/p><\/td><\/tr><tr><td class=\"td-0\"><strong>Dauer<\/strong><\/td><td class=\"td-1\"><p class=\"bodytext\">Testh\u00e4ufigkeit 2-mal w\u00f6chentlich<\/p><\/td><\/tr><tr><td class=\"td-0\"><strong>Anmerkung<\/strong><\/td><td class=\"td-1\"><p class=\"bodytext\">Die BNP-Konzentration wird vorrangig zur Fr\u00fchdiagnostik dilatativer Kardiomyopathien bestimmt und ist als Screeningtest f\u00fcr \u00e4ltere Patienten bzw. f\u00fcr pr\u00e4disponierte Rassen (z. B. Dobermann) geeignet.<\/p><\/td><\/tr><\/table>\n","protected":false},"excerpt":{"rendered":"<p>NT-pro-BNP (B-Type Natriuretic Peptide)LABOKLIN Leistungs-ID: 1520BNP (B-Typ-natriuretisches Peptid) ist ein Hormon, das von den Kardiomyozyten der Ventrikel gebildet und bei Volumen- und Druckbelastung des Myokards ins Blut freigesetzt wird und hormonell auf Kreislauf und Fl\u00fcssigkeitshaushalt wirkt. Es steigert die renale Natrium- und Wasserausscheidung, senkt den intrakardialen Druck und wirkt vasodilatatorisch.MaterialEDTA-Plasma 0,5 ml (sofort abzentrifugiert, abpipettiert)Bitte&hellip;<\/p>\n","protected":false},"author":1,"featured_media":0,"parent":1332763,"menu_order":27,"comment_status":"closed","ping_status":"closed","template":"","meta":{"_seopress_robots_primary_cat":"","_seopress_titles_title":"","_seopress_titles_desc":"","_seopress_robots_index":"","footnotes":""},"class_list":["post-1336094","page","type-page","status-publish","hentry","description-off"],"_links":{"self":[{"href":"https:\/\/laboklin.de\/de-at\/wp-json\/wp\/v2\/pages\/1336094","targetHints":{"allow":["GET"]}}],"collection":[{"href":"https:\/\/laboklin.de\/de-at\/wp-json\/wp\/v2\/pages"}],"about":[{"href":"https:\/\/laboklin.de\/de-at\/wp-json\/wp\/v2\/types\/page"}],"author":[{"embeddable":true,"href":"https:\/\/laboklin.de\/de-at\/wp-json\/wp\/v2\/users\/1"}],"replies":[{"embeddable":true,"href":"https:\/\/laboklin.de\/de-at\/wp-json\/wp\/v2\/comments?post=1336094"}],"version-history":[{"count":1,"href":"https:\/\/laboklin.de\/de-at\/wp-json\/wp\/v2\/pages\/1336094\/revisions"}],"predecessor-version":[{"id":1504543,"href":"https:\/\/laboklin.de\/de-at\/wp-json\/wp\/v2\/pages\/1336094\/revisions\/1504543"}],"up":[{"embeddable":true,"href":"https:\/\/laboklin.de\/de-at\/wp-json\/wp\/v2\/pages\/1332763"}],"wp:attachment":[{"href":"https:\/\/laboklin.de\/de-at\/wp-json\/wp\/v2\/media?parent=1336094"}],"curies":[{"name":"wp","href":"https:\/\/api.w.org\/{rel}","templated":true}]}}