{"id":1336080,"date":"2020-10-16T11:36:27","date_gmt":"2020-10-16T09:36:27","guid":{"rendered":"https:\/\/laboklin.de\/leistungen\/haematologie-klin-chemie-endokrinologie\/endokrinologie-tumormarker\/pmsg-pregnant-mare-serum-gonodotropin\/"},"modified":"2026-02-11T12:57:30","modified_gmt":"2026-02-11T11:57:30","slug":"pmsg-pregnant-mare-serum-gonadotropin","status":"publish","type":"page","link":"https:\/\/laboklin.de\/de-at\/leistungen\/haematologie-klin-chemie-endokrinologie\/endokrinologie-tumormarker\/pmsg-pregnant-mare-serum-gonadotropin\/","title":{"rendered":"PMSG (Pregnant Mare Serum Gonodatropin) \/ ECG (Equines Chorion-Gonadotropin)"},"content":{"rendered":"<div class=\"wpb-content-wrapper\"><p>[vc_row][vc_column][vc_column_text css=&#8220;&#8220;]<h3 class=\"csc-firstHeader\">PMSG (Pregnant Mare Serum Gonodatropin) \/ ECG (Equines Chorion-Gonadotropin)<\/h3><p><span>LABOKLIN Leistungs-ID: 124<\/span><\/p><p class=\"bodytext\"><br>Zum Nachweis einer Tr\u00e4chtigkeit bei Pferd und Esel zwischen dem 45. und dem 100. Tag. <\/p><table class=\"tx-laboklinleistung-table contenttable contenttable-2\" style=\"margin-top: 35px;\"><tr><td class=\"td-0\"><strong>Material<\/strong><\/td><td class=\"td-1\"><p class=\"bodytext\">Serum oder Heparin-Plasma 0,5 ml<\/p><\/td><\/tr><tr><td class=\"td-0\"><strong>Methode<\/strong><\/td><td class=\"td-1\"><p class=\"bodytext\">Enzym Linked Immunosorbent Assay (ELISA)<\/p><\/td><\/tr><tr><td class=\"td-0\"><strong>Tierart(en)<\/strong><\/td><td class=\"td-1\"><p class=\"bodytext\">Pferd, Esel*<\/p><\/td><\/tr><tr><td class=\"td-0\"><strong>Dauer<\/strong><\/td><td class=\"td-1\"><p class=\"bodytext\">Pferd 1-3 Arbeitstage bzw. Esel 5-8 Arbeitstage<\/p><\/td><\/tr><tr><td class=\"td-0\"><strong>Anmerkung<\/strong><\/td><td class=\"td-1\"><p class=\"bodytext\"><ul><li>PMSG bleibt auch nach Resorption bzw. Abort \u00fcber l\u00e4ngere Zeit nachweisbar, obwohl keine lebende Frucht mehr vorhanden ist.<\/li><li>Eine intakte Tr\u00e4chtigkeit sollte daher nach dem 110. Tag unbedingt mittels einer \u00d6stronsulfatbestimmung best\u00e4tigt werden.<\/li><\/ul><\/p><\/td><\/tr><\/table><\/p>\n<p>&nbsp;<\/p>\n<p>* Partnerlabor[\/vc_column_text][\/vc_column][\/vc_row]<\/p>\n<\/div>","protected":false},"excerpt":{"rendered":"<p>[vc_row][vc_column][vc_column_text css=&#8220;&#8220;] &nbsp; * Partnerlabor[\/vc_column_text][\/vc_column][\/vc_row]<\/p>\n","protected":false},"author":1,"featured_media":0,"parent":1332763,"menu_order":26,"comment_status":"closed","ping_status":"closed","template":"","meta":{"_seopress_robots_primary_cat":"","_seopress_titles_title":"","_seopress_titles_desc":"","_seopress_robots_index":"","footnotes":""},"class_list":["post-1336080","page","type-page","status-publish","hentry","description-off"],"_links":{"self":[{"href":"https:\/\/laboklin.de\/de-at\/wp-json\/wp\/v2\/pages\/1336080","targetHints":{"allow":["GET"]}}],"collection":[{"href":"https:\/\/laboklin.de\/de-at\/wp-json\/wp\/v2\/pages"}],"about":[{"href":"https:\/\/laboklin.de\/de-at\/wp-json\/wp\/v2\/types\/page"}],"author":[{"embeddable":true,"href":"https:\/\/laboklin.de\/de-at\/wp-json\/wp\/v2\/users\/1"}],"replies":[{"embeddable":true,"href":"https:\/\/laboklin.de\/de-at\/wp-json\/wp\/v2\/comments?post=1336080"}],"version-history":[{"count":4,"href":"https:\/\/laboklin.de\/de-at\/wp-json\/wp\/v2\/pages\/1336080\/revisions"}],"predecessor-version":[{"id":1588569,"href":"https:\/\/laboklin.de\/de-at\/wp-json\/wp\/v2\/pages\/1336080\/revisions\/1588569"}],"up":[{"embeddable":true,"href":"https:\/\/laboklin.de\/de-at\/wp-json\/wp\/v2\/pages\/1332763"}],"wp:attachment":[{"href":"https:\/\/laboklin.de\/de-at\/wp-json\/wp\/v2\/media?parent=1336080"}],"curies":[{"name":"wp","href":"https:\/\/api.w.org\/{rel}","templated":true}]}}