{"id":1336072,"date":"2020-10-16T11:36:26","date_gmt":"2020-10-16T09:36:26","guid":{"rendered":"https:\/\/laboklin.de\/leistungen\/profile\/profile-screenings-kleintiere\/klinisch-chemische-profile-screenings-kleintiere\/anaemie-screening-hund\/"},"modified":"2025-11-20T17:05:26","modified_gmt":"2025-11-20T16:05:26","slug":"anaemie-screening-hund","status":"publish","type":"page","link":"https:\/\/laboklin.de\/de-at\/leistungen\/profile\/profile-screenings-kleintiere\/klinisch-chemische-profile-screenings-kleintiere\/anaemie-screening-hund\/","title":{"rendered":"An\u00e4mie-Screening (Hund)"},"content":{"rendered":"<h3 class=\"csc-firstHeader\">An\u00e4mie-Screening (Hund)<\/h3><p><span>LABOKLIN Leistungs-ID: 8030<\/span><\/p><table class=\"tx-laboklinleistung-table contenttable contenttable-2\" style=\"margin-top: 35px;\"><tr><td class=\"td-0\"><strong>Material<\/strong><\/td><td class=\"td-1\"><p class=\"bodytext\">Serum 1 ml + EDTA-Blut 1 ml + Blutausstrich<\/p><\/td><\/tr><tr><td class=\"td-0\"><strong>Parameter<\/strong><\/td><td class=\"td-1\"><p class=\"bodytext\">gro\u00dfes Blutbild, Eisen, Protein, Albumin, Globuline, Albumin-Globulin-Quotient, Bilirubin gesamt, Coombs Test <br>+ PCR: Anaplasma phagocytophilum, Babesien (inkl. Spezies-Diff.), h\u00e4motrope Mykoplasmen (inkl. Spezies-Diff.)<\/p><\/td><\/tr><\/table>\n","protected":false},"excerpt":{"rendered":"<p>An\u00e4mie-Screening f\u00fcr Hunde: Gro\u00dfes Blutbild, Eisen, Proteine, Coombs-Test &#038; PCR auf Anaplasma, Babesien, Mykoplasmen.<\/p>\n","protected":false},"author":1,"featured_media":0,"parent":1332818,"menu_order":25,"comment_status":"closed","ping_status":"closed","template":"","meta":{"_seopress_robots_primary_cat":"","_seopress_titles_title":"An\u00e4mie-Screening Hund \u2013 Gesundheitscheck leicht gemacht","_seopress_titles_desc":"Entdecken Sie das An\u00e4mie-Screening f\u00fcr Hunde bei LABOKLIN \u2013 pr\u00e4zise Diagnose und zuverl\u00e4ssige Laborergebnisse f\u00fcr eine optimale Tiergesundheit.","_seopress_robots_index":"","footnotes":""},"class_list":["post-1336072","page","type-page","status-publish","hentry","description-off"],"_links":{"self":[{"href":"https:\/\/laboklin.de\/de-at\/wp-json\/wp\/v2\/pages\/1336072","targetHints":{"allow":["GET"]}}],"collection":[{"href":"https:\/\/laboklin.de\/de-at\/wp-json\/wp\/v2\/pages"}],"about":[{"href":"https:\/\/laboklin.de\/de-at\/wp-json\/wp\/v2\/types\/page"}],"author":[{"embeddable":true,"href":"https:\/\/laboklin.de\/de-at\/wp-json\/wp\/v2\/users\/1"}],"replies":[{"embeddable":true,"href":"https:\/\/laboklin.de\/de-at\/wp-json\/wp\/v2\/comments?post=1336072"}],"version-history":[{"count":2,"href":"https:\/\/laboklin.de\/de-at\/wp-json\/wp\/v2\/pages\/1336072\/revisions"}],"predecessor-version":[{"id":1573956,"href":"https:\/\/laboklin.de\/de-at\/wp-json\/wp\/v2\/pages\/1336072\/revisions\/1573956"}],"up":[{"embeddable":true,"href":"https:\/\/laboklin.de\/de-at\/wp-json\/wp\/v2\/pages\/1332818"}],"wp:attachment":[{"href":"https:\/\/laboklin.de\/de-at\/wp-json\/wp\/v2\/media?parent=1336072"}],"curies":[{"name":"wp","href":"https:\/\/api.w.org\/{rel}","templated":true}]}}