{"id":1336048,"date":"2020-10-16T11:36:27","date_gmt":"2020-10-16T09:36:27","guid":{"rendered":"https:\/\/laboklin.de\/leistungen\/genetik\/erbkrankheiten\/hund\/haemorrhagische-diathese-scott-syndrom\/"},"modified":"2025-11-10T18:11:10","modified_gmt":"2025-11-10T17:11:10","slug":"haemorrhagische-diathese-scott-syndrom","status":"publish","type":"page","link":"https:\/\/laboklin.de\/de-at\/leistungen\/genetik\/erbkrankheiten\/hund\/haemorrhagische-diathese-scott-syndrom\/","title":{"rendered":"H\u00e4morrhagische Diathese (Scott-Syndrom)"},"content":{"rendered":"<h3 class=\"csc-firstHeader\">H\u00e4morrhagische Diathese (Scott-Syndrom)<\/h3><p><span>LABOKLIN Leistungs-ID: 8319<\/span><\/p><p class=\"bodytext\">Das Scott-Syndrom ist eine seltene, autosomal-rezessiv vererbte h\u00e4morrhagische Diathese bei Deutschen Sch\u00e4ferhunden. Diese Blutungsneigung erkl\u00e4rt sich durch eine gest\u00f6rte Gerinnungsaktivit\u00e4t, erkennbar an aktivierten Thrombozyten, die nicht in der Lage sind, anionische Phospholipide, speziell Phosphatidylserin, zu pr\u00e4sentieren und Proagulans-Mikropartikel auszusch\u00fctten. Die Pr\u00e4sentation von Aminophospholipiden (haupts\u00e4chlich Phosphatidylserin) an der Oberfl\u00e4che aktivierter Thrombozyten ist essenziell f\u00fcr die Bildung der in der Blutgerinnung wirksamen Enzymkomplexe. Andere Gerinnungsparameter, mit Ausnahme eines verminderten Prothrombin-Verbrauchs w\u00e4hrend der Gerinnung von Vollblut, sind unver\u00e4ndert.<\/p><table class=\"tx-laboklinleistung-table contenttable contenttable-2\" style=\"margin-top: 35px;\"><tr><td class=\"td-0\"><strong>Methode<\/strong><\/td><td class=\"td-1\"><p class=\"bodytext\">Sequenzierung<\/p><\/td><\/tr><tr><td class=\"td-0\"><strong>Rasse<\/strong><\/td><td class=\"td-1\"><p class=\"bodytext\">Deutscher Sch\u00e4ferhund<\/p><\/td><\/tr><tr><td class=\"td-0\"><strong>Erbgang<\/strong><\/td><td class=\"td-1\"><p class=\"bodytext\">autosomal-rezessiv<\/p><\/td><\/tr><tr><td class=\"td-0\"><strong>Dauer<\/strong><\/td><td class=\"td-1\"><p class=\"bodytext\">1 - 2 Wochen nach Erhalt der Probe<\/p><\/td><\/tr><\/table>\n","protected":false},"excerpt":{"rendered":"<p>H\u00e4morrhagische Diathese (Scott-Syndrom)LABOKLIN Leistungs-ID: 8319Das Scott-Syndrom ist eine seltene, autosomal-rezessiv vererbte h\u00e4morrhagische Diathese bei Deutschen Sch\u00e4ferhunden. Diese Blutungsneigung erkl\u00e4rt sich durch eine gest\u00f6rte Gerinnungsaktivit\u00e4t, erkennbar an aktivierten Thrombozyten, die nicht in der Lage sind, anionische Phospholipide, speziell Phosphatidylserin, zu pr\u00e4sentieren und Proagulans-Mikropartikel auszusch\u00fctten. Die Pr\u00e4sentation von Aminophospholipiden (haupts\u00e4chlich Phosphatidylserin) an der Oberfl\u00e4che aktivierter Thrombozyten ist&hellip;<\/p>\n","protected":false},"author":1,"featured_media":0,"parent":1332701,"menu_order":24,"comment_status":"closed","ping_status":"closed","template":"","meta":{"_seopress_robots_primary_cat":"","_seopress_titles_title":"","_seopress_titles_desc":"","_seopress_robots_index":"","footnotes":""},"class_list":["post-1336048","page","type-page","status-publish","hentry","description-off"],"_links":{"self":[{"href":"https:\/\/laboklin.de\/de-at\/wp-json\/wp\/v2\/pages\/1336048","targetHints":{"allow":["GET"]}}],"collection":[{"href":"https:\/\/laboklin.de\/de-at\/wp-json\/wp\/v2\/pages"}],"about":[{"href":"https:\/\/laboklin.de\/de-at\/wp-json\/wp\/v2\/types\/page"}],"author":[{"embeddable":true,"href":"https:\/\/laboklin.de\/de-at\/wp-json\/wp\/v2\/users\/1"}],"replies":[{"embeddable":true,"href":"https:\/\/laboklin.de\/de-at\/wp-json\/wp\/v2\/comments?post=1336048"}],"version-history":[{"count":2,"href":"https:\/\/laboklin.de\/de-at\/wp-json\/wp\/v2\/pages\/1336048\/revisions"}],"predecessor-version":[{"id":1572646,"href":"https:\/\/laboklin.de\/de-at\/wp-json\/wp\/v2\/pages\/1336048\/revisions\/1572646"}],"up":[{"embeddable":true,"href":"https:\/\/laboklin.de\/de-at\/wp-json\/wp\/v2\/pages\/1332701"}],"wp:attachment":[{"href":"https:\/\/laboklin.de\/de-at\/wp-json\/wp\/v2\/media?parent=1336048"}],"curies":[{"name":"wp","href":"https:\/\/api.w.org\/{rel}","templated":true}]}}