{"id":1336046,"date":"2020-10-16T11:36:27","date_gmt":"2020-10-16T09:36:27","guid":{"rendered":"https:\/\/laboklin.de\/leistungen\/haematologie-klin-chemie-endokrinologie\/endokrinologie-tumormarker\/parathormon-pth\/"},"modified":"2025-01-29T10:26:03","modified_gmt":"2025-01-29T09:26:03","slug":"parathormon-pth","status":"publish","type":"page","link":"https:\/\/laboklin.de\/de-at\/leistungen\/haematologie-klin-chemie-endokrinologie\/endokrinologie-tumormarker\/parathormon-pth\/","title":{"rendered":"Parathormon (PTH)"},"content":{"rendered":"<h3 class=\"csc-firstHeader\">Parathormon (PTH)<\/h3><p><span>LABOKLIN Leistungs-ID: 114<\/span><\/p><p class=\"bodytext\"><br>Diagnostik bei Hyper- bzw. Hypocalc\u00e4mie zur Abkl\u00e4rung eines prim\u00e4ren Hyper- bzw. Hypoparathyreoidismus.<\/p><table class=\"tx-laboklinleistung-table contenttable contenttable-2\" style=\"margin-top: 35px;\"><tr><td class=\"td-0\"><strong>Material<\/strong><\/td><td class=\"td-1\"><p class=\"bodytext\">Serum oder EDTA-Plasma 1 ml (zeitnah nach Koagulation abzentrifugiert (Serum) bzw. sofort nach der Entnahme zentrifugiert (Plasma), abpipettiert)<br><ul><li>Bitte Hinweis \u2013 l\u00e4nderspezifisch \u2013 auf dem Untersuchungsauftrag zur <strong>Temperatur<\/strong> bei Aufbewahrung\/Transport beachten!<\/li><\/ul><\/p><\/td><\/tr><tr><td class=\"td-0\"><strong>Methode<\/strong><\/td><td class=\"td-1\"><p class=\"bodytext\">Chemoluminiszenzassay (CLIA)<\/p><\/td><\/tr><tr><td class=\"td-0\"><strong>Tierart(en)<\/strong><\/td><td class=\"td-1\"><p class=\"bodytext\">Hund, Katze, Pferd, weitere auf Anfrage<\/p><\/td><\/tr><tr><td class=\"td-0\"><strong>Dauer<\/strong><\/td><td class=\"td-1\"><p class=\"bodytext\">Befund\u00fcbermittlung am Tag des Probeneingangs (Mo.-Sa.)<\/p><\/td><\/tr><tr><td class=\"td-0\"><strong>Anmerkung<\/strong><\/td><td class=\"td-1\"><p class=\"bodytext\"><ul><li>Die Konzentration sollte im Zusammenhang mit Ca und\/oder ionisiertem Ca (+ evtl. Phosphat) beurteilt werden. Die Anforderung  dieser und weiterer relevanter Parameter ist f\u00fcr <strong>Hund<\/strong> und <strong>Katze<\/strong> \u00fcber das Hypercalc\u00e4mie-Profil m\u00f6glich (siehe Profile\/Screenings \u2013 Kleintiere)<\/li><li>Hyperparathyroidismus: Bei gleichzeitig vorliegender Hypercalc\u00e4mie gelten PTH-Konzentrationen im Referenzbereich bereits als inad\u00e4quat erh\u00f6ht. Ein sekund\u00e4r renaler Hyperparathyroidismus sollte ausgeschlossen werden.<\/li><li>Hypoparathyroidismus: Kennzeichnend sind niedrige PTH-Konzentrationen bei gleichzeitiger Hypocalc\u00e4mie.<\/li><\/ul><\/p><\/td><\/tr><\/table>\n","protected":false},"excerpt":{"rendered":"<p>Parathormon (PTH)LABOKLIN Leistungs-ID: 114Diagnostik bei Hyper- bzw. Hypocalc\u00e4mie zur Abkl\u00e4rung eines prim\u00e4ren Hyper- bzw. Hypoparathyreoidismus.MaterialSerum oder EDTA-Plasma 1 ml (zeitnah nach Koagulation abzentrifugiert (Serum) bzw. sofort nach der Entnahme zentrifugiert (Plasma), abpipettiert)Bitte Hinweis \u2013 l\u00e4nderspezifisch \u2013 auf dem Untersuchungsauftrag zur Temperatur bei Aufbewahrung\/Transport beachten!MethodeChemoluminiszenzassay (CLIA)Tierart(en)Hund, Katze, Pferd, weitere auf AnfrageDauerBefund\u00fcbermittlung am Tag des Probeneingangs (Mo.-Sa.)AnmerkungDie&hellip;<\/p>\n","protected":false},"author":1,"featured_media":0,"parent":1332763,"menu_order":24,"comment_status":"closed","ping_status":"closed","template":"","meta":{"_seopress_robots_primary_cat":"","_seopress_titles_title":"","_seopress_titles_desc":"","_seopress_robots_index":"","footnotes":""},"class_list":["post-1336046","page","type-page","status-publish","hentry","description-off"],"_links":{"self":[{"href":"https:\/\/laboklin.de\/de-at\/wp-json\/wp\/v2\/pages\/1336046","targetHints":{"allow":["GET"]}}],"collection":[{"href":"https:\/\/laboklin.de\/de-at\/wp-json\/wp\/v2\/pages"}],"about":[{"href":"https:\/\/laboklin.de\/de-at\/wp-json\/wp\/v2\/types\/page"}],"author":[{"embeddable":true,"href":"https:\/\/laboklin.de\/de-at\/wp-json\/wp\/v2\/users\/1"}],"replies":[{"embeddable":true,"href":"https:\/\/laboklin.de\/de-at\/wp-json\/wp\/v2\/comments?post=1336046"}],"version-history":[{"count":1,"href":"https:\/\/laboklin.de\/de-at\/wp-json\/wp\/v2\/pages\/1336046\/revisions"}],"predecessor-version":[{"id":1504537,"href":"https:\/\/laboklin.de\/de-at\/wp-json\/wp\/v2\/pages\/1336046\/revisions\/1504537"}],"up":[{"embeddable":true,"href":"https:\/\/laboklin.de\/de-at\/wp-json\/wp\/v2\/pages\/1332763"}],"wp:attachment":[{"href":"https:\/\/laboklin.de\/de-at\/wp-json\/wp\/v2\/media?parent=1336046"}],"curies":[{"name":"wp","href":"https:\/\/api.w.org\/{rel}","templated":true}]}}