{"id":1335976,"date":"2022-05-20T11:49:20","date_gmt":"2022-05-20T09:49:20","guid":{"rendered":"https:\/\/laboklin.de\/leistungen\/genetik\/erbkrankheiten\/katze\/mdr1-genvariante\/"},"modified":"2025-02-25T12:20:18","modified_gmt":"2025-02-25T11:20:18","slug":"mdr1-genvariante","status":"publish","type":"page","link":"https:\/\/laboklin.de\/de-at\/leistungen\/genetik\/erbkrankheiten\/katze\/mdr1-genvariante\/","title":{"rendered":"MDR1-Genvariante"},"content":{"rendered":"<h3 class=\"csc-firstHeader\">MDR1-Genvariante<\/h3><p><span>LABOKLIN Leistungs-ID: 8776<\/span><\/p><p class=\"bodytext\">Der MDR1-Gendefekt korreliert mit einer St\u00f6rung der Arzneimittelmetabolisierung und damit einer \u00dcberempfindlichkeit gegen\u00fcber verschiedenen Pharmazeutika wie Antiparasitika (z.B. Ivermectin), Antibiotika, Zytostatika oder auch Schmerz- und Narkosemitteln. Die Symptome nach Verabreichung dieser Arzneimittel sind vielf\u00e4ltig und umfassen unter anderem Schwierigkeiten beim Atmen, Bewegungsst\u00f6rungen, Lethargie und erweiterte Pupillen sowie lebensbedrohliche Kr\u00e4mpfe. Bei Chemotherapeutika kann der ver\u00e4nderte Metabolismus zu Magen-Darm-Intoxikationen und zu Knochenmarksdepression f\u00fchren. Der Erbgang ist autosomal-rezessiv, aber auch bei heterozygoten Tieren muss von einem eingeschr\u00e4nkten Transport der betroffenen Substanzen und einer eingeschr\u00e4nkten Verstoffwechselung der Wirkstoffe bzw. einer geringeren Vertr\u00e4glichkeit ausgegangen werden.<\/p><table class=\"tx-laboklinleistung-table contenttable contenttable-2\" style=\"margin-top: 35px;\"><tr><td class=\"td-0\"><strong>Methode<\/strong><\/td><td class=\"td-1\"><p class=\"bodytext\">TaqMan SNP Assay, ggf. Sequenzierung<\/p><\/td><\/tr><tr><td class=\"td-0\"><strong>Erbgang<\/strong><\/td><td class=\"td-1\"><p class=\"bodytext\">autosomal-rezessiv<\/p><\/td><\/tr><tr><td class=\"td-0\"><strong>Dauer<\/strong><\/td><td class=\"td-1\"><p class=\"bodytext\">3 - 5 Werktage nach Erhalt der Probe (bei Sequenzierung 1 - 2 Wochen)<\/p><\/td><\/tr><\/table>\n","protected":false},"excerpt":{"rendered":"<p>MDR1-GenvarianteLABOKLIN Leistungs-ID: 8776Der MDR1-Gendefekt korreliert mit einer St\u00f6rung der Arzneimittelmetabolisierung und damit einer \u00dcberempfindlichkeit gegen\u00fcber verschiedenen Pharmazeutika wie Antiparasitika (z.B. Ivermectin), Antibiotika, Zytostatika oder auch Schmerz- und Narkosemitteln. Die Symptome nach Verabreichung dieser Arzneimittel sind vielf\u00e4ltig und umfassen unter anderem Schwierigkeiten beim Atmen, Bewegungsst\u00f6rungen, Lethargie und erweiterte Pupillen sowie lebensbedrohliche Kr\u00e4mpfe. Bei Chemotherapeutika kann der&hellip;<\/p>\n","protected":false},"author":10,"featured_media":0,"parent":1332703,"menu_order":21,"comment_status":"closed","ping_status":"closed","template":"","meta":{"_seopress_robots_primary_cat":"","_seopress_titles_title":"","_seopress_titles_desc":"","_seopress_robots_index":"","footnotes":""},"class_list":["post-1335976","page","type-page","status-publish","hentry","description-off"],"_links":{"self":[{"href":"https:\/\/laboklin.de\/de-at\/wp-json\/wp\/v2\/pages\/1335976","targetHints":{"allow":["GET"]}}],"collection":[{"href":"https:\/\/laboklin.de\/de-at\/wp-json\/wp\/v2\/pages"}],"about":[{"href":"https:\/\/laboklin.de\/de-at\/wp-json\/wp\/v2\/types\/page"}],"author":[{"embeddable":true,"href":"https:\/\/laboklin.de\/de-at\/wp-json\/wp\/v2\/users\/10"}],"replies":[{"embeddable":true,"href":"https:\/\/laboklin.de\/de-at\/wp-json\/wp\/v2\/comments?post=1335976"}],"version-history":[{"count":1,"href":"https:\/\/laboklin.de\/de-at\/wp-json\/wp\/v2\/pages\/1335976\/revisions"}],"predecessor-version":[{"id":1335979,"href":"https:\/\/laboklin.de\/de-at\/wp-json\/wp\/v2\/pages\/1335976\/revisions\/1335979"}],"up":[{"embeddable":true,"href":"https:\/\/laboklin.de\/de-at\/wp-json\/wp\/v2\/pages\/1332703"}],"wp:attachment":[{"href":"https:\/\/laboklin.de\/de-at\/wp-json\/wp\/v2\/media?parent=1335976"}],"curies":[{"name":"wp","href":"https:\/\/api.w.org\/{rel}","templated":true}]}}